{"id":15661,"date":"2025-07-14T12:06:39","date_gmt":"2025-07-14T10:06:39","guid":{"rendered":"https:\/\/hamma-uwt.de\/produkt\/magneses-sepru\/"},"modified":"2025-07-14T12:06:39","modified_gmt":"2025-07-14T10:06:39","slug":"magneses-sepru","status":"publish","type":"product","link":"https:\/\/hamma-uwt.de\/hu\/produkt\/magneses-sepru\/","title":{"rendered":"M\u00e1gneses sepr\u0171"},"content":{"rendered":"<p>A nagy felszed\u00e9si kapacit\u00e1ssal \u00e9s 400 mm teljes sz\u00e9less\u00e9ggel rendelkez\u0151, er\u0151teljes sepr\u0151nek k\u00f6sz\u00f6nhet\u0151en a m\u00e1gneses sepr\u0151vel gyorsan, egyszer\u0171en \u00e9s megb\u00edzhat\u00f3an tiszt\u00edthatja meg a padl\u00f3fel\u00fcleteket \u00e9s a munkak\u00f6rnyezetet. A praktikus foganty\u00faval a m\u00e1gneses sepr\u0171t szil\u00e1rdan a kez\u00e9ben tarthatja, \u00e9s biztons\u00e1gosan vezetheti a forg\u00e1csokhoz \u00e9s vonhatja be azokat. A cs\u00faszka megh\u00faz\u00e1s\u00e1val a m\u00e1gnesess\u00e9g megsz\u0171nik, \u00e9s a vonzott forg\u00e1csok egyszer\u0171en leesnek.<br \/>\nA tiszta padl\u00f3fel\u00fclet n\u00f6veli a v\u00e1llalat min\u0151s\u00e9g\u00e9t \u00e9s biztons\u00e1g\u00e1t, valamint tiszt\u00e1n \u00e9s higi\u00e9nikusan tartja munkak\u00f6rnyezet\u00e9t.<br \/>\nA m\u00e1gneses sepr\u0171 seg\u00edt az apr\u00f3 m\u00e1gneses t\u00e1rgyak felszed\u00e9s\u00e9ben \u00e9s a m\u00e1gneses \u00e9s nem m\u00e1gneses ipari alkatr\u00e9szek sz\u00e9tv\u00e1laszt\u00e1s\u00e1ban is.  <\/p>\n<p>A m\u00e1gneses sepr\u0171 800 mm-r\u0151l 1120 mm-es teljes magass\u00e1gig meghosszabb\u00edthat\u00f3. Ez lehet\u0151v\u00e9 teszi, hogy a m\u00e1gneses sepr\u0171t az \u00d6n egy\u00e9ni ig\u00e9nyeihez igaz\u00edtsa. <\/p>\n","protected":false},"excerpt":{"rendered":"<p>teleszk\u00f3pos ny\u00e9llel, sepr\u0171sz\u00e9less\u00e9g 400 mm, teljes magass\u00e1g max. 1120 mm <\/p>\n","protected":false},"featured_media":3795,"comment_status":"closed","ping_status":"closed","template":"","meta":{"_acf_changed":false},"product_brand":[],"product_cat":[1384,789],"product_tag":[],"class_list":{"0":"post-15661","1":"product","2":"type-product","3":"status-publish","4":"has-post-thumbnail","6":"product_cat-chip-maxx-es-magneses-sepru","7":"product_cat-eros-segitok","9":"first","10":"instock","11":"purchasable","12":"product-type-simple"},"acf":[],"_links":{"self":[{"href":"https:\/\/hamma-uwt.de\/hu\/wp-json\/wp\/v2\/product\/15661","targetHints":{"allow":["GET"]}}],"collection":[{"href":"https:\/\/hamma-uwt.de\/hu\/wp-json\/wp\/v2\/product"}],"about":[{"href":"https:\/\/hamma-uwt.de\/hu\/wp-json\/wp\/v2\/types\/product"}],"replies":[{"embeddable":true,"href":"https:\/\/hamma-uwt.de\/hu\/wp-json\/wp\/v2\/comments?post=15661"}],"wp:featuredmedia":[{"embeddable":true,"href":"https:\/\/hamma-uwt.de\/hu\/wp-json\/wp\/v2\/media\/3795"}],"wp:attachment":[{"href":"https:\/\/hamma-uwt.de\/hu\/wp-json\/wp\/v2\/media?parent=15661"}],"wp:term":[{"taxonomy":"product_brand","embeddable":true,"href":"https:\/\/hamma-uwt.de\/hu\/wp-json\/wp\/v2\/product_brand?post=15661"},{"taxonomy":"product_cat","embeddable":true,"href":"https:\/\/hamma-uwt.de\/hu\/wp-json\/wp\/v2\/product_cat?post=15661"},{"taxonomy":"product_tag","embeddable":true,"href":"https:\/\/hamma-uwt.de\/hu\/wp-json\/wp\/v2\/product_tag?post=15661"}],"curies":[{"name":"wp","href":"https:\/\/api.w.org\/{rel}","templated":true}]}}