{"id":15916,"date":"2025-07-14T12:06:44","date_gmt":"2025-07-14T10:06:44","guid":{"rendered":"https:\/\/hamma-uwt.de\/produkt\/toeltopisztoly\/"},"modified":"2025-07-14T12:06:44","modified_gmt":"2025-07-14T10:06:44","slug":"toeltopisztoly","status":"publish","type":"product","link":"https:\/\/hamma-uwt.de\/hu\/produkt\/toeltopisztoly\/","title":{"rendered":"T\u00f6lt\u0151pisztoly"},"content":{"rendered":"<p>Misceo t\u00f6lt\u0151pisztoly automatikus kikapcsol\u00e1ssal<\/p>\n<ul>\n<li>Csatlakoz\u00f3menet a t\u00f6lt\u0151pisztolyon -&gt; 3\/4 &#8222;i (bels\u0151 menet)<\/li>\n<li>Csatlakoz\u00f3 menete a t\u00f6ml\u0151n -&gt; 1\/2 &#8222;i (bels\u0151 menet)<\/li>\n<\/ul>\n<p>El\u0151felt\u00e9tel: Intelligens nyom\u00e1sszab\u00e1lyoz\u00e1s<\/p>\n","protected":false},"excerpt":{"rendered":"<p>bele\u00e9rtve. 2 m t\u00f6ml\u0151, Misceo 3 tartoz\u00e9kok<\/p>\n","protected":false},"featured_media":3854,"comment_status":"closed","ping_status":"closed","template":"","meta":{"_acf_changed":false},"product_brand":[],"product_cat":[787],"product_tag":[],"class_list":{"0":"post-15916","1":"product","2":"type-product","3":"status-publish","4":"has-post-thumbnail","6":"product_cat-misceo-tartozekok","8":"first","9":"instock","10":"purchasable","11":"product-type-simple"},"acf":[],"_links":{"self":[{"href":"https:\/\/hamma-uwt.de\/hu\/wp-json\/wp\/v2\/product\/15916","targetHints":{"allow":["GET"]}}],"collection":[{"href":"https:\/\/hamma-uwt.de\/hu\/wp-json\/wp\/v2\/product"}],"about":[{"href":"https:\/\/hamma-uwt.de\/hu\/wp-json\/wp\/v2\/types\/product"}],"replies":[{"embeddable":true,"href":"https:\/\/hamma-uwt.de\/hu\/wp-json\/wp\/v2\/comments?post=15916"}],"wp:featuredmedia":[{"embeddable":true,"href":"https:\/\/hamma-uwt.de\/hu\/wp-json\/wp\/v2\/media\/3854"}],"wp:attachment":[{"href":"https:\/\/hamma-uwt.de\/hu\/wp-json\/wp\/v2\/media?parent=15916"}],"wp:term":[{"taxonomy":"product_brand","embeddable":true,"href":"https:\/\/hamma-uwt.de\/hu\/wp-json\/wp\/v2\/product_brand?post=15916"},{"taxonomy":"product_cat","embeddable":true,"href":"https:\/\/hamma-uwt.de\/hu\/wp-json\/wp\/v2\/product_cat?post=15916"},{"taxonomy":"product_tag","embeddable":true,"href":"https:\/\/hamma-uwt.de\/hu\/wp-json\/wp\/v2\/product_tag?post=15916"}],"curies":[{"name":"wp","href":"https:\/\/api.w.org\/{rel}","templated":true}]}}