{"id":16623,"date":"2025-07-14T11:22:31","date_gmt":"2025-07-14T09:22:31","guid":{"rendered":"https:\/\/hamma-uwt.de\/produkt\/csepegteto-talca\/"},"modified":"2025-07-14T11:22:31","modified_gmt":"2025-07-14T09:22:31","slug":"csepegteto-talca","status":"publish","type":"product","link":"https:\/\/hamma-uwt.de\/hu\/produkt\/csepegteto-talca\/","title":{"rendered":"Csepegtet\u0151 t\u00e1lca"},"content":{"rendered":"<p>(Alkalmas falra szerelhet\u0151 automatikus t\u00f6lt\u00e9shez)<\/p>\n","protected":false},"excerpt":{"rendered":"<p>Fekete m\u0171anyag, nagyon k\u00f6nny\u0171 kivitel<\/p>\n","protected":false},"featured_media":1792,"comment_status":"closed","ping_status":"closed","template":"","meta":{"_acf_changed":false},"product_brand":[],"product_cat":[808,787],"product_tag":[],"class_list":{"0":"post-16623","1":"product","2":"type-product","3":"status-publish","4":"has-post-thumbnail","6":"product_cat-fue-1-tartozekok","7":"product_cat-misceo-tartozekok","9":"first","10":"instock","11":"purchasable","12":"product-type-variable"},"acf":[],"_links":{"self":[{"href":"https:\/\/hamma-uwt.de\/hu\/wp-json\/wp\/v2\/product\/16623","targetHints":{"allow":["GET"]}}],"collection":[{"href":"https:\/\/hamma-uwt.de\/hu\/wp-json\/wp\/v2\/product"}],"about":[{"href":"https:\/\/hamma-uwt.de\/hu\/wp-json\/wp\/v2\/types\/product"}],"replies":[{"embeddable":true,"href":"https:\/\/hamma-uwt.de\/hu\/wp-json\/wp\/v2\/comments?post=16623"}],"wp:featuredmedia":[{"embeddable":true,"href":"https:\/\/hamma-uwt.de\/hu\/wp-json\/wp\/v2\/media\/1792"}],"wp:attachment":[{"href":"https:\/\/hamma-uwt.de\/hu\/wp-json\/wp\/v2\/media?parent=16623"}],"wp:term":[{"taxonomy":"product_brand","embeddable":true,"href":"https:\/\/hamma-uwt.de\/hu\/wp-json\/wp\/v2\/product_brand?post=16623"},{"taxonomy":"product_cat","embeddable":true,"href":"https:\/\/hamma-uwt.de\/hu\/wp-json\/wp\/v2\/product_cat?post=16623"},{"taxonomy":"product_tag","embeddable":true,"href":"https:\/\/hamma-uwt.de\/hu\/wp-json\/wp\/v2\/product_tag?post=16623"}],"curies":[{"name":"wp","href":"https:\/\/api.w.org\/{rel}","templated":true}]}}