{"id":17399,"date":"2025-07-14T12:06:39","date_gmt":"2025-07-14T10:06:39","guid":{"rendered":"https:\/\/hamma-uwt.de\/produkt\/clean-tower-150\/"},"modified":"2025-07-14T12:06:39","modified_gmt":"2025-07-14T10:06:39","slug":"clean-tower-150","status":"publish","type":"product","link":"https:\/\/hamma-uwt.de\/hu\/produkt\/clean-tower-150\/","title":{"rendered":"CLEAN-TOWER 150"},"content":{"rendered":"<p>A Clean-Tower 150 teljes k\u00f6r\u0171 gondoskod\u00e1st k\u00edn\u00e1l a h\u0171t\u0151 ken\u0151anyag\u00e1r\u00f3l. Az oldott leveg\u0151s flot\u00e1ci\u00f3 haszn\u00e1lata r\u00e9v\u00e9n az elhaszn\u00e1lt olajok, a lebeg\u0151 r\u00e9szecsk\u00e9k \u00e9s az oxig\u00e9nhi\u00e1ny a m\u00falt\u00e9. <\/p>\n<p>A mobil tiszt\u00edt\u00f3rendszer felsz\u00edvja a szennyezett h\u0171t\u0151 ken\u0151anyagot a fel\u00fcletr\u0151l, \u00e9s a reaktorkamr\u00e1ba juttatja. A CLEAN-TOWER a bevezetett leveg\u0151vel a felsz\u00ednre \u00fasztatja az idegen olajokat<br \/>\n\u00e9s a lebeg\u0151 r\u00e9szecsk\u00e9ket, a be\u00e9p\u00edtett szennyez\u0151d\u00e9start\u00e1lyba sz\u00e1ll\u00edtja \u0151ket, oxig\u00e9nnel d\u00fas\u00edtja a h\u0171t\u0151 ken\u0151anyagot, \u00e9s visszavezeti a termel\u0151g\u00e9pbe. A j\u00f6v\u0151ben \u00d6n \u00e1lland\u00f3an nagy teljes\u00edtm\u00e9ny\u0171 \u00e9s eg\u00e9szs\u00e9ges h\u0171t\u0151 ken\u0151anyaggal fog dolgozni, kompromisszumok n\u00e9lk\u00fcl!  <\/p>\n<p>&nbsp;<\/p>\n<p>Az \u00d6n el\u0151nyei:<\/p>\n<ul>\n<li>Cs\u00f6kkenti az \u00fczemeltet\u00e9si k\u00f6lts\u00e9geket<\/li>\n<li>A szersz\u00e1m, a g\u00e9p \u00e9s a h\u0171t\u0151 ken\u0151anyag \u00e9lettartam\u00e1nak meghosszabb\u00edt\u00e1sa<\/li>\n<li>jav\u00edtja a termel\u00e9s min\u0151s\u00e9g\u00e9t<\/li>\n<li>n\u00f6veli a gy\u00e1rt\u00e1si sebess\u00e9get<\/li>\n<li>Megakad\u00e1lyozza a kellemetlen szagokat<\/li>\n<li>Tiszta r\u00e1l\u00e1t\u00e1s a g\u00e9pre<\/li>\n<li>N\u00f6veli a higi\u00e9ni\u00e1t \u00e9s a munkav\u00e1llal\u00f3k el\u00e9gedetts\u00e9g\u00e9t<\/li>\n<\/ul>\n<p>&nbsp;<\/p>\n","protected":false},"excerpt":{"rendered":"<p>bele\u00e9rtve. Cs\u0151vezet\u00e9kek \/ cs\u00f6vek \u00e9s sz\u00edv\u00f3 \u00fasz\u00f3 AS 100<\/p>\n","protected":false},"featured_media":2049,"comment_status":"closed","ping_status":"closed","template":"","meta":{"_acf_changed":false},"product_brand":[],"product_cat":[2184],"product_tag":[],"class_list":{"0":"post-17399","1":"product","2":"type-product","3":"status-publish","4":"has-post-thumbnail","6":"product_cat-tiszta-torony","8":"first","9":"instock","10":"purchasable","11":"product-type-simple"},"acf":[],"_links":{"self":[{"href":"https:\/\/hamma-uwt.de\/hu\/wp-json\/wp\/v2\/product\/17399","targetHints":{"allow":["GET"]}}],"collection":[{"href":"https:\/\/hamma-uwt.de\/hu\/wp-json\/wp\/v2\/product"}],"about":[{"href":"https:\/\/hamma-uwt.de\/hu\/wp-json\/wp\/v2\/types\/product"}],"replies":[{"embeddable":true,"href":"https:\/\/hamma-uwt.de\/hu\/wp-json\/wp\/v2\/comments?post=17399"}],"wp:featuredmedia":[{"embeddable":true,"href":"https:\/\/hamma-uwt.de\/hu\/wp-json\/wp\/v2\/media\/2049"}],"wp:attachment":[{"href":"https:\/\/hamma-uwt.de\/hu\/wp-json\/wp\/v2\/media?parent=17399"}],"wp:term":[{"taxonomy":"product_brand","embeddable":true,"href":"https:\/\/hamma-uwt.de\/hu\/wp-json\/wp\/v2\/product_brand?post=17399"},{"taxonomy":"product_cat","embeddable":true,"href":"https:\/\/hamma-uwt.de\/hu\/wp-json\/wp\/v2\/product_cat?post=17399"},{"taxonomy":"product_tag","embeddable":true,"href":"https:\/\/hamma-uwt.de\/hu\/wp-json\/wp\/v2\/product_tag?post=17399"}],"curies":[{"name":"wp","href":"https:\/\/api.w.org\/{rel}","templated":true}]}}