{"id":17472,"date":"2025-07-14T12:06:39","date_gmt":"2025-07-14T10:06:39","guid":{"rendered":"https:\/\/hamma-uwt.de\/produkt\/rubi\/"},"modified":"2025-07-14T12:06:39","modified_gmt":"2025-07-14T10:06:39","slug":"rubi","status":"publish","type":"product","link":"https:\/\/hamma-uwt.de\/hu\/produkt\/rubi\/","title":{"rendered":"RUBI"},"content":{"rendered":"<p>A Rubi csepegtet\u0151 t\u00e1lca a cs\u00f6p\u00f6g\u0151 olajhoz egy robusztus csepegtet\u0151 t\u00e1lca 1,8 literes \u0171rtartalommal.<\/p>\n<p>A be\u00e9p\u00edtett t\u00falfoly\u00e1sv\u00e9delem megakad\u00e1lyozza a tart\u00e1ly t\u00falcsordul\u00e1s\u00e1t. Ha a Rubi nem \u00fcr\u00fcl ki, a felesleg a dekant\u00e1l\u00f3 funkci\u00f3 seg\u00edts\u00e9g\u00e9vel visszaker\u00fcl a g\u00e9pbe. A Rubi ki\u00fcr\u00edt\u00e9se az \u00f6tletes kialak\u00edt\u00e1snak k\u00f6sz\u00f6nhet\u0151en nagyon gyors \u00e9s egyszer\u0171. Gyorsan \u00e9s egyszer\u0171en - f\u00far\u00e1s \u00e9s csavarok n\u00e9lk\u00fcl - a g\u00e9phez r\u00f6gz\u00edthet\u0151.   <\/p>\n","protected":false},"excerpt":{"rendered":"<p>Gy\u0171jt\u0151ed\u00e9ny a csurgal\u00e9kolajhoz, t\u00falfoly\u00e1sv\u00e9delemmel, tartoz\u00e9k minden RAPID olajf\u00f6l\u00f6z\u0151h\u00f6z. <\/p>\n","protected":false},"featured_media":3430,"comment_status":"closed","ping_status":"closed","template":"","meta":{"_acf_changed":false},"product_brand":[],"product_cat":[2360],"product_tag":[],"class_list":{"0":"post-17472","1":"product","2":"type-product","3":"status-publish","4":"has-post-thumbnail","6":"product_cat-gyors-olajleereszto","8":"first","9":"instock","10":"purchasable","11":"product-type-simple"},"acf":[],"_links":{"self":[{"href":"https:\/\/hamma-uwt.de\/hu\/wp-json\/wp\/v2\/product\/17472","targetHints":{"allow":["GET"]}}],"collection":[{"href":"https:\/\/hamma-uwt.de\/hu\/wp-json\/wp\/v2\/product"}],"about":[{"href":"https:\/\/hamma-uwt.de\/hu\/wp-json\/wp\/v2\/types\/product"}],"replies":[{"embeddable":true,"href":"https:\/\/hamma-uwt.de\/hu\/wp-json\/wp\/v2\/comments?post=17472"}],"wp:featuredmedia":[{"embeddable":true,"href":"https:\/\/hamma-uwt.de\/hu\/wp-json\/wp\/v2\/media\/3430"}],"wp:attachment":[{"href":"https:\/\/hamma-uwt.de\/hu\/wp-json\/wp\/v2\/media?parent=17472"}],"wp:term":[{"taxonomy":"product_brand","embeddable":true,"href":"https:\/\/hamma-uwt.de\/hu\/wp-json\/wp\/v2\/product_brand?post=17472"},{"taxonomy":"product_cat","embeddable":true,"href":"https:\/\/hamma-uwt.de\/hu\/wp-json\/wp\/v2\/product_cat?post=17472"},{"taxonomy":"product_tag","embeddable":true,"href":"https:\/\/hamma-uwt.de\/hu\/wp-json\/wp\/v2\/product_tag?post=17472"}],"curies":[{"name":"wp","href":"https:\/\/api.w.org\/{rel}","templated":true}]}}