{"id":17628,"date":"2025-07-14T11:22:34","date_gmt":"2025-07-14T09:22:34","guid":{"rendered":"https:\/\/hamma-uwt.de\/produkt\/visszacsapo-szelep-ferde-uelessel\/"},"modified":"2025-07-14T11:22:34","modified_gmt":"2025-07-14T09:22:34","slug":"visszacsapo-szelep-ferde-uelessel","status":"publish","type":"product","link":"https:\/\/hamma-uwt.de\/hu\/produkt\/visszacsapo-szelep-ferde-uelessel\/","title":{"rendered":"Visszacsap\u00f3 szelep ferde \u00fcl\u00e9ssel"},"content":{"rendered":"","protected":false},"excerpt":{"rendered":"<p>Rozsdamentes ac\u00e9l, G 3\/4&#8243;, PN 40<\/p>\n","protected":false},"featured_media":3479,"comment_status":"closed","ping_status":"closed","template":"","meta":{"_acf_changed":false},"product_brand":[],"product_cat":[808],"product_tag":[],"class_list":{"0":"post-17628","1":"product","2":"type-product","3":"status-publish","4":"has-post-thumbnail","6":"product_cat-fue-1-tartozekok","8":"first","9":"instock","10":"purchasable","11":"product-type-simple"},"acf":[],"_links":{"self":[{"href":"https:\/\/hamma-uwt.de\/hu\/wp-json\/wp\/v2\/product\/17628","targetHints":{"allow":["GET"]}}],"collection":[{"href":"https:\/\/hamma-uwt.de\/hu\/wp-json\/wp\/v2\/product"}],"about":[{"href":"https:\/\/hamma-uwt.de\/hu\/wp-json\/wp\/v2\/types\/product"}],"replies":[{"embeddable":true,"href":"https:\/\/hamma-uwt.de\/hu\/wp-json\/wp\/v2\/comments?post=17628"}],"wp:featuredmedia":[{"embeddable":true,"href":"https:\/\/hamma-uwt.de\/hu\/wp-json\/wp\/v2\/media\/3479"}],"wp:attachment":[{"href":"https:\/\/hamma-uwt.de\/hu\/wp-json\/wp\/v2\/media?parent=17628"}],"wp:term":[{"taxonomy":"product_brand","embeddable":true,"href":"https:\/\/hamma-uwt.de\/hu\/wp-json\/wp\/v2\/product_brand?post=17628"},{"taxonomy":"product_cat","embeddable":true,"href":"https:\/\/hamma-uwt.de\/hu\/wp-json\/wp\/v2\/product_cat?post=17628"},{"taxonomy":"product_tag","embeddable":true,"href":"https:\/\/hamma-uwt.de\/hu\/wp-json\/wp\/v2\/product_tag?post=17628"}],"curies":[{"name":"wp","href":"https:\/\/api.w.org\/{rel}","templated":true}]}}