{"id":17860,"date":"2025-07-14T11:22:37","date_gmt":"2025-07-14T09:22:37","guid":{"rendered":"https:\/\/hamma-uwt.de\/produkt\/rendszerelvalaszto\/"},"modified":"2025-07-14T11:22:37","modified_gmt":"2025-07-14T09:22:37","slug":"rendszerelvalaszto","status":"publish","type":"product","link":"https:\/\/hamma-uwt.de\/hu\/produkt\/rendszerelvalaszto\/","title":{"rendered":"Rendszerelv\u00e1laszt\u00f3"},"content":{"rendered":"<p>V\u00e9dje az iv\u00f3vizet a szennyez\u0151d\u00e9st\u0151l a<br \/>\nh\u0171t\u0151 ken\u0151anyaggal. A kever\u0151berendez\u00e9sek \u00e9s a t\u00f6ml\u0151k<br \/>\nk\u00fcl\u00f6n\u00f6sen a v\u00e1llalatokn\u00e1l jelentenek k\u00f6zvetlen kock\u00e1zatot. A<br \/>\n<strong>iv\u00f3v\u00edzrendelet<\/strong> DIN EN 1717 szerint minden v\u00e1llalat k\u00f6teles<br \/>\niv\u00f3v\u00edzrendszer\u00e9t kell\u0151k\u00e9ppen meg\u00f3vni a szennyez\u00e9st\u0151l<br \/>\n.  <\/p>\n<p>Ezzel a rendszerelv\u00e1laszt\u00f3val a<br \/>\ngarant\u00e1lja ezt a v\u00e9delmet a h\u0171t\u0151 ken\u0151anyagok \u00e9s m\u00e1s vegyi anyagok<br \/>\nsz\u00e1m\u00e1ra a 4. vesz\u00e9lyess\u00e9gi oszt\u00e1lyig.<\/p>\n","protected":false},"excerpt":{"rendered":"<p>A csap ut\u00f3lagos felszerel\u00e9s\u00e9hez \u00e9s r\u00f6gz\u00edt\u00e9s\u00e9hez.<\/p>\n","protected":false},"featured_media":3885,"comment_status":"closed","ping_status":"closed","template":"","meta":{"_acf_changed":false},"product_brand":[],"product_cat":[787],"product_tag":[],"class_list":{"0":"post-17860","1":"product","2":"type-product","3":"status-publish","4":"has-post-thumbnail","6":"product_cat-misceo-tartozekok","8":"first","9":"instock","10":"purchasable","11":"product-type-variable"},"acf":[],"_links":{"self":[{"href":"https:\/\/hamma-uwt.de\/hu\/wp-json\/wp\/v2\/product\/17860","targetHints":{"allow":["GET"]}}],"collection":[{"href":"https:\/\/hamma-uwt.de\/hu\/wp-json\/wp\/v2\/product"}],"about":[{"href":"https:\/\/hamma-uwt.de\/hu\/wp-json\/wp\/v2\/types\/product"}],"replies":[{"embeddable":true,"href":"https:\/\/hamma-uwt.de\/hu\/wp-json\/wp\/v2\/comments?post=17860"}],"wp:featuredmedia":[{"embeddable":true,"href":"https:\/\/hamma-uwt.de\/hu\/wp-json\/wp\/v2\/media\/3885"}],"wp:attachment":[{"href":"https:\/\/hamma-uwt.de\/hu\/wp-json\/wp\/v2\/media?parent=17860"}],"wp:term":[{"taxonomy":"product_brand","embeddable":true,"href":"https:\/\/hamma-uwt.de\/hu\/wp-json\/wp\/v2\/product_brand?post=17860"},{"taxonomy":"product_cat","embeddable":true,"href":"https:\/\/hamma-uwt.de\/hu\/wp-json\/wp\/v2\/product_cat?post=17860"},{"taxonomy":"product_tag","embeddable":true,"href":"https:\/\/hamma-uwt.de\/hu\/wp-json\/wp\/v2\/product_tag?post=17860"}],"curies":[{"name":"wp","href":"https:\/\/api.w.org\/{rel}","templated":true}]}}