{"id":19574,"date":"2025-07-14T11:22:12","date_gmt":"2025-07-14T09:22:12","guid":{"rendered":"https:\/\/hamma-uwt.de\/produkt\/csere-szkimmer-szalag-5\/"},"modified":"2026-04-02T08:39:41","modified_gmt":"2026-04-02T06:39:41","slug":"csere-szkimmer-szalag-5","status":"publish","type":"product","link":"https:\/\/hamma-uwt.de\/hu\/produkt\/csere-szkimmer-szalag-5\/","title":{"rendered":"Csere szkimmer szalag 5"},"content":{"rendered":"","protected":false},"excerpt":{"rendered":"<p>40 \u00b0C-ig h\u0171t\u0151 ken\u0151anyagokhoz, pH 7-11, RAPID 5 tartoz\u00e9k<\/p>\n","protected":false},"featured_media":19081,"comment_status":"closed","ping_status":"closed","template":"","meta":{"_acf_changed":false},"product_brand":[],"product_cat":[791],"product_tag":[],"class_list":{"0":"post-19574","1":"product","2":"type-product","3":"status-publish","4":"has-post-thumbnail","6":"product_cat-rapid-5-tartozekok","8":"first","9":"instock","10":"purchasable","11":"product-type-variable"},"acf":[],"_links":{"self":[{"href":"https:\/\/hamma-uwt.de\/hu\/wp-json\/wp\/v2\/product\/19574","targetHints":{"allow":["GET"]}}],"collection":[{"href":"https:\/\/hamma-uwt.de\/hu\/wp-json\/wp\/v2\/product"}],"about":[{"href":"https:\/\/hamma-uwt.de\/hu\/wp-json\/wp\/v2\/types\/product"}],"replies":[{"embeddable":true,"href":"https:\/\/hamma-uwt.de\/hu\/wp-json\/wp\/v2\/comments?post=19574"}],"wp:featuredmedia":[{"embeddable":true,"href":"https:\/\/hamma-uwt.de\/hu\/wp-json\/wp\/v2\/media\/19081"}],"wp:attachment":[{"href":"https:\/\/hamma-uwt.de\/hu\/wp-json\/wp\/v2\/media?parent=19574"}],"wp:term":[{"taxonomy":"product_brand","embeddable":true,"href":"https:\/\/hamma-uwt.de\/hu\/wp-json\/wp\/v2\/product_brand?post=19574"},{"taxonomy":"product_cat","embeddable":true,"href":"https:\/\/hamma-uwt.de\/hu\/wp-json\/wp\/v2\/product_cat?post=19574"},{"taxonomy":"product_tag","embeddable":true,"href":"https:\/\/hamma-uwt.de\/hu\/wp-json\/wp\/v2\/product_tag?post=19574"}],"curies":[{"name":"wp","href":"https:\/\/api.w.org\/{rel}","templated":true}]}}