{"id":20027,"date":"2025-07-14T11:22:15","date_gmt":"2025-07-14T09:22:15","guid":{"rendered":"https:\/\/hamma-uwt.de\/produkt\/ibc-kulcs\/"},"modified":"2025-07-14T11:22:15","modified_gmt":"2025-07-14T09:22:15","slug":"ibc-kulcs","status":"publish","type":"product","link":"https:\/\/hamma-uwt.de\/hu\/produkt\/ibc-kulcs\/","title":{"rendered":"IBC kulcs"},"content":{"rendered":"<p>IBC kulcs a kont\u00e9nerek gyors \u00e9s egyszer\u0171 kinyit\u00e1s\u00e1hoz<\/p>\n<p>Az IBC-kulccsal a karos m\u0171k\u00f6d\u00e9snek k\u00f6sz\u00f6nhet\u0151en pillanatok alatt \u00e9s k\u00fcl\u00f6n\u00f6sebb er\u0151fesz\u00edt\u00e9s n\u00e9lk\u00fcl nyithatja \u00e9s z\u00e1rhatja IBC-kont\u00e9nereit. A robusztus, rozsdamentes ac\u00e9lb\u00f3l k\u00e9sz\u00fclt, optimaliz\u00e1lt kialak\u00edt\u00e1s nagyon egyszer\u0171, k\u00e9nyelmes \u00e9s ergonomikus nyit\u00e1st biztos\u00edt az IBC-kont\u00e9nerek \u00e9s -tart\u00e1lyok sz\u00e1m\u00e1ra. Mindk\u00e9t nyit\u00f3 a j\u00f3l elhelyezett r\u00f6gz\u00edt\u0151ny\u00edl\u00e1snak k\u00f6sz\u00f6nhet\u0151en k\u00f6nnyen t\u00e1rolhat\u00f3, \u00e9s sz\u00fcks\u00e9g eset\u00e9n gyorsan k\u00e9zn\u00e9l van.  <\/p>\n<p>Az \u00d6n el\u0151nyei<\/p>\n<ul>\n<li>K\u00f6nny\u0171 nyit\u00e1s az optimaliz\u00e1lt<\/li>\n<li>H\u00e1tt\u00e9rhat\u00e1s<\/li>\n<li>Kiv\u00e1l\u00f3 min\u0151s\u00e9g\u0171 rozsdamentes ac\u00e9l kivitel<\/li>\n<li>Robusztus \u00e9s praktikus<\/li>\n<li>Kompakt kialak\u00edt\u00e1s<\/li>\n<li>Ergonomikus<\/li>\n<\/ul>\n","protected":false},"excerpt":{"rendered":"<p>IBC-kont\u00e9nerek nyit\u00e1s\u00e1hoz<\/p>\n","protected":false},"featured_media":3862,"comment_status":"closed","ping_status":"closed","template":"","meta":{"_acf_changed":false},"product_brand":[],"product_cat":[789,788,787],"product_tag":[],"class_list":{"0":"post-20027","1":"product","2":"type-product","3":"status-publish","4":"has-post-thumbnail","6":"product_cat-eros-segitok","7":"product_cat-kontener-kulcs","8":"product_cat-misceo-tartozekok","10":"first","11":"instock","12":"purchasable","13":"product-type-variable"},"acf":[],"_links":{"self":[{"href":"https:\/\/hamma-uwt.de\/hu\/wp-json\/wp\/v2\/product\/20027","targetHints":{"allow":["GET"]}}],"collection":[{"href":"https:\/\/hamma-uwt.de\/hu\/wp-json\/wp\/v2\/product"}],"about":[{"href":"https:\/\/hamma-uwt.de\/hu\/wp-json\/wp\/v2\/types\/product"}],"replies":[{"embeddable":true,"href":"https:\/\/hamma-uwt.de\/hu\/wp-json\/wp\/v2\/comments?post=20027"}],"wp:featuredmedia":[{"embeddable":true,"href":"https:\/\/hamma-uwt.de\/hu\/wp-json\/wp\/v2\/media\/3862"}],"wp:attachment":[{"href":"https:\/\/hamma-uwt.de\/hu\/wp-json\/wp\/v2\/media?parent=20027"}],"wp:term":[{"taxonomy":"product_brand","embeddable":true,"href":"https:\/\/hamma-uwt.de\/hu\/wp-json\/wp\/v2\/product_brand?post=20027"},{"taxonomy":"product_cat","embeddable":true,"href":"https:\/\/hamma-uwt.de\/hu\/wp-json\/wp\/v2\/product_cat?post=20027"},{"taxonomy":"product_tag","embeddable":true,"href":"https:\/\/hamma-uwt.de\/hu\/wp-json\/wp\/v2\/product_tag?post=20027"}],"curies":[{"name":"wp","href":"https:\/\/api.w.org\/{rel}","templated":true}]}}