{"id":20072,"date":"2025-07-14T11:22:15","date_gmt":"2025-07-14T09:22:15","guid":{"rendered":"https:\/\/hamma-uwt.de\/produkt\/chip-maxx\/"},"modified":"2025-07-14T11:22:15","modified_gmt":"2025-07-14T09:22:15","slug":"chip-maxx","status":"publish","type":"product","link":"https:\/\/hamma-uwt.de\/hu\/produkt\/chip-maxx\/","title":{"rendered":"Chip Maxx"},"content":{"rendered":"<p>Az er\u0151s m\u00e1gnesnek \u00e9s a nagy felvev\u0151kapacit\u00e1snak k\u00f6sz\u00f6nhet\u0151en a Chip Maxx seg\u00edts\u00e9g\u00e9vel gyorsan, egyszer\u0171en \u00e9s megb\u00edzhat\u00f3an tiszt\u00edthatja a h\u0171t\u0151-olaj tart\u00e1ly\u00e1t, a g\u00e9p\u00e9t \u00e9s a munkak\u00f6rnyezet\u00e9t. A praktikus foganty\u00fanak k\u00f6sz\u00f6nhet\u0151en a Sp\u00e4nemaxx szil\u00e1rdan megragadhat\u00f3, \u00e9s biztons\u00e1gosan a forg\u00e1cshoz vezetheti \u00e9s mag\u00e1hoz vonzza azt. A cs\u00faszka megh\u00faz\u00e1s\u00e1val a m\u00e1gnesess\u00e9g megsz\u0171nik, \u00e9s a vonzott forg\u00e1csok egyszer\u0171en leesnek. A tiszt\u00edtott h\u0171t\u0151-ken\u0151anyagtart\u00e1ly k\u00fcl\u00f6n\u00f6sen meg\u0151rzi a h\u0171t\u0151-ken\u0151anyag min\u0151s\u00e9g\u00e9t, megtakar\u00edtja \u00d6nnek a g\u00e9p- \u00e9s szersz\u00e1mk\u00f6lts\u00e9geket, \u00e9s higi\u00e9nikusan tartja a munkak\u00f6rnyezetet.    A Sp\u00e4nemaxx seg\u00edt az apr\u00f3 m\u00e1gneses t\u00e1rgyak felv\u00e9tel\u00e9ben, valamint a m\u00e1gneses \u00e9s nem m\u00e1gneses ipari alkatr\u00e9szek sz\u00e9tv\u00e1laszt\u00e1s\u00e1ban is.<\/p>\n<p>A Chip Maxx \u00f6t k\u00fcl\u00f6nb\u00f6z\u0151 hossz\u00fas\u00e1gban kaphat\u00f3, \u00edgy mindig a megfelel\u0151 Chip Maxx \u00e1ll rendelkez\u00e9sre az \u00d6n alkalmaz\u00e1s\u00e1hoz.<\/p>\n","protected":false},"excerpt":{"rendered":"<p>M\u00e1gneses r\u00fad m\u00e1gneses alkatr\u00e9szek elt\u00e1vol\u00edt\u00e1s\u00e1hoz\/lev\u00e1laszt\u00e1s\u00e1hoz<\/p>\n","protected":false},"featured_media":3833,"comment_status":"closed","ping_status":"closed","template":"","meta":{"_acf_changed":false},"product_brand":[],"product_cat":[1384,789],"product_tag":[],"class_list":{"0":"post-20072","1":"product","2":"type-product","3":"status-publish","4":"has-post-thumbnail","6":"product_cat-chip-maxx-es-magneses-sepru","7":"product_cat-eros-segitok","9":"first","10":"instock","11":"purchasable","12":"product-type-variable"},"acf":[],"_links":{"self":[{"href":"https:\/\/hamma-uwt.de\/hu\/wp-json\/wp\/v2\/product\/20072","targetHints":{"allow":["GET"]}}],"collection":[{"href":"https:\/\/hamma-uwt.de\/hu\/wp-json\/wp\/v2\/product"}],"about":[{"href":"https:\/\/hamma-uwt.de\/hu\/wp-json\/wp\/v2\/types\/product"}],"replies":[{"embeddable":true,"href":"https:\/\/hamma-uwt.de\/hu\/wp-json\/wp\/v2\/comments?post=20072"}],"wp:featuredmedia":[{"embeddable":true,"href":"https:\/\/hamma-uwt.de\/hu\/wp-json\/wp\/v2\/media\/3833"}],"wp:attachment":[{"href":"https:\/\/hamma-uwt.de\/hu\/wp-json\/wp\/v2\/media?parent=20072"}],"wp:term":[{"taxonomy":"product_brand","embeddable":true,"href":"https:\/\/hamma-uwt.de\/hu\/wp-json\/wp\/v2\/product_brand?post=20072"},{"taxonomy":"product_cat","embeddable":true,"href":"https:\/\/hamma-uwt.de\/hu\/wp-json\/wp\/v2\/product_cat?post=20072"},{"taxonomy":"product_tag","embeddable":true,"href":"https:\/\/hamma-uwt.de\/hu\/wp-json\/wp\/v2\/product_tag?post=20072"}],"curies":[{"name":"wp","href":"https:\/\/api.w.org\/{rel}","templated":true}]}}