{"id":20467,"date":"2025-07-14T11:22:19","date_gmt":"2025-07-14T09:22:19","guid":{"rendered":"https:\/\/hamma-uwt.de\/produkt\/hordokocsi\/"},"modified":"2025-07-14T11:22:19","modified_gmt":"2025-07-14T09:22:19","slug":"hordokocsi","status":"publish","type":"product","link":"https:\/\/hamma-uwt.de\/hu\/produkt\/hordokocsi\/","title":{"rendered":"Hord\u00f3kocsi"},"content":{"rendered":"<p>A dobkocsi nagyon gyors, egyszer\u0171 \u00e9s rugalmas felt\u00f6lt\u00e9st tesz lehet\u0151v\u00e9. A h\u0171t\u0151-ken\u0151anyag hord\u00f3j\u00e1t \u00e9s kever\u00e9si technol\u00f3gi\u00e1j\u00e1t pillanatok alatt k\u00f6zvetlen\u00fcl a g\u00e9phez mozgathatja<br \/>\n, hogy k\u00e9nyelmesen a helysz\u00ednen t\u00f6lthesse fel. Minden dobkocsi sima j\u00e1r\u00e1s\u00fa g\u00f6rg\u0151kkel, biztons\u00e1gos dobtart\u00f3val \u00e9s 220 literes kapacit\u00e1ssal rendelkezik, hogy a g\u00e9phez val\u00f3 utaz\u00e1s egyszer\u0171 \u00e9s biztons\u00e1gos legyen.  <\/p>\n<p>A dobos kocsiban elf\u00e9r a Misceo3 (akkumul\u00e1torral egy\u00fctt), k\u00e9t t\u00f6ml\u0151tekercs \u00e9s egy k\u00e1beltekercs.<\/p>\n<p>Az \u00d6n el\u0151nyei:<\/p>\n<ul>\n<li>K\u00f6nnyen mozgathat\u00f3 a sima fut\u00e1s\u00fa kerekeknek k\u00f6sz\u00f6nhet\u0151en<\/li>\n<li>Kiv\u00e1l\u00f3 min\u0151s\u00e9g\u0171 \u00e9s robusztus kialak\u00edt\u00e1s<\/li>\n<li>Be\u00e9p\u00edtett csepegtet\u0151 t\u00e1lca<\/li>\n<li>K\u00f6nnyen tiszt\u00edthat\u00f3<\/li>\n<li>Ide\u00e1lisan illeszkedik a Misceo-hoz<\/li>\n<li>Sz\u00e1mos gyakorlati lehet\u0151s\u00e9g<\/li>\n<\/ul>\n","protected":false},"excerpt":{"rendered":"<p>(k\u00e9zi) fekete, csepegtet\u0151 t\u00e1lc\u00e1val, dobbiztons\u00e1gi hevederrel \u00e9s tart\u00f3val a MISCEO 3 sz\u00e1m\u00e1ra<\/p>\n","protected":false},"featured_media":2029,"comment_status":"closed","ping_status":"closed","template":"","meta":{"_acf_changed":false},"product_brand":[],"product_cat":[1889],"product_tag":[],"class_list":{"0":"post-20467","1":"product","2":"type-product","3":"status-publish","4":"has-post-thumbnail","6":"product_cat-hordokocsi","8":"first","9":"instock","10":"purchasable","11":"product-type-simple"},"acf":[],"_links":{"self":[{"href":"https:\/\/hamma-uwt.de\/hu\/wp-json\/wp\/v2\/product\/20467","targetHints":{"allow":["GET"]}}],"collection":[{"href":"https:\/\/hamma-uwt.de\/hu\/wp-json\/wp\/v2\/product"}],"about":[{"href":"https:\/\/hamma-uwt.de\/hu\/wp-json\/wp\/v2\/types\/product"}],"replies":[{"embeddable":true,"href":"https:\/\/hamma-uwt.de\/hu\/wp-json\/wp\/v2\/comments?post=20467"}],"wp:featuredmedia":[{"embeddable":true,"href":"https:\/\/hamma-uwt.de\/hu\/wp-json\/wp\/v2\/media\/2029"}],"wp:attachment":[{"href":"https:\/\/hamma-uwt.de\/hu\/wp-json\/wp\/v2\/media?parent=20467"}],"wp:term":[{"taxonomy":"product_brand","embeddable":true,"href":"https:\/\/hamma-uwt.de\/hu\/wp-json\/wp\/v2\/product_brand?post=20467"},{"taxonomy":"product_cat","embeddable":true,"href":"https:\/\/hamma-uwt.de\/hu\/wp-json\/wp\/v2\/product_cat?post=20467"},{"taxonomy":"product_tag","embeddable":true,"href":"https:\/\/hamma-uwt.de\/hu\/wp-json\/wp\/v2\/product_tag?post=20467"}],"curies":[{"name":"wp","href":"https:\/\/api.w.org\/{rel}","templated":true}]}}