{"id":20519,"date":"2025-07-14T11:22:24","date_gmt":"2025-07-14T09:22:24","guid":{"rendered":"https:\/\/hamma-uwt.de\/produkt\/2-huzalos-csatlakozokabel\/"},"modified":"2025-07-14T11:22:24","modified_gmt":"2025-07-14T09:22:24","slug":"2-huzalos-csatlakozokabel","status":"publish","type":"product","link":"https:\/\/hamma-uwt.de\/hu\/produkt\/2-huzalos-csatlakozokabel\/","title":{"rendered":"2 huzalos csatlakoz\u00f3k\u00e1bel"},"content":{"rendered":"<p>2 eres csatlakoz\u00f3k\u00e1bel a fel\u00fcgyeleti porthoz \/ v\u00e9szle\u00e1ll\u00edt\u00f3 hurokhoz (m\u00e9terenk\u00e9nt).<\/p>\n","protected":false},"excerpt":{"rendered":"<p>v\u00e9gtelen (barna\/feh\u00e9r)<\/p>\n","protected":false},"featured_media":3840,"comment_status":"closed","ping_status":"closed","template":"","meta":{"_acf_changed":false},"product_brand":[],"product_cat":[808],"product_tag":[],"class_list":{"0":"post-20519","1":"product","2":"type-product","3":"status-publish","4":"has-post-thumbnail","6":"product_cat-fue-1-tartozekok","8":"first","9":"instock","10":"purchasable","11":"product-type-variable"},"acf":[],"_links":{"self":[{"href":"https:\/\/hamma-uwt.de\/hu\/wp-json\/wp\/v2\/product\/20519","targetHints":{"allow":["GET"]}}],"collection":[{"href":"https:\/\/hamma-uwt.de\/hu\/wp-json\/wp\/v2\/product"}],"about":[{"href":"https:\/\/hamma-uwt.de\/hu\/wp-json\/wp\/v2\/types\/product"}],"replies":[{"embeddable":true,"href":"https:\/\/hamma-uwt.de\/hu\/wp-json\/wp\/v2\/comments?post=20519"}],"wp:featuredmedia":[{"embeddable":true,"href":"https:\/\/hamma-uwt.de\/hu\/wp-json\/wp\/v2\/media\/3840"}],"wp:attachment":[{"href":"https:\/\/hamma-uwt.de\/hu\/wp-json\/wp\/v2\/media?parent=20519"}],"wp:term":[{"taxonomy":"product_brand","embeddable":true,"href":"https:\/\/hamma-uwt.de\/hu\/wp-json\/wp\/v2\/product_brand?post=20519"},{"taxonomy":"product_cat","embeddable":true,"href":"https:\/\/hamma-uwt.de\/hu\/wp-json\/wp\/v2\/product_cat?post=20519"},{"taxonomy":"product_tag","embeddable":true,"href":"https:\/\/hamma-uwt.de\/hu\/wp-json\/wp\/v2\/product_tag?post=20519"}],"curies":[{"name":"wp","href":"https:\/\/api.w.org\/{rel}","templated":true}]}}