{"id":20684,"date":"2025-07-14T11:22:24","date_gmt":"2025-07-14T09:22:24","guid":{"rendered":"https:\/\/hamma-uwt.de\/produkt\/konzol-kompakt\/"},"modified":"2025-07-14T11:22:24","modified_gmt":"2025-07-14T09:22:24","slug":"konzol-kompakt","status":"publish","type":"product","link":"https:\/\/hamma-uwt.de\/hu\/produkt\/konzol-kompakt\/","title":{"rendered":"Konzol kompakt"},"content":{"rendered":"<p>Biobalance Console Compact az \u00e1pol\u00e1si term\u00e9kek egyszer\u0171 telep\u00edt\u00e9s\u00e9hez \u00e9s ut\u00f3lagos felszerel\u00e9s\u00e9hez.<\/p>\n","protected":false},"excerpt":{"rendered":"<p>a Rapid 2.1 \u00e9s a Rubi<\/p>\n","protected":false},"featured_media":2035,"comment_status":"closed","ping_status":"closed","template":"","meta":{"_acf_changed":false},"product_brand":[],"product_cat":[917],"product_tag":[],"class_list":{"0":"post-20684","1":"product","2":"type-product","3":"status-publish","4":"has-post-thumbnail","6":"product_cat-biobalance-tartozekok","8":"first","9":"instock","10":"purchasable","11":"product-type-simple"},"acf":[],"_links":{"self":[{"href":"https:\/\/hamma-uwt.de\/hu\/wp-json\/wp\/v2\/product\/20684","targetHints":{"allow":["GET"]}}],"collection":[{"href":"https:\/\/hamma-uwt.de\/hu\/wp-json\/wp\/v2\/product"}],"about":[{"href":"https:\/\/hamma-uwt.de\/hu\/wp-json\/wp\/v2\/types\/product"}],"replies":[{"embeddable":true,"href":"https:\/\/hamma-uwt.de\/hu\/wp-json\/wp\/v2\/comments?post=20684"}],"wp:featuredmedia":[{"embeddable":true,"href":"https:\/\/hamma-uwt.de\/hu\/wp-json\/wp\/v2\/media\/2035"}],"wp:attachment":[{"href":"https:\/\/hamma-uwt.de\/hu\/wp-json\/wp\/v2\/media?parent=20684"}],"wp:term":[{"taxonomy":"product_brand","embeddable":true,"href":"https:\/\/hamma-uwt.de\/hu\/wp-json\/wp\/v2\/product_brand?post=20684"},{"taxonomy":"product_cat","embeddable":true,"href":"https:\/\/hamma-uwt.de\/hu\/wp-json\/wp\/v2\/product_cat?post=20684"},{"taxonomy":"product_tag","embeddable":true,"href":"https:\/\/hamma-uwt.de\/hu\/wp-json\/wp\/v2\/product_tag?post=20684"}],"curies":[{"name":"wp","href":"https:\/\/api.w.org\/{rel}","templated":true}]}}