{"id":20725,"date":"2025-07-14T11:22:24","date_gmt":"2025-07-14T09:22:24","guid":{"rendered":"https:\/\/hamma-uwt.de\/produkt\/gondozasi-rendszer-kicsi\/"},"modified":"2026-03-16T15:52:04","modified_gmt":"2026-03-16T14:52:04","slug":"gondozasi-rendszer-kicsi","status":"publish","type":"product","link":"https:\/\/hamma-uwt.de\/hu\/produkt\/gondozasi-rendszer-kicsi\/","title":{"rendered":"Gondoz\u00e1si rendszer kicsi"},"content":{"rendered":"<p>A kis- \u00e9s k\u00f6zepes m\u00e9ret\u0171 g\u00e9pekhez val\u00f3 tiszta \u00e9s hat\u00e9kony h\u0171t\u0151 ken\u0151anyag gondtalan csomagja k\u00f6nnyen telep\u00edthet\u0151 \u00e9s kezelhet\u0151, ugyanakkor teljes\u00edtm\u00e9ny\u00e9t tekintve rendk\u00edv\u00fcl hat\u00e9kony.<\/p>\n<p>A gyors olajlehabos\u00edt\u00f3k \u00e9s a mikro mikroszell\u0151ztet\u0151k l\u00e9nyegesen hosszabb ideig meg\u0151rzik a h\u0171t\u0151 ken\u0151anyag min\u0151s\u00e9g\u00e9t. A nagyobb v\u00e1g\u00e1si sebess\u00e9g \u00e9s a szersz\u00e1mok \u00e9s g\u00e9pek hosszabb \u00e9lettartama az eredm\u00e9ny: \u00d6n eg\u00e9szs\u00e9gesebben \u00e9l, gyorsan nagy megtakar\u00edt\u00e1sokat \u00e9r el, \u00e9s megk\u00edm\u00e9li mag\u00e1t a kellemetlen szagokt\u00f3l. <\/p>\n<p>A Mikro mikroszell\u0151ztet\u0151 mikro apr\u00f3 l\u00e9gbubor\u00e9kok seg\u00edts\u00e9g\u00e9vel biztos\u00edtja a megfelel\u0151 oxig\u00e9nell\u00e1t\u00e1st. A k\u00f6zeg higi\u00e9niai tulajdons\u00e1gai drasztikusan javulnak. A lebeg\u0151 r\u00e9szecsk\u00e9k a felsz\u00ednre sz\u00e1llnak, \u00e9s a Rapid olajszkimmerrel elt\u00e1vol\u00edthat\u00f3k. A Rapid olajszkimmer a h\u0171t\u0151ken\u0151anyag karbantart\u00e1si f\u00e1zisa sor\u00e1n elt\u00e1vol\u00edtja a nem k\u00edv\u00e1nt lebeg\u0151 olajokat, meszes szappanokat \u00e9s lebeg\u0151 r\u00e9szecsk\u00e9ket. A h\u0171t\u0151 ken\u0151anyag teljes\u00edtm\u00e9nye megn\u0151, \u00e9s \u00d6n biztons\u00e1gosabban, gyorsabban \u00e9s jobban termel.    <\/p>\n","protected":false},"excerpt":{"rendered":"<p>Konzol n\u00e9lk\u00fcl, 2 m2<sup>fel\u00fcletig<\/sup> \/ 1000 liter t\u00e9rfogatig terjed\u0151 tart\u00e1lyokhoz<\/p>\n","protected":false},"featured_media":23356,"comment_status":"closed","ping_status":"closed","template":"","meta":{"_acf_changed":false},"product_brand":[],"product_cat":[941],"product_tag":[],"class_list":{"0":"post-20725","1":"product","2":"type-product","3":"status-publish","4":"has-post-thumbnail","6":"product_cat-biobalance","8":"first","9":"instock","10":"purchasable","11":"product-type-simple"},"acf":[],"_links":{"self":[{"href":"https:\/\/hamma-uwt.de\/hu\/wp-json\/wp\/v2\/product\/20725","targetHints":{"allow":["GET"]}}],"collection":[{"href":"https:\/\/hamma-uwt.de\/hu\/wp-json\/wp\/v2\/product"}],"about":[{"href":"https:\/\/hamma-uwt.de\/hu\/wp-json\/wp\/v2\/types\/product"}],"replies":[{"embeddable":true,"href":"https:\/\/hamma-uwt.de\/hu\/wp-json\/wp\/v2\/comments?post=20725"}],"wp:featuredmedia":[{"embeddable":true,"href":"https:\/\/hamma-uwt.de\/hu\/wp-json\/wp\/v2\/media\/23356"}],"wp:attachment":[{"href":"https:\/\/hamma-uwt.de\/hu\/wp-json\/wp\/v2\/media?parent=20725"}],"wp:term":[{"taxonomy":"product_brand","embeddable":true,"href":"https:\/\/hamma-uwt.de\/hu\/wp-json\/wp\/v2\/product_brand?post=20725"},{"taxonomy":"product_cat","embeddable":true,"href":"https:\/\/hamma-uwt.de\/hu\/wp-json\/wp\/v2\/product_cat?post=20725"},{"taxonomy":"product_tag","embeddable":true,"href":"https:\/\/hamma-uwt.de\/hu\/wp-json\/wp\/v2\/product_tag?post=20725"}],"curies":[{"name":"wp","href":"https:\/\/api.w.org\/{rel}","templated":true}]}}