{"id":6848,"date":"2026-02-27T09:15:56","date_gmt":"2026-02-27T08:15:56","guid":{"rendered":"https:\/\/hamma-uwt.de\/impegno-sociale-sponsorizzazione\/"},"modified":"2026-03-04T10:06:19","modified_gmt":"2026-03-04T09:06:19","slug":"impegno-sociale-sponsorizzazione","status":"publish","type":"page","link":"https:\/\/hamma-uwt.de\/it\/chi-siamo\/impegno-sociale-sponsorizzazione\/","title":{"rendered":"Impegno sociale \/ sponsorizzazione"},"content":{"rendered":"\t\t<div data-elementor-type=\"wp-page\" data-elementor-id=\"6848\" class=\"elementor elementor-6848 elementor-5774\" data-elementor-post-type=\"page\">\n\t\t\t\t<div class=\"elementor-element elementor-element-8d523d7 e-flex e-con-boxed e-con e-parent\" data-id=\"8d523d7\" data-element_type=\"container\" data-e-type=\"container\" data-settings=\"{&quot;background_background&quot;:&quot;classic&quot;,&quot;jet_parallax_layout_list&quot;:[]}\">\n\t\t\t\t\t<div class=\"e-con-inner\">\n\t\t<div class=\"elementor-element elementor-element-83f1082 e-con-full e-flex e-con e-child\" data-id=\"83f1082\" data-element_type=\"container\" data-e-type=\"container\" data-settings=\"{&quot;jet_parallax_layout_list&quot;:[]}\">\n\t\t\t\t<div class=\"elementor-element elementor-element-7a83ccc elementor-widget elementor-widget-heading\" data-id=\"7a83ccc\" data-element_type=\"widget\" data-e-type=\"widget\" data-widget_type=\"heading.default\">\n\t\t\t\t\t<h1 class=\"elementor-heading-title elementor-size-default\">Impegno sociale \/ sponsorizzazione<\/h1>\t\t\t\t<\/div>\n\t\t\t\t<\/div>\n\t\t\t\t\t<\/div>\n\t\t\t\t<\/div>\n\t\t<div class=\"elementor-element elementor-element-2fab56d e-flex e-con-boxed e-con e-parent\" data-id=\"2fab56d\" data-element_type=\"container\" data-e-type=\"container\" data-settings=\"{&quot;jet_parallax_layout_list&quot;:[]}\">\n\t\t\t\t\t<div class=\"e-con-inner\">\n\t\t\t\t<div class=\"elementor-element elementor-element-1042f41 elementor-widget elementor-widget-heading\" data-id=\"1042f41\" data-element_type=\"widget\" data-e-type=\"widget\" data-widget_type=\"heading.default\">\n\t\t\t\t\t<h2 class=\"elementor-heading-title elementor-size-default\">SPONSORIZZAZIONE 2024\/2025\/2026<\/h2>\t\t\t\t<\/div>\n\t\t\t\t<div class=\"elementor-element elementor-element-e0aef2c elementor-widget elementor-widget-heading\" data-id=\"e0aef2c\" data-element_type=\"widget\" data-e-type=\"widget\" data-widget_type=\"heading.default\">\n\t\t\t\t\t<h3 class=\"elementor-heading-title elementor-size-default\">Impegno e sponsorizzazione<\/h3>\t\t\t\t<\/div>\n\t\t\t\t<div class=\"elementor-element elementor-element-37b8702 elementor-widget elementor-widget-text-editor\" data-id=\"37b8702\" data-element_type=\"widget\" data-e-type=\"widget\" data-widget_type=\"text-editor.default\">\n\t\t\t\t\t\t\t\t\t<p>In quanto azienda a conduzione familiare con radici regionali, l&#8217;impegno sociale \u00e8 particolarmente importante per noi. Ci assumiamo le nostre responsabilit\u00e0, al di l\u00e0 dei nostri prodotti, e sosteniamo progetti che promuovono la comunit\u00e0, l&#8217;istruzione e la salute. <\/p><p><strong>Le nostre attivit\u00e0 di sponsorizzazione si concentrano su tre aree principali:<\/strong><\/p><ul><li><strong>Istruzione<\/strong> - sostenendo scuole e asili per creare spazi di apprendimento e sviluppo per i bambini.<\/li><li><strong>Sport<\/strong> - promozione di club sportivi che rafforzano lo spirito di squadra, la correttezza e l&#8217;esercizio fisico.<\/li><li><strong>Sociale<\/strong> - Impegno a favore della <strong>Fondazione Bj\u00f6rn Steiger<\/strong> per aiutare a salvare vite umane.<\/li><\/ul><p> <\/p><p>Con il nostro impegno, vogliamo aiutare dove serve: direttamente nella nostra regione e per la societ\u00e0 di domani.<\/p>\t\t\t\t\t\t\t\t<\/div>\n\t\t\t\t\t<\/div>\n\t\t\t\t<\/div>\n\t\t<div class=\"elementor-element elementor-element-5d61f03 e-flex e-con-boxed e-con e-parent\" data-id=\"5d61f03\" data-element_type=\"container\" data-e-type=\"container\" data-settings=\"{&quot;jet_parallax_layout_list&quot;:[]}\">\n\t\t\t\t\t<div class=\"e-con-inner\">\n\t\t\t\t<div class=\"elementor-element elementor-element-1aae04c elementor-widget elementor-widget-heading\" data-id=\"1aae04c\" data-element_type=\"widget\" data-e-type=\"widget\" data-widget_type=\"heading.default\">\n\t\t\t\t\t<h4 class=\"elementor-heading-title elementor-size-default\">Istruzione - scuole e asili<\/h4>\t\t\t\t<\/div>\n\t\t\t\t<div class=\"elementor-element elementor-element-18a31f6 elementor-widget elementor-widget-jet-table\" data-id=\"18a31f6\" data-element_type=\"widget\" data-e-type=\"widget\" data-widget_type=\"jet-table.default\">\n\t\t\t\t<div class=\"elementor-widget-container\">\n\t\t\t\t\t<div class=\"elementor-jet-table jet-elements\">\n\t\t<div class=\"jet-table-wrapper\">\n\t\t\t<table class=\"jet-table jet-table--fa5-compat\">\n\t\t\t\t<thead class=\"jet-table__head\"><tr class=\"jet-table__head-row\"><th class=\"jet-table__cell elementor-repeater-item-3136b35 jet-table__head-cell\" scope=\"col\"><div class=\"jet-table__cell-inner\"><div class=\"jet-table__cell-content\"><div class=\"jet-table__cell-text\">Scuola<\/div><\/div><\/div><\/th><th class=\"jet-table__cell elementor-repeater-item-83393d5 jet-table__head-cell\" scope=\"col\"><div class=\"jet-table__cell-inner\"><div class=\"jet-table__cell-content\"><div class=\"jet-table__cell-text\">Il nostro impegno<\/div><\/div><\/div><\/th><\/tr><\/thead>\n\t\t\t\t\t\t\t\t<tbody class=\"jet-table__body\"><tr class=\"jet-table__body-row elementor-repeater-item-15b9187\"><td class=\"jet-table__cell elementor-repeater-item-4849426 jet-table__body-cell\"><div class=\"jet-table__cell-inner\"><div class=\"jet-table__cell-content\"><div class=\"jet-table__cell-text\">Ludwig-Uhland-Realschule Tuttlingen<\/div><\/div><\/div><\/td><td class=\"jet-table__cell elementor-repeater-item-25da5d3 jet-table__body-cell\"><a class=\"jet-table__cell-inner jet-table__cell-link\" href=\"https:\/\/www.lurs-tuttlingen.de\/\" target=\"_blank\" rel=\"noopener\"><div class=\"jet-table__cell-content\"><div class=\"jet-table__cell-text\">Sostegno alle attrezzature sportive<\/div><\/div><\/a><\/td><\/tr><tr class=\"jet-table__body-row elementor-repeater-item-1fe88c5\"><td class=\"jet-table__cell elementor-repeater-item-8a7ce42 jet-table__body-cell\"><div class=\"jet-table__cell-inner\"><div class=\"jet-table__cell-content\"><div class=\"jet-table__cell-text\">Asilo di San Michele di Tuttlingen<\/div><\/div><\/div><\/td><td class=\"jet-table__cell elementor-repeater-item-817abfa jet-table__body-cell\"><a class=\"jet-table__cell-inner jet-table__cell-link\" href=\"https:\/\/www.tuttlingen.de\/3074?view=publish&#038;item=nursery&#038;id=15\" target=\"_blank\" rel=\"noopener\"><div class=\"jet-table__cell-content\"><div class=\"jet-table__cell-text\">Supporto con EQUIPMENT, USW.  <\/div><\/div><\/a><\/td><\/tr><\/tbody>\n\t\t\t<\/table>\n\t\t<\/div>\n\n\t\t<\/div>\t\t\t\t<\/div>\n\t\t\t\t<\/div>\n\t\t\t\t<div class=\"elementor-element elementor-element-69799e3 elementor-widget elementor-widget-heading\" data-id=\"69799e3\" data-element_type=\"widget\" data-e-type=\"widget\" data-widget_type=\"heading.default\">\n\t\t\t\t\t<h4 class=\"elementor-heading-title elementor-size-default\">Sport<\/h4>\t\t\t\t<\/div>\n\t\t\t\t<div class=\"elementor-element elementor-element-57fdde6 elementor-widget elementor-widget-jet-table\" data-id=\"57fdde6\" data-element_type=\"widget\" data-e-type=\"widget\" data-widget_type=\"jet-table.default\">\n\t\t\t\t<div class=\"elementor-widget-container\">\n\t\t\t\t\t<div class=\"elementor-jet-table jet-elements\">\n\t\t<div class=\"jet-table-wrapper\">\n\t\t\t<table class=\"jet-table jet-table--fa5-compat\">\n\t\t\t\t<thead class=\"jet-table__head\"><tr class=\"jet-table__head-row\"><th class=\"jet-table__cell elementor-repeater-item-3136b35 jet-table__head-cell\" scope=\"col\"><div class=\"jet-table__cell-inner\"><div class=\"jet-table__cell-content\"><div class=\"jet-table__cell-text\">Associazione<\/div><\/div><\/div><\/th><th class=\"jet-table__cell elementor-repeater-item-83393d5 jet-table__head-cell\" scope=\"col\"><div class=\"jet-table__cell-inner\"><div class=\"jet-table__cell-content\"><div class=\"jet-table__cell-text\">Il nostro impegno<\/div><\/div><\/div><\/th><\/tr><\/thead>\n\t\t\t\t\t\t\t\t<tbody class=\"jet-table__body\"><tr class=\"jet-table__body-row elementor-repeater-item-15b9187\"><td class=\"jet-table__cell elementor-repeater-item-4849426 jet-table__body-cell\"><div class=\"jet-table__cell-inner\"><div class=\"jet-table__cell-content\"><div class=\"jet-table__cell-text\">Club ciclistico di Spaichingen (Badgers)<\/div><\/div><\/div><\/td><td class=\"jet-table__cell elementor-repeater-item-25da5d3 jet-table__body-cell\"><a class=\"jet-table__cell-inner jet-table__cell-link\" href=\"https:\/\/rv-spaichingen.de\/index.php\/inlineskaterhockey\" target=\"_blank\" rel=\"noopener\"><div class=\"jet-table__cell-content\"><div class=\"jet-table__cell-text\">Supporto per l&#8217;HOCKEY INLINE<\/div><\/div><\/a><\/td><\/tr><tr class=\"jet-table__body-row elementor-repeater-item-1fe88c5\"><td class=\"jet-table__cell elementor-repeater-item-8a7ce42 jet-table__body-cell\"><div class=\"jet-table__cell-inner\"><div class=\"jet-table__cell-content\"><div class=\"jet-table__cell-text\">Turngemeinde Tuttlingen 1859 e.V.<\/div><\/div><\/div><\/td><td class=\"jet-table__cell elementor-repeater-item-817abfa jet-table__body-cell\"><a class=\"jet-table__cell-inner jet-table__cell-link\" href=\"https:\/\/www.tg-tut.de\/de\/sportarten\/handball\/\" target=\"_blank\" rel=\"noopener\"><div class=\"jet-table__cell-content\"><div class=\"jet-table__cell-text\">Supporto per la palla a mano<\/div><\/div><\/a><\/td><\/tr><tr class=\"jet-table__body-row elementor-repeater-item-b6b1633\"><td class=\"jet-table__cell elementor-repeater-item-e3b7a51 jet-table__body-cell\"><div class=\"jet-table__cell-inner\"><div class=\"jet-table__cell-content\"><div class=\"jet-table__cell-text\">TSG \u00d6hringen 1848 e.V.<\/div><\/div><\/div><\/td><td class=\"jet-table__cell elementor-repeater-item-849adb7 jet-table__body-cell\"><a class=\"jet-table__cell-inner jet-table__cell-link\" href=\"https:\/\/tsg-oehringen.de\/\" target=\"_blank\" rel=\"noopener\"><div class=\"jet-table__cell-content\"><div class=\"jet-table__cell-text\">Sostegno allo SPORT E ALL&#8217;ESERCIZIO<\/div><\/div><\/a><\/td><\/tr><tr class=\"jet-table__body-row elementor-repeater-item-9b89b8d\"><td class=\"jet-table__cell elementor-repeater-item-6dcb7f8 jet-table__body-cell\"><div class=\"jet-table__cell-inner\"><div class=\"jet-table__cell-content\"><div class=\"jet-table__cell-text\">FC Schwandorf \/ Worndorf \/ Neuhausen e.V.<\/div><\/div><\/div><\/td><td class=\"jet-table__cell elementor-repeater-item-6bcf8ba jet-table__body-cell\"><a class=\"jet-table__cell-inner jet-table__cell-link\" href=\"https:\/\/www.fcswn.de\/\" target=\"_blank\" rel=\"noopener\"><div class=\"jet-table__cell-content\"><div class=\"jet-table__cell-text\">Sostegno al calcio<\/div><\/div><\/a><\/td><\/tr><tr class=\"jet-table__body-row elementor-repeater-item-dde84c1\"><td class=\"jet-table__cell elementor-repeater-item-5e988c1 jet-table__body-cell\"><div class=\"jet-table__cell-inner\"><div class=\"jet-table__cell-content\"><div class=\"jet-table__cell-text\">Squadra di calcio giovanile Oberes Donautal e.V.<\/div><\/div><\/div><\/td><td class=\"jet-table__cell elementor-repeater-item-039e3a3 jet-table__body-cell\"><a class=\"jet-table__cell-inner jet-table__cell-link\" href=\"https:\/\/www.jfv-oberesdonautal.de\/\" target=\"_blank\" rel=\"noopener\"><div class=\"jet-table__cell-content\"><div class=\"jet-table__cell-text\">Sostegno al calcio<\/div><\/div><\/a><\/td><\/tr><tr class=\"jet-table__body-row elementor-repeater-item-a9714c6\"><td class=\"jet-table__cell elementor-repeater-item-9967e94 jet-table__body-cell\"><div class=\"jet-table__cell-inner\"><div class=\"jet-table__cell-content\"><div class=\"jet-table__cell-text\">Turnverein 1864 e.V. M\u00f6hringen<\/div><\/div><\/div><\/td><td class=\"jet-table__cell elementor-repeater-item-5f12260 jet-table__body-cell\"><a class=\"jet-table__cell-inner jet-table__cell-link\" href=\"https:\/\/www.tv-moehringen.de\/\" target=\"_blank\" rel=\"noopener\"><div class=\"jet-table__cell-content\"><div class=\"jet-table__cell-text\">Sostegno al calcio<\/div><\/div><\/a><\/td><\/tr><tr class=\"jet-table__body-row elementor-repeater-item-e83866e\"><td class=\"jet-table__cell elementor-repeater-item-199a5a1 jet-table__body-cell\"><div class=\"jet-table__cell-inner\"><div class=\"jet-table__cell-content\"><div class=\"jet-table__cell-text\">TV Nendingen e.V.<\/div><\/div><\/div><\/td><td class=\"jet-table__cell elementor-repeater-item-632bc48 jet-table__body-cell\"><a class=\"jet-table__cell-inner jet-table__cell-link\" href=\"https:\/\/www.tvnendingen.de\/\" target=\"_blank\" rel=\"noopener\"><div class=\"jet-table__cell-content\"><div class=\"jet-table__cell-text\">Sostegno allo SPORT E ALL&#8217;ESERCIZIO<\/div><\/div><\/a><\/td><\/tr><tr class=\"jet-table__body-row elementor-repeater-item-a01e843\"><td class=\"jet-table__cell elementor-repeater-item-c06bc01 jet-table__body-cell\"><div class=\"jet-table__cell-inner\"><div class=\"jet-table__cell-content\"><div class=\"jet-table__cell-text\">VfL Nendingen e.V.  <\/div><\/div><\/div><\/td><td class=\"jet-table__cell elementor-repeater-item-1db42c4 jet-table__body-cell\"><a class=\"jet-table__cell-inner jet-table__cell-link\" href=\"https:\/\/www.vflnendingen.de\/\" target=\"_blank\" rel=\"noopener\"><div class=\"jet-table__cell-content\"><div class=\"jet-table__cell-text\">Sostegno al calcio<\/div><\/div><\/a><\/td><\/tr><tr class=\"jet-table__body-row elementor-repeater-item-23fa646\"><td class=\"jet-table__cell elementor-repeater-item-deee6ef jet-table__body-cell\"><div class=\"jet-table__cell-inner\"><div class=\"jet-table__cell-content\"><div class=\"jet-table__cell-text\">TSV Gomaringen 1951 e.V.<\/div><\/div><\/div><\/td><td class=\"jet-table__cell elementor-repeater-item-328f74e jet-table__body-cell\"><a class=\"jet-table__cell-inner jet-table__cell-link\" href=\"https:\/\/www.tsv-gomaringen.de\/\" target=\"_blank\" rel=\"noopener\"><div class=\"jet-table__cell-content\"><div class=\"jet-table__cell-text\">Sostegno al calcio<\/div><\/div><\/a><\/td><\/tr><\/tbody>\n\t\t\t<\/table>\n\t\t<\/div>\n\n\t\t<\/div>\t\t\t\t<\/div>\n\t\t\t\t<\/div>\n\t\t\t\t<div class=\"elementor-element elementor-element-94a1cdd elementor-widget elementor-widget-heading\" data-id=\"94a1cdd\" data-element_type=\"widget\" data-e-type=\"widget\" data-widget_type=\"heading.default\">\n\t\t\t\t\t<h4 class=\"elementor-heading-title elementor-size-default\">Affari sociali<\/h4>\t\t\t\t<\/div>\n\t\t\t\t<div class=\"elementor-element elementor-element-37a5e84 elementor-widget elementor-widget-jet-table\" data-id=\"37a5e84\" data-element_type=\"widget\" data-e-type=\"widget\" data-widget_type=\"jet-table.default\">\n\t\t\t\t<div class=\"elementor-widget-container\">\n\t\t\t\t\t<div class=\"elementor-jet-table jet-elements\">\n\t\t<div class=\"jet-table-wrapper\">\n\t\t\t<table class=\"jet-table jet-table--fa5-compat\">\n\t\t\t\t<thead class=\"jet-table__head\"><tr class=\"jet-table__head-row\"><th class=\"jet-table__cell elementor-repeater-item-3136b35 jet-table__head-cell\" scope=\"col\"><div class=\"jet-table__cell-inner\"><div class=\"jet-table__cell-content\"><div class=\"jet-table__cell-text\">Organizzazione<\/div><\/div><\/div><\/th><th class=\"jet-table__cell elementor-repeater-item-83393d5 jet-table__head-cell\" scope=\"col\"><div class=\"jet-table__cell-inner\"><div class=\"jet-table__cell-content\"><div class=\"jet-table__cell-text\">Il nostro impegno<\/div><\/div><\/div><\/th><\/tr><\/thead>\n\t\t\t\t\t\t\t\t<tbody class=\"jet-table__body\"><tr class=\"jet-table__body-row elementor-repeater-item-15b9187\"><td class=\"jet-table__cell elementor-repeater-item-4849426 jet-table__body-cell\"><div class=\"jet-table__cell-inner\"><div class=\"jet-table__cell-content\"><div class=\"jet-table__cell-text\">Fondazione Bj\u00f6rn Steiger<\/div><\/div><\/div><\/td><td class=\"jet-table__cell elementor-repeater-item-25da5d3 jet-table__body-cell\"><a class=\"jet-table__cell-inner jet-table__cell-link\" href=\"https:\/\/www.steiger-stiftung.de\/wer-wir-sind\/unsere-geschichte\/50-jahre-baby-notarztwagen\/\" target=\"_blank\" rel=\"noopener\"><div class=\"jet-table__cell-content\"><div class=\"jet-table__cell-text\">Supporto per il vagone di emergenza per bambini<\/div><\/div><\/a><\/td><\/tr><\/tbody>\n\t\t\t<\/table>\n\t\t<\/div>\n\n\t\t<\/div>\t\t\t\t<\/div>\n\t\t\t\t<\/div>\n\t\t\t\t\t<\/div>\n\t\t\t\t<\/div>\n\t\t<div class=\"elementor-element elementor-element-baec6de e-flex e-con-boxed e-con e-parent\" data-id=\"baec6de\" data-element_type=\"container\" data-e-type=\"container\" data-settings=\"{&quot;jet_parallax_layout_list&quot;:[]}\">\n\t\t\t\t\t<div class=\"e-con-inner\">\n\t\t\t\t<div class=\"elementor-element elementor-element-a4b327b elementor-widget elementor-widget-gallery\" data-id=\"a4b327b\" data-element_type=\"widget\" data-e-type=\"widget\" data-settings=\"{&quot;columns&quot;:3,&quot;gap&quot;:{&quot;unit&quot;:&quot;px&quot;,&quot;size&quot;:40,&quot;sizes&quot;:[]},&quot;image_hover_animation&quot;:&quot;grow&quot;,&quot;overlay_description&quot;:&quot;description&quot;,&quot;background_overlay_hover_animation&quot;:&quot;enter-from-left&quot;,&quot;content_hover_animation&quot;:&quot;enter-from-left&quot;,&quot;lazyload&quot;:&quot;yes&quot;,&quot;gallery_layout&quot;:&quot;grid&quot;,&quot;columns_tablet&quot;:2,&quot;columns_mobile&quot;:1,&quot;gap_laptop&quot;:{&quot;unit&quot;:&quot;px&quot;,&quot;size&quot;:10,&quot;sizes&quot;:[]},&quot;gap_tablet_extra&quot;:{&quot;unit&quot;:&quot;px&quot;,&quot;size&quot;:10,&quot;sizes&quot;:[]},&quot;gap_tablet&quot;:{&quot;unit&quot;:&quot;px&quot;,&quot;size&quot;:10,&quot;sizes&quot;:[]},&quot;gap_mobile_extra&quot;:{&quot;unit&quot;:&quot;px&quot;,&quot;size&quot;:10,&quot;sizes&quot;:[]},&quot;gap_mobile&quot;:{&quot;unit&quot;:&quot;px&quot;,&quot;size&quot;:10,&quot;sizes&quot;:[]},&quot;link_to&quot;:&quot;file&quot;,&quot;aspect_ratio&quot;:&quot;3:2&quot;,&quot;overlay_background&quot;:&quot;yes&quot;}\" data-widget_type=\"gallery.default\">\n\t\t\t\t\t\t\t<div class=\"elementor-gallery__container\">\n\t\t\t\t\t\t\t<a class=\"e-gallery-item elementor-gallery-item elementor-animated-content\" href=\"https:\/\/hamma-uwt.de\/wp-content\/uploads\/Sponsoring_Wurmlingen.jpg\" data-elementor-open-lightbox=\"yes\" data-elementor-lightbox-slideshow=\"a4b327b\" data-elementor-lightbox-title=\"Sponsorizzazione_Wurmlingen\" data-elementor-lightbox-description=\"Turngemeinde Tuttlingen 1859 e.V.\" data-e-action-hash=\"#elementor-action%3Aaction%3Dlightbox%26settings%3DeyJpZCI6Njg1MCwidXJsIjoiaHR0cHM6XC9cL2hhbW1hLXV3dC5kZVwvd3AtY29udGVudFwvdXBsb2Fkc1wvU3BvbnNvcmluZ19XdXJtbGluZ2VuLmpwZyIsInNsaWRlc2hvdyI6ImE0YjMyN2IifQ%3D%3D\">\n\t\t\t\t\t<div class=\"e-gallery-image elementor-gallery-item__image\" data-thumbnail=\"https:\/\/hamma-uwt.de\/wp-content\/uploads\/Sponsoring_Wurmlingen-1024x768.jpg\" data-width=\"800\" data-height=\"600\" aria-label=\"\" role=\"img\" ><\/div>\n\t\t\t\t\t\t\t\t\t\t\t<div class=\"elementor-gallery-item__overlay\"><\/div>\n\t\t\t\t\t\t\t\t\t\t\t\t\t\t\t<div class=\"elementor-gallery-item__content\">\n\t\t\t\t\t\t\t\t\t\t\t\t\t\t<div class=\"elementor-gallery-item__description\">\n\t\t\t\t\t\t\t\t\t\t\t\t\t\t\t\t\t\tTurngemeinde Tuttlingen 1859 e.V.\t\t\t\t\t\t\t\t<\/div>\n\t\t\t\t\t\t\t\t\t\t\t\t<\/div>\n\t\t\t\t\t\t\t\t\t<\/a>\n\t\t\t\t\t\t\t<a class=\"e-gallery-item elementor-gallery-item elementor-animated-content\" href=\"https:\/\/hamma-uwt.de\/wp-content\/uploads\/Sponsoring_Wurmlingen_2.jpg\" data-elementor-open-lightbox=\"yes\" data-elementor-lightbox-slideshow=\"a4b327b\" data-elementor-lightbox-title=\"Sponsorizzazione_Wurmlingen_2\" data-elementor-lightbox-description=\"F-Giovani TV Wurmlingen &amp; TG Tuttlingen\" data-e-action-hash=\"#elementor-action%3Aaction%3Dlightbox%26settings%3DeyJpZCI6Njg0OSwidXJsIjoiaHR0cHM6XC9cL2hhbW1hLXV3dC5kZVwvd3AtY29udGVudFwvdXBsb2Fkc1wvU3BvbnNvcmluZ19XdXJtbGluZ2VuXzIuanBnIiwic2xpZGVzaG93IjoiYTRiMzI3YiJ9\">\n\t\t\t\t\t<div class=\"e-gallery-image elementor-gallery-item__image\" data-thumbnail=\"https:\/\/hamma-uwt.de\/wp-content\/uploads\/Sponsoring_Wurmlingen_2-1024x768.jpg\" data-width=\"800\" data-height=\"600\" aria-label=\"\" role=\"img\" ><\/div>\n\t\t\t\t\t\t\t\t\t\t\t<div class=\"elementor-gallery-item__overlay\"><\/div>\n\t\t\t\t\t\t\t\t\t\t\t\t\t\t\t<div class=\"elementor-gallery-item__content\">\n\t\t\t\t\t\t\t\t\t\t\t\t\t\t<div class=\"elementor-gallery-item__description\">\n\t\t\t\t\t\t\t\t\t\t\t\t\t\t\t\t\t\tF-Giovani TV Wurmlingen &amp; TG Tuttlingen\t\t\t\t\t\t\t\t<\/div>\n\t\t\t\t\t\t\t\t\t\t\t\t<\/div>\n\t\t\t\t\t\t\t\t\t<\/a>\n\t\t\t\t\t\t\t<a class=\"e-gallery-item elementor-gallery-item elementor-animated-content\" href=\"https:\/\/hamma-uwt.de\/wp-content\/uploads\/HAMMA_Sponsoring_003.jpg\" data-elementor-open-lightbox=\"yes\" data-elementor-lightbox-slideshow=\"a4b327b\" data-elementor-lightbox-title=\"HAMMA_Sponsoring_003\" data-elementor-lightbox-description=\"TSV Gomaringen 1951 e.V.\" data-e-action-hash=\"#elementor-action%3Aaction%3Dlightbox%26settings%3DeyJpZCI6Njg1MSwidXJsIjoiaHR0cHM6XC9cL2hhbW1hLXV3dC5kZVwvd3AtY29udGVudFwvdXBsb2Fkc1wvSEFNTUFfU3BvbnNvcmluZ18wMDMuanBnIiwic2xpZGVzaG93IjoiYTRiMzI3YiJ9\">\n\t\t\t\t\t<div class=\"e-gallery-image elementor-gallery-item__image\" data-thumbnail=\"https:\/\/hamma-uwt.de\/wp-content\/uploads\/HAMMA_Sponsoring_003-1024x768.jpg\" data-width=\"800\" data-height=\"600\" aria-label=\"\" role=\"img\" ><\/div>\n\t\t\t\t\t\t\t\t\t\t\t<div class=\"elementor-gallery-item__overlay\"><\/div>\n\t\t\t\t\t\t\t\t\t\t\t\t\t\t\t<div class=\"elementor-gallery-item__content\">\n\t\t\t\t\t\t\t\t\t\t\t\t\t\t<div class=\"elementor-gallery-item__description\">\n\t\t\t\t\t\t\t\t\t\t\t\t\t\t\t\t\t\tTSV Gomaringen 1951 e.V.\t\t\t\t\t\t\t\t<\/div>\n\t\t\t\t\t\t\t\t\t\t\t\t<\/div>\n\t\t\t\t\t\t\t\t\t<\/a>\n\t\t\t\t\t\t\t<a class=\"e-gallery-item elementor-gallery-item elementor-animated-content\" href=\"https:\/\/hamma-uwt.de\/wp-content\/uploads\/HAMMA_Sponsoring_002.jpg\" data-elementor-open-lightbox=\"yes\" data-elementor-lightbox-slideshow=\"a4b327b\" data-elementor-lightbox-title=\"HAMMA_Sponsoring_002\" data-elementor-lightbox-description=\"TSV Gomaringen 1951 e.V.\" data-e-action-hash=\"#elementor-action%3Aaction%3Dlightbox%26settings%3DeyJpZCI6Njg1MiwidXJsIjoiaHR0cHM6XC9cL2hhbW1hLXV3dC5kZVwvd3AtY29udGVudFwvdXBsb2Fkc1wvSEFNTUFfU3BvbnNvcmluZ18wMDIuanBnIiwic2xpZGVzaG93IjoiYTRiMzI3YiJ9\">\n\t\t\t\t\t<div class=\"e-gallery-image elementor-gallery-item__image\" data-thumbnail=\"https:\/\/hamma-uwt.de\/wp-content\/uploads\/HAMMA_Sponsoring_002.jpg\" data-width=\"800\" data-height=\"600\" aria-label=\"\" role=\"img\" ><\/div>\n\t\t\t\t\t\t\t\t\t\t\t<div class=\"elementor-gallery-item__overlay\"><\/div>\n\t\t\t\t\t\t\t\t\t\t\t\t\t\t\t<div class=\"elementor-gallery-item__content\">\n\t\t\t\t\t\t\t\t\t\t\t\t\t\t<div class=\"elementor-gallery-item__description\">\n\t\t\t\t\t\t\t\t\t\t\t\t\t\t\t\t\t\tTSV Gomaringen 1951 e.V.\t\t\t\t\t\t\t\t<\/div>\n\t\t\t\t\t\t\t\t\t\t\t\t<\/div>\n\t\t\t\t\t\t\t\t\t<\/a>\n\t\t\t\t\t\t\t<a class=\"e-gallery-item elementor-gallery-item elementor-animated-content\" href=\"https:\/\/hamma-uwt.de\/wp-content\/uploads\/HAMMA_Sponsoring_001.jpg\" data-elementor-open-lightbox=\"yes\" data-elementor-lightbox-slideshow=\"a4b327b\" data-elementor-lightbox-title=\"HAMMA_Sponsoring_001\" data-elementor-lightbox-description=\"TSV Gomaringen 1951 e.V.\" data-e-action-hash=\"#elementor-action%3Aaction%3Dlightbox%26settings%3DeyJpZCI6Njg1MywidXJsIjoiaHR0cHM6XC9cL2hhbW1hLXV3dC5kZVwvd3AtY29udGVudFwvdXBsb2Fkc1wvSEFNTUFfU3BvbnNvcmluZ18wMDEuanBnIiwic2xpZGVzaG93IjoiYTRiMzI3YiJ9\">\n\t\t\t\t\t<div class=\"e-gallery-image elementor-gallery-item__image\" data-thumbnail=\"https:\/\/hamma-uwt.de\/wp-content\/uploads\/HAMMA_Sponsoring_001.jpg\" data-width=\"800\" data-height=\"600\" aria-label=\"\" role=\"img\" ><\/div>\n\t\t\t\t\t\t\t\t\t\t\t<div class=\"elementor-gallery-item__overlay\"><\/div>\n\t\t\t\t\t\t\t\t\t\t\t\t\t\t\t<div class=\"elementor-gallery-item__content\">\n\t\t\t\t\t\t\t\t\t\t\t\t\t\t<div class=\"elementor-gallery-item__description\">\n\t\t\t\t\t\t\t\t\t\t\t\t\t\t\t\t\t\tTSV Gomaringen 1951 e.V.\t\t\t\t\t\t\t\t<\/div>\n\t\t\t\t\t\t\t\t\t\t\t\t<\/div>\n\t\t\t\t\t\t\t\t\t<\/a>\n\t\t\t\t\t<\/div>\n\t\t\t\t\t<\/div>\n\t\t\t\t\t<\/div>\n\t\t\t\t<\/div>\n\t\t\t\t<\/div>\n\t\t","protected":false},"excerpt":{"rendered":"<p>SPONSORIZZAZIONE 2024\/2025\/2026 Impegno e sponsorizzazione In quanto azienda a conduzione familiare con radici regionali, l&#8217;impegno sociale \u00e8 particolarmente importante per noi. Ci assumiamo le nostre responsabilit\u00e0, al di l\u00e0 dei nostri prodotti, e sosteniamo progetti che promuovono la comunit\u00e0, l&#8217;istruzione e la salute. Le nostre attivit\u00e0 di sponsorizzazione si concentrano su tre aree principali: Istruzione [&hellip;]<\/p>\n","protected":false},"author":2,"featured_media":0,"parent":6912,"menu_order":10,"comment_status":"closed","ping_status":"closed","template":"","meta":{"_acf_changed":false,"footnotes":""},"class_list":["post-6848","page","type-page","status-publish","hentry"],"acf":[],"_links":{"self":[{"href":"https:\/\/hamma-uwt.de\/it\/wp-json\/wp\/v2\/pages\/6848","targetHints":{"allow":["GET"]}}],"collection":[{"href":"https:\/\/hamma-uwt.de\/it\/wp-json\/wp\/v2\/pages"}],"about":[{"href":"https:\/\/hamma-uwt.de\/it\/wp-json\/wp\/v2\/types\/page"}],"author":[{"embeddable":true,"href":"https:\/\/hamma-uwt.de\/it\/wp-json\/wp\/v2\/users\/2"}],"replies":[{"embeddable":true,"href":"https:\/\/hamma-uwt.de\/it\/wp-json\/wp\/v2\/comments?post=6848"}],"version-history":[{"count":1,"href":"https:\/\/hamma-uwt.de\/it\/wp-json\/wp\/v2\/pages\/6848\/revisions"}],"predecessor-version":[{"id":6854,"href":"https:\/\/hamma-uwt.de\/it\/wp-json\/wp\/v2\/pages\/6848\/revisions\/6854"}],"up":[{"embeddable":true,"href":"https:\/\/hamma-uwt.de\/it\/wp-json\/wp\/v2\/pages\/6912"}],"wp:attachment":[{"href":"https:\/\/hamma-uwt.de\/it\/wp-json\/wp\/v2\/media?parent=6848"}],"curies":[{"name":"wp","href":"https:\/\/api.w.org\/{rel}","templated":true}]}}