{"id":7719,"date":"2025-07-18T14:40:17","date_gmt":"2025-07-18T12:40:17","guid":{"rendered":"https:\/\/hamma-uwt.de\/gtc\/"},"modified":"2026-03-04T10:42:58","modified_gmt":"2026-03-04T09:42:58","slug":"gtc","status":"publish","type":"page","link":"https:\/\/hamma-uwt.de\/it\/assistenza\/gtc\/","title":{"rendered":"GTC"},"content":{"rendered":"\t\t<div data-elementor-type=\"wp-page\" data-elementor-id=\"7719\" class=\"elementor elementor-7719 elementor-1659\" data-elementor-post-type=\"page\">\n\t\t\t\t<div class=\"elementor-element elementor-element-b678910 e-flex e-con-boxed e-con e-parent\" data-id=\"b678910\" data-element_type=\"container\" data-e-type=\"container\" data-settings=\"{&quot;jet_parallax_layout_list&quot;:[]}\">\n\t\t\t\t\t<div class=\"e-con-inner\">\n\t\t\t\t<div class=\"elementor-element elementor-element-f307924 elementor-widget elementor-widget-heading\" data-id=\"f307924\" data-element_type=\"widget\" data-e-type=\"widget\" data-widget_type=\"heading.default\">\n\t\t\t\t\t<h2 class=\"elementor-heading-title elementor-size-default\">AGB - Termini e condizioni generali<\/h2>\t\t\t\t<\/div>\n\t\t\t\t<div class=\"elementor-element elementor-element-829c0db elementor-widget elementor-widget-text-editor\" data-id=\"829c0db\" data-element_type=\"widget\" data-e-type=\"widget\" data-widget_type=\"text-editor.default\">\n\t\t\t\t\t\t\t\t\t<div class=\"n module-type-header diyfeLiveArea \"><p><span style=\"font-size: 16px;\">I seguenti termini e condizioni si riferiscono alle consegne e ai servizi forniti agli esercenti per le loro attivit\u00e0 commerciali.<\/span><\/p><\/div><div class=\"n module-type-text diyfeLiveArea \"><p>Le consegne e i servizi sono forniti esclusivamente in conformit\u00e0 alle nostre condizioni di consegna e di pagamento, che il cliente riconosce al momento della ricezione della nostra conferma d&#8217;ordine, al pi\u00f9 tardi al momento dell&#8217;accettazione della merce ordinata. Termini e condizioni di acquisto diversi da quelli del cliente non diventeranno parte del contratto anche se l&#8217;ordine viene accettato. Gli ordini, gli accordi collaterali, le modifiche e gli altri accordi diventeranno effettivi solo dopo la nostra conferma scritta.  <\/p><p>Prezzi: Si applicano i prezzi e le condizioni di prezzo pubblicati il giorno della consegna. L&#8217;IVA sar\u00e0 addebitata in aggiunta all&#8217;aliquota applicabile. <\/p><p>Prodotti personalizzati: Nel caso di campioni e prodotti personalizzati al di fuori del rispettivo intervallo di consegna valido, si riterr\u00e0 che siano state concordate quantit\u00e0 ragionevolmente eccedenti o ridotte.<\/p><p>I tempi di consegna non sono vincolanti fino all&#8217;accettazione dell&#8217;ordine - fatta salva la vendita intermedia - e sono calcolati a partire dalla ricezione dell&#8217;ordine o, al pi\u00f9 presto, dall&#8217;accordo finale sull&#8217;esecuzione dell&#8217;ordine e dalla fornitura di eventuali documenti, autorizzazioni e approvazioni che il cliente deve procurarsi. Se i tempi di consegna sono indicati in giorni, saranno considerati solo i giorni lavorativi abituali. Il termine di consegna si considera rispettato se l&#8217;oggetto della consegna ha lasciato lo stabilimento o se la disponibilit\u00e0 alla spedizione \u00e8 stata notificata entro la data di scadenza.  <\/p><p>I tempi di consegna sono soggetti a imprevisti significativi durante la produzione e ad altri ostacoli quali cause di forza maggiore, ritardi nei trasporti, interruzioni operative o vertenze sindacali nei nostri stabilimenti o in quelli dei nostri fornitori.<br>Se il cliente subisce un danno a causa di un ritardo di cui siamo gravemente responsabili, ha diritto a richiedere un risarcimento per il ritardo. Tale risarcimento sar\u00e0 pari all&#8217;1\/2% per ogni settimana intera di ritardo, ma in totale non superiore al 5% del valore della parte della consegna che non viene consegnata in tempo o che non pu\u00f2 essere utilizzata in conformit\u00e0 al contratto a causa del ritardo. Sono escluse ulteriori richieste di risarcimento.  <\/p><p>Imballaggio: Gli imballaggi usa e getta come casse di legno, scatole di cartone ecc. saranno addebitati al prezzo di costo e non saranno ritirati. I pallet riutilizzabili e a rete, i pallet con telai e coperchi per l&#8217;impilamento, i contenitori e le cassette rimangono di nostra propriet\u00e0 e devono essere restituiti immediatamente al luogo di consegna senza alcun costo per noi.<br>Gli imballaggi sfusi contengono il numero di unit\u00e0 specificato nei nostri listini prezzi come imballaggio principale. I quantitativi che si discostano da questo o dai loro multipli possono essere consegnati solo in confezioni singole, a condizione che ci\u00f2 non sia in contrasto con le quantit\u00e0 minime d&#8217;ordine.  <\/p><p>La spedizione \u00e8 a carico e a rischio del destinatario, franco destinazione tedesca, ma escluse le spese di trasporto. I costi aggiuntivi per le merci espresse e i costi di spedizione per le piccole spedizioni sono a carico del cliente. La scelta della modalit\u00e0 di spedizione \u00e8 lasciata al luogo di consegna. Sono ammesse consegne parziali.   <\/p><p>Concetto di restituzione: se il dispositivo acquistato ha raggiunto la fine della sua vita utile e non ti serve pi\u00f9, puoi restituirlo in condizioni ragionevoli al seguente indirizzo per il riciclaggio\/smaltimento.  <\/p><p>Armin Hamma Umwelttechnik, WEEE - Riciclaggio\/Smaltimento, Kettelerstra\u00dfe 44-46, D- 78532 Tuttlingen.<\/p><p>I pacchi non pagati non saranno accettati o saranno accettati solo su base di buona volont\u00e0. I prodotti restituiti non possono pi\u00f9 essere reclamati. <\/p><p> <\/p><p>I pagamenti devono essere effettuati in EURO, pi\u00f9 l&#8217;IVA di legge, fino a un valore dell&#8217;ordine di E 7.700,00 netti immediatamente, a partire da un valore dell&#8217;ordine di E 7.700,00 1\/3 ciascuno alla conferma dell&#8217;ordine \/ consegna \/ ricezione della fattura. In caso di pagamento dall&#8217;estero, il pagamento deve essere effettuato sotto forma di LC o pagamento anticipato.<br>In caso di superamento del termine di pagamento, verranno addebitati gli interessi bancari.<br>Il cliente non ha il diritto di trattenere o compensare i pagamenti con le contropretese.<br>In caso di sospensione del pagamento o di sovraindebitamento da parte del cliente, nonch\u00e9 di mancato rispetto dei termini di pagamento concordati, tutti i crediti a cui abbiamo diritto nei confronti del cliente, compresi i crediti cambiari, diventeranno immediatamente esigibili. <\/p><p>Riserva di propriet\u00e0: ci riserviamo la propriet\u00e0 di tutti i beni da noi consegnati fino al completo pagamento: tutte le consegne sono considerate un&#8217;unica transazione di consegna. Nel caso di un conto corrente, la riserva di propriet\u00e0 servir\u00e0 come garanzia per il nostro credito a saldo. <\/p><p>Se la nostra merce viene combinata dal cliente con altri articoli per formare un unico articolo, diventeremo comproprietari del nuovo articolo su base proporzionale. Se il cliente rivende la merce da noi fornita come previsto, ci cede i crediti nei confronti dei suoi clienti derivanti dalla vendita, insieme a tutti i diritti accessori, fino al completo pagamento di tutti i nostri crediti. Su nostra richiesta, il cliente sar\u00e0 tenuto a informare i terzi acquirenti della cessione e a fornirci le informazioni e i documenti necessari per far valere i nostri diritti.  <br>Il cliente deve informarci immediatamente di qualsiasi sequestro della merce soggetta a riserva di propriet\u00e0 o di qualsiasi altra lesione dei nostri diritti da parte di terzi.<br>Svincoleremo i titoli in nostro possesso nella misura in cui il loro valore superi i crediti da garantire di oltre il 25% in totale.<br>Nel caso in cui la riserva di propriet\u00e0 non sia pienamente efficace in questa forma per motivi legali, il cliente \u00e8 obbligato a garantire i nostri crediti per i beni in modo legalmente efficace e a cooperare nelle misure necessarie.<\/p><p>Garanzia: in caso di consegne che risultino manifestamente inutilizzabili in tutto o in parte a causa di difetti di cui siamo responsabili o dell&#8217;assenza di caratteristiche espressamente garantite, provvederemo, a nostra discrezione e tenendo conto degli aspetti economici e tecnici, a riparare la merce gratuitamente, a effettuare una nuova consegna o a ridurre il prezzo di vendita. Tra i costi diretti derivanti dalla riparazione o dalla consegna sostitutiva, ci faremo carico dei costi dell&#8217;articolo riparato o sostituito, compresa la spedizione, nonch\u00e9 dei costi ragionevoli di rimozione e installazione basati sul valore dell&#8217;articolo difettoso, nella misura in cui questi si riferiscono alla Germania. I costi di trasporto per la restituzione della merce difettosa saranno rimborsati solo se la restituzione viene effettuata su nostra esplicita richiesta.  <\/p><p>In caso contrario, i costi saranno a carico del cliente.<br>Il periodo di garanzia \u00e8 di 12 mesi dalla data di consegna. In caso di successivi miglioramenti e sostituzioni, il periodo di garanzia sar\u00e0 prolungato solo per il tempo in cui l&#8217;oggetto della consegna non potr\u00e0 essere utilizzato. Le parti soggette a usura sono escluse da questa disposizione.<br>Dobbiamo notificare immediatamente qualsiasi danno da trasporto riconoscibile e tutti gli altri difetti entro 8 giorni dalla loro scoperta.<br>Possiamo rifiutarci di soddisfare le richieste di garanzia se non ci vengono notificati i difetti in tempo utile. Lo stesso vale se non ci viene concesso il tempo e l&#8217;opportunit\u00e0 necessari per adottare tutte le misure che riteniamo necessarie a nostra ragionevole discrezione. Solo in casi urgenti in cui la sicurezza operativa del cliente \u00e8 messa a repentaglio e per evitare danni sproporzionati, nel qual caso dobbiamo essere informati immediatamente, o se siamo in ritardo con l&#8217;eliminazione del difetto, il cliente avr\u00e0 il diritto di eliminare il difetto da solo o di farlo eliminare da terzi e di chiederci un risarcimento per i costi da sostenere ai sensi della garanzia.    <\/p><p>Obblighi accessori e consulenza: forniamo servizi contrattuali accessori (ad es. istruzioni per la manutenzione) e consulenza, nella misura in cui si riferiscono all&#8217;oggetto della consegna, in modo accurato e al meglio delle nostre conoscenze, in conformit\u00e0 al rispettivo stato dell&#8217;arte e alle condizioni d&#8217;uso specificate dal cliente; per quanto riguarda la garanzia, comprese eventuali omissioni, si applicano mutatis mutandis le condizioni di cui sopra.<br>Le semplici raccomandazioni non sono vincolanti. Le specifiche del catalogo e dell&#8217;elenco non costituiscono una garanzia delle propriet\u00e0. <\/p><p>Responsabilit\u00e0: Ulteriori rivendicazioni del cliente, in particolare una richiesta di risarcimento per danni che non hanno interessato l&#8217;oggetto della consegna o che si basano sulla violazione di diritti di propriet\u00e0, sono escluse nella misura consentita dalla legge. Ci\u00f2 vale anche per le azioni non autorizzate. <\/p><p>Recesso: se l&#8217;adempimento del contratto o dei diritti di garanzia \u00e8 impossibile o se abbiamo colpevolmente ritardato oltre un ragionevole periodo di tolleranza, il cliente pu\u00f2 recedere dal contratto. Sono escluse tutte le altre rivendicazioni del cliente nei confronti nostri, dei nostri agenti vicari o degli assistenti all&#8217;adempimento, in particolare le richieste di risarcimento danni di qualsiasi tipo e per qualsiasi motivo legale. <\/p><p>Foro competente: lo stabilimento del fornitore \u00e8 il luogo di adempimento per la consegna e il pagamento. Per tutte le controversie derivanti dal rapporto contrattuale, le azioni legali devono essere intraprese presso il tribunale competente per la sede o la filiale del fornitore che effettua la consegna. Il fornitore ha anche il diritto di intentare un&#8217;azione legale presso la sede del cliente.  <\/p><p> <\/p><p> <\/p><p>Stato: 12.01.2023<\/p><\/div>\t\t\t\t\t\t\t\t<\/div>\n\t\t\t\t\t<\/div>\n\t\t\t\t<\/div>\n\t\t\t\t<\/div>\n\t\t","protected":false},"excerpt":{"rendered":"<p>AGB - Termini e condizioni generali I seguenti termini e condizioni si riferiscono alle consegne e ai servizi forniti agli esercenti per le loro attivit\u00e0 commerciali. Le consegne e i servizi sono forniti esclusivamente in conformit\u00e0 alle nostre condizioni di consegna e di pagamento, che il cliente riconosce al momento della ricezione della nostra conferma [&hellip;]<\/p>\n","protected":false},"author":3,"featured_media":0,"parent":7838,"menu_order":0,"comment_status":"closed","ping_status":"closed","template":"","meta":{"_acf_changed":false,"footnotes":""},"class_list":["post-7719","page","type-page","status-publish","hentry"],"acf":[],"_links":{"self":[{"href":"https:\/\/hamma-uwt.de\/it\/wp-json\/wp\/v2\/pages\/7719","targetHints":{"allow":["GET"]}}],"collection":[{"href":"https:\/\/hamma-uwt.de\/it\/wp-json\/wp\/v2\/pages"}],"about":[{"href":"https:\/\/hamma-uwt.de\/it\/wp-json\/wp\/v2\/types\/page"}],"author":[{"embeddable":true,"href":"https:\/\/hamma-uwt.de\/it\/wp-json\/wp\/v2\/users\/3"}],"replies":[{"embeddable":true,"href":"https:\/\/hamma-uwt.de\/it\/wp-json\/wp\/v2\/comments?post=7719"}],"version-history":[{"count":1,"href":"https:\/\/hamma-uwt.de\/it\/wp-json\/wp\/v2\/pages\/7719\/revisions"}],"predecessor-version":[{"id":7720,"href":"https:\/\/hamma-uwt.de\/it\/wp-json\/wp\/v2\/pages\/7719\/revisions\/7720"}],"up":[{"embeddable":true,"href":"https:\/\/hamma-uwt.de\/it\/wp-json\/wp\/v2\/pages\/7838"}],"wp:attachment":[{"href":"https:\/\/hamma-uwt.de\/it\/wp-json\/wp\/v2\/media?parent=7719"}],"curies":[{"name":"wp","href":"https:\/\/api.w.org\/{rel}","templated":true}]}}