{"id":8194,"date":"2025-06-24T12:29:27","date_gmt":"2025-06-24T10:29:27","guid":{"rendered":"https:\/\/hamma-uwt.de\/biobalance\/"},"modified":"2026-03-04T10:46:58","modified_gmt":"2026-03-04T09:46:58","slug":"biobalance","status":"publish","type":"page","link":"https:\/\/hamma-uwt.de\/it\/biobalance\/","title":{"rendered":"Biobalance"},"content":{"rendered":"\t\t<div data-elementor-type=\"wp-page\" data-elementor-id=\"8194\" class=\"elementor elementor-8194 elementor-484\" data-elementor-post-type=\"page\">\n\t\t\t\t<div class=\"elementor-element elementor-element-c3de555 e-flex e-con-boxed e-con e-parent\" data-id=\"c3de555\" data-element_type=\"container\" data-e-type=\"container\" data-settings=\"{&quot;background_background&quot;:&quot;video&quot;,&quot;jet_parallax_layout_list&quot;:[],&quot;background_video_link&quot;:&quot;https:\\\/\\\/hamma-uwt.de\\\/wp-content\\\/uploads\\\/Background-01.mp4&quot;}\">\n\t\t\t\t\t<div class=\"e-con-inner\">\n\t\t<div class=\"elementor-background-video-container elementor-hidden-mobile\">\n\t\t\t\t\t\t\t<video class=\"elementor-background-video-hosted\" role=\"presentation\" autoplay muted playsinline loop><\/video>\n\t\t\t\t\t<\/div><div class=\"elementor-element elementor-element-4b57c9e e-con-full e-flex e-con e-child\" data-id=\"4b57c9e\" data-element_type=\"container\" data-e-type=\"container\" data-settings=\"{&quot;jet_parallax_layout_list&quot;:[]}\">\n\t\t\t\t<div class=\"elementor-element elementor-element-488b1d5 elementor-widget elementor-widget-heading\" data-id=\"488b1d5\" data-element_type=\"widget\" data-e-type=\"widget\" data-widget_type=\"heading.default\">\n\t\t\t\t\t<h1 class=\"elementor-heading-title elementor-size-default\">BIOBALANCE <br>Cura del lubrificante di raffreddamento<\/h1>\t\t\t\t<\/div>\n\t\t\t\t<div class=\"elementor-element elementor-element-8c9f7c1 elementor-widget elementor-widget-text-editor\" data-id=\"8c9f7c1\" data-element_type=\"widget\" data-e-type=\"widget\" data-widget_type=\"text-editor.default\">\n\t\t\t\t\t\t\t\t\t<p>Il bioequilibrio \u00e8 la prevenzione della proliferazione indesiderata ed eccessiva di germi, batteri, funghi e lieviti. \u00c8 la conservazione dell&#8217;equilibrio biologico naturale. <\/p>\t\t\t\t\t\t\t\t<\/div>\n\t\t\t\t<\/div>\n\t\t\t\t\t<\/div>\n\t\t\t\t<\/div>\n\t\t<div class=\"elementor-element elementor-element-446b030 e-flex e-con-boxed e-con e-parent\" data-id=\"446b030\" data-element_type=\"container\" data-e-type=\"container\" data-settings=\"{&quot;jet_parallax_layout_list&quot;:[]}\">\n\t\t\t\t\t<div class=\"e-con-inner\">\n\t\t<div class=\"elementor-element elementor-element-25cff84 e-con-full e-flex e-con e-child\" data-id=\"25cff84\" data-element_type=\"container\" data-e-type=\"container\" data-settings=\"{&quot;jet_parallax_layout_list&quot;:[]}\">\n\t\t\t\t<div class=\"elementor-element elementor-element-631aa60 elementor-widget elementor-widget-heading\" data-id=\"631aa60\" data-element_type=\"widget\" data-e-type=\"widget\" data-widget_type=\"heading.default\">\n\t\t\t\t\t<h2 class=\"elementor-heading-title elementor-size-default\">Che cos'\u00e8 la BIOBALANCE?<\/h2>\t\t\t\t<\/div>\n\t\t\t\t<\/div>\n\t\t\t\t\t<\/div>\n\t\t\t\t<\/div>\n\t\t<div class=\"elementor-element elementor-element-e3b5a3d e-flex e-con-boxed e-con e-parent\" data-id=\"e3b5a3d\" data-element_type=\"container\" data-e-type=\"container\" data-settings=\"{&quot;jet_parallax_layout_list&quot;:[]}\">\n\t\t\t\t\t<div class=\"e-con-inner\">\n\t\t<div class=\"elementor-element elementor-element-448250f e-con-full e-flex e-con e-child\" data-id=\"448250f\" data-element_type=\"container\" data-e-type=\"container\" data-settings=\"{&quot;jet_parallax_layout_list&quot;:[]}\">\n\t\t\t\t<div class=\"elementor-element elementor-element-7f4d35b elementor-widget elementor-widget-text-editor\" data-id=\"7f4d35b\" data-element_type=\"widget\" data-e-type=\"widget\" data-widget_type=\"text-editor.default\">\n\t\t\t\t\t\t\t\t\t<p>Un lubrificante di raffreddamento sano e performante \u00e8 estremamente importante per una produzione moderna e orientata al futuro.<\/p>\t\t\t\t\t\t\t\t<\/div>\n\t\t\t\t<div class=\"elementor-element elementor-element-68b46eb elementor-widget elementor-widget-text-editor\" data-id=\"68b46eb\" data-element_type=\"widget\" data-e-type=\"widget\" data-widget_type=\"text-editor.default\">\n\t\t\t\t\t\t\t\t\t<p>Per iniziare nel migliore dei modi, mixa con il dispositivo di missaggio completamente elettronico <a href=\"https:\/\/hamma-uwt.de\/it\/prodotti\/misceo\/\"><strong>MISCEO<\/strong> <\/a>per miscelare un lubrificante refrigerante potente e stabile. In questo modo \u00e8 possibile ottenere le propriet\u00e0 desiderate del lubrificante refrigerante. <\/p><p>Durante la fase di manutenzione del tuo lubrificante di raffreddamento, il <a href=\"https:\/\/hamma-uwt.de\/it\/prodotti\/micro-aeratore\/\"><strong>MIKRO<\/strong> <\/a>fornisce al tuo lubrificante refrigerante una quantit\u00e0 sufficiente di ossigeno e fa galleggiare le impurit\u00e0 in superficie grazie a bolle d&#8217;aria finemente definite. Il galleggiamento delle bolle d&#8217;aria sposta la contaminazione nella direzione del <a href=\"https:\/\/hamma-uwt.de\/it\/prodotti\/rapido\/\"><strong>RAPIDO<\/strong> <\/a>in direzione di RAPID. In questo modo si rimuovono gli oli di scarto indesiderati per evitare un&#8217;eccessiva lubrificazione nel processo di produzione. Anche le particelle in sospensione legate all&#8217;olio vengono rimosse e l&#8217;abrasivit\u00e0 del lubrificante di raffreddamento viene ridotta. Di conseguenza, le tue macchine e i tuoi utensili durano molto di pi\u00f9. Insieme, lo schiumatoio <strong>RAPID<\/strong> e il microaeratore <strong>MIKRO<\/strong> mantengono l&#8217;alta qualit\u00e0 del lubrificante di raffreddamento per un periodo di tempo notevolmente pi\u00f9 lungo. L&#8217;igiene del mezzo \u00e8 drasticamente migliorata. Vivrai una vita pi\u00f9 sana e ti saranno risparmiati gli odori sgradevoli.       <\/p>\t\t\t\t\t\t\t\t<\/div>\n\t\t\t\t<div class=\"elementor-element elementor-element-6155fc4 elementor-blockquote--skin-border elementor-widget elementor-widget-blockquote\" data-id=\"6155fc4\" data-element_type=\"widget\" data-e-type=\"widget\" data-widget_type=\"blockquote.default\">\n\t\t\t\t\t\t\t<blockquote class=\"elementor-blockquote\">\n\t\t\t<p class=\"elementor-blockquote__content\">\n\t\t\t\tUn lubrificante di raffreddamento igienico e a risparmio di risorse, adatto al processo di produzione, \u00e8 la chiave del successo.\t\t\t<\/p>\n\t\t\t\t\t<\/blockquote>\n\t\t\t\t\t\t<\/div>\n\t\t\t\t<div class=\"elementor-element elementor-element-981d647 elementor-widget elementor-widget-text-editor\" data-id=\"981d647\" data-element_type=\"widget\" data-e-type=\"widget\" data-widget_type=\"text-editor.default\">\n\t\t\t\t\t\t\t\t\t<p>Il sistema di pulizia mobile <a href=\"https:\/\/hamma-uwt.de\/it\/prodotti\/torre-pulita\/\"><strong>CLEAN-TOWER<\/strong><\/a> combina pulizia e aerazione in un unico dispositivo. Il principio della flottazione dell&#8217;aria disciolta aumenta al massimo l&#8217;efficienza della manutenzione. Il lubrificante di raffreddamento viene mantenuto al massimo livello.  <\/p><p>Un lubrificante di raffreddamento ben mantenuto pu\u00f2 portare alle aziende notevoli vantaggi in termini di prestazioni, miglioramenti della qualit\u00e0 e risparmi sui costi. L&#8217;odore non dovrebbe pi\u00f9 essere un indicatore di cambiamento. C&#8217;\u00e8 il rischio di rischi per la salute, di perdita di prestazioni e di qualit\u00e0. Con l&#8217;aiuto dei prodotti per la cura, puoi mantenere il tuo lubrorefrigerante igienico, efficiente e risparmiare!   <\/p>\t\t\t\t\t\t\t\t<\/div>\n\t\t\t\t<\/div>\n\t\t<div class=\"elementor-element elementor-element-33ab6d2 e-con-full e-flex e-con e-child\" data-id=\"33ab6d2\" data-element_type=\"container\" data-e-type=\"container\" data-settings=\"{&quot;jet_parallax_layout_list&quot;:[]}\">\n\t\t\t\t<div class=\"elementor-element elementor-element-425b4f5 elementor-widget elementor-widget-image\" data-id=\"425b4f5\" data-element_type=\"widget\" data-e-type=\"widget\" data-widget_type=\"image.default\">\n\t\t\t\t\t\t\t\t\t\t\t\t\t\t\t<img fetchpriority=\"high\" decoding=\"async\" width=\"800\" height=\"418\" src=\"https:\/\/hamma-uwt.de\/wp-content\/uploads\/BIOBALANCE-Line-Chart.svg\" class=\"attachment-large size-large wp-image-8196\" alt=\"\" \/>\t\t\t\t\t\t\t\t\t\t\t\t\t\t\t<\/div>\n\t\t\t\t<div class=\"elementor-element elementor-element-1fbf195 elementor-widget elementor-widget-heading\" data-id=\"1fbf195\" data-element_type=\"widget\" data-e-type=\"widget\" data-widget_type=\"heading.default\">\n\t\t\t\t\t<h3 class=\"elementor-heading-title elementor-size-default\">Passo dopo passo verso la BIOBALANCE<\/h3>\t\t\t\t<\/div>\n\t\t\t\t<div class=\"elementor-element elementor-element-9905a54 elementor-widget elementor-widget-jet-carousel\" data-id=\"9905a54\" data-element_type=\"widget\" data-e-type=\"widget\" data-settings=\"{&quot;slides_to_show&quot;:&quot;1&quot;,&quot;slides_to_scroll&quot;:&quot;1&quot;}\" data-widget_type=\"jet-carousel.default\">\n\t\t\t\t<div class=\"elementor-widget-container\">\n\t\t\t\t\t<div class=\"elementor-jet-carousel jet-elements\"><div class=\"jet-carousel-wrap\">\n\t<div class=\"jet-carousel\" data-slider_options=\"{&quot;autoplaySpeed&quot;:2500,&quot;autoplay&quot;:false,&quot;infinite&quot;:false,&quot;centerMode&quot;:true,&quot;centerPadding&quot;:&quot;0px&quot;,&quot;pauseOnHover&quot;:true,&quot;speed&quot;:1700,&quot;arrows&quot;:true,&quot;dots&quot;:false,&quot;variableWidth&quot;:false,&quot;prevArrow&quot;:&quot;.jet-carousel__prev-arrow-9905a54&quot;,&quot;nextArrow&quot;:&quot;.jet-carousel__next-arrow-9905a54&quot;,&quot;rtl&quot;:false,&quot;fractionNav&quot;:true,&quot;fade&quot;:false}\" dir=\"ltr\">\n\t<div class=\"elementor-slick-slider\">\n\n<div class=\"jet-carousel__item\">\n\t<div class=\"jet-carousel__item-inner\"><a href=\"#\" class=\"jet-carousel__item-link\" ><img decoding=\"async\" src=\"https:\/\/hamma-uwt.de\/wp-content\/uploads\/hamma_misceo_3_exklusiv_web-300x300.webp\" class=\"jet-carousel__item-img\" alt=\"MISCEO Exklusiv\" loading=\"lazy\"><\/a><div class=\"jet-carousel__content\"><div class=\"jet-carousel__item-title\">1. MISCEO<\/div><div class=\"jet-carousel__item-text\"><p><strong>Fase iniziale<\/strong> - miscelazione del lubrificante di raffreddamento<\/p><p><strong>Fasi:<br><\/strong>Preparare il lubrificante refrigerante<br>Miscelare in modo completamente automatico con il MISCEO<br>Attivare le propriet\u00e0 ottimali del prodotto<\/p><\/div><\/div><\/div>\n<\/div>\n\n<div class=\"jet-carousel__item\">\n\t<div class=\"jet-carousel__item-inner\"><a href=\"#\" class=\"jet-carousel__item-link\" ><img decoding=\"async\" src=\"https:\/\/hamma-uwt.de\/wp-content\/uploads\/Hamma_MIKRO-300_2102000_03659-300x300.webp\" class=\"jet-carousel__item-img\" alt=\"Hamma_MIKRO-300_2102000_03659\" loading=\"lazy\"><\/a><div class=\"jet-carousel__content\"><div class=\"jet-carousel__item-title\">2. MIKRO<\/div><div class=\"jet-carousel__item-text\"><p><strong>Fase di manutenzione<\/strong> - aerazione e flottazione<\/p><p><strong>Fasi:<br><\/strong>Introdurre ossigeno nel lubrificante di raffreddamento<br>MIKRO genera sottili bolle d'aria<br>Le bolle d'aria trasportano le impurit\u00e0 in superficie<\/p><\/div><\/div><\/div>\n<\/div>\n\n<div class=\"jet-carousel__item\">\n\t<div class=\"jet-carousel__item-inner\"><a href=\"#\" class=\"jet-carousel__item-link\" ><img decoding=\"async\" src=\"https:\/\/hamma-uwt.de\/wp-content\/uploads\/hamma-rapid-1.1_230v_zeitschaltuhr_auslass_seitlich_mitschlauch_06085_schwarz_web-300x300.webp\" class=\"jet-carousel__item-img\" alt=\"hamma-rapid-1.1_230v_zeitschaltuhr_auslass_seitlich_mitschlauch_06085_schwarz_web\" loading=\"lazy\"><\/a><div class=\"jet-carousel__content\"><div class=\"jet-carousel__item-title\">3 RAPIDO<\/div><div class=\"jet-carousel__item-text\"><p><strong>Fase di manutenzione<\/strong> - rimozione degli oli di scarto e delle particelle in sospensione<\/p><p><strong>Fasi:<br><\/strong>Raggiungimento della contaminazione attraverso la flottazione RAPID<br>RAPID rimuove gli oli di scarto<br>Vengono rimosse anche le particelle in sospensione legate all'olio<br>L'abrasivit\u00e0 viene ridotta \u2192 Protezione di macchine e utensili<\/p><\/div><\/div><\/div>\n<\/div>\n\n<div class=\"jet-carousel__item\">\n\t<div class=\"jet-carousel__item-inner\"><a href=\"#\" class=\"jet-carousel__item-link\" ><img decoding=\"async\" src=\"https:\/\/hamma-uwt.de\/wp-content\/uploads\/Hamma_Clean-Tower-150_1501000-9073-300x300.png\" class=\"jet-carousel__item-img\" alt=\"Hamma_Clean-Tower-150_1501000-9073\" loading=\"lazy\"><\/a><div class=\"jet-carousel__content\"><div class=\"jet-carousel__item-title\">4\u00b0 TORRE PULITA<\/div><div class=\"jet-carousel__item-text\"><p>Combinazione di pulizia e ventilazione<\/p><p><strong>Fasi:<br><\/strong>Pulizia e aerazione in un unico passaggio<br>La flottazione ad aria disciolta aumenta l'efficienza<br>Il lubrificante di raffreddamento rimane igienico ed efficiente<\/p><\/div><\/div><\/div>\n<\/div>\n<\/div><div class=\"jet-carousel__prev-arrow-9905a54 jet-arrow prev-arrow\"><svg xmlns=\"http:\/\/www.w3.org\/2000\/svg\" viewBox=\"0 0 512 512\"><path d=\"M17 239L0 256l17 17L153 409l17 17L203.9 392l-17-17-95-95L488 280l24 0 0-48-24 0L91.9 232l95-95 17-17L169.9 86.1l-17 17L17 239z\"><\/path><\/svg><\/div><div class=\"jet-carousel__next-arrow-9905a54 jet-arrow next-arrow\"><svg xmlns=\"http:\/\/www.w3.org\/2000\/svg\" viewBox=\"0 0 512 512\"><path d=\"M495 273l17-17-17-17L359 103l-17-17L308.1 120l17 17 95 95L24 232 0 232l0 48 24 0 396.1 0-95 95-17 17 33.9 33.9 17-17L495 273z\"><\/path><\/svg><\/div><div class=\"jet-carousel__fraction-navigation\"><\/div><\/div>\n<\/div>\n<\/div>\t\t\t\t<\/div>\n\t\t\t\t<\/div>\n\t\t\t\t<\/div>\n\t\t\t\t\t<\/div>\n\t\t\t\t<\/div>\n\t\t\t\t<\/div>\n\t\t","protected":false},"excerpt":{"rendered":"<p>BIOBALANCE Cura del lubrificante di raffreddamento Il bioequilibrio \u00e8 la prevenzione della proliferazione indesiderata ed eccessiva di germi, batteri, funghi e lieviti. \u00c8 la conservazione dell&#8217;equilibrio biologico naturale. Che cos&#8217;\u00e8 la BIOBALANCE? Un lubrificante di raffreddamento sano e performante \u00e8 estremamente importante per una produzione moderna e orientata al futuro. Per iniziare nel migliore dei [&hellip;]<\/p>\n","protected":false},"author":2,"featured_media":0,"parent":0,"menu_order":200,"comment_status":"closed","ping_status":"closed","template":"","meta":{"_acf_changed":false,"footnotes":""},"class_list":["post-8194","page","type-page","status-publish","hentry"],"acf":[],"_links":{"self":[{"href":"https:\/\/hamma-uwt.de\/it\/wp-json\/wp\/v2\/pages\/8194","targetHints":{"allow":["GET"]}}],"collection":[{"href":"https:\/\/hamma-uwt.de\/it\/wp-json\/wp\/v2\/pages"}],"about":[{"href":"https:\/\/hamma-uwt.de\/it\/wp-json\/wp\/v2\/types\/page"}],"author":[{"embeddable":true,"href":"https:\/\/hamma-uwt.de\/it\/wp-json\/wp\/v2\/users\/2"}],"replies":[{"embeddable":true,"href":"https:\/\/hamma-uwt.de\/it\/wp-json\/wp\/v2\/comments?post=8194"}],"version-history":[{"count":1,"href":"https:\/\/hamma-uwt.de\/it\/wp-json\/wp\/v2\/pages\/8194\/revisions"}],"predecessor-version":[{"id":8201,"href":"https:\/\/hamma-uwt.de\/it\/wp-json\/wp\/v2\/pages\/8194\/revisions\/8201"}],"wp:attachment":[{"href":"https:\/\/hamma-uwt.de\/it\/wp-json\/wp\/v2\/media?parent=8194"}],"curies":[{"name":"wp","href":"https:\/\/api.w.org\/{rel}","templated":true}]}}