{"id":8384,"date":"2025-04-11T13:47:06","date_gmt":"2025-04-11T11:47:06","guid":{"rendered":"https:\/\/hamma-uwt.de\/smaltimento-dei-rifiuti\/"},"modified":"2026-03-04T10:49:21","modified_gmt":"2026-03-04T09:49:21","slug":"smaltimento-dei-rifiuti","status":"publish","type":"page","link":"https:\/\/hamma-uwt.de\/it\/smaltimento-dei-rifiuti\/","title":{"rendered":"Smaltimento dei rifiuti"},"content":{"rendered":"\t\t<div data-elementor-type=\"wp-page\" data-elementor-id=\"8384\" class=\"elementor elementor-8384 elementor-33\" data-elementor-post-type=\"page\">\n\t\t\t\t<div class=\"elementor-element elementor-element-0562d8c e-flex e-con-boxed e-con e-parent\" data-id=\"0562d8c\" data-element_type=\"container\" data-e-type=\"container\" data-settings=\"{&quot;background_background&quot;:&quot;classic&quot;,&quot;jet_parallax_layout_list&quot;:[]}\">\n\t\t\t\t\t<div class=\"e-con-inner\">\n\t\t<div class=\"elementor-element elementor-element-6863982 e-con-full e-flex e-con e-child\" data-id=\"6863982\" data-element_type=\"container\" data-e-type=\"container\" data-settings=\"{&quot;jet_parallax_layout_list&quot;:[]}\">\n\t\t\t\t<div class=\"elementor-element elementor-element-b4a9ebb elementor-widget elementor-widget-heading\" data-id=\"b4a9ebb\" data-element_type=\"widget\" data-e-type=\"widget\" data-widget_type=\"heading.default\">\n\t\t\t\t\t<h1 class=\"elementor-heading-title elementor-size-default\">Riciclaggio e smaltimento\n<\/h1>\t\t\t\t<\/div>\n\t\t\t\t<div class=\"elementor-element elementor-element-83a3a0b elementor-widget elementor-widget-text-editor\" data-id=\"83a3a0b\" data-element_type=\"widget\" data-e-type=\"widget\" data-widget_type=\"text-editor.default\">\n\t\t\t\t\t\t\t\t\t<p><strong>Produrre con responsabilit\u00e0<\/strong><\/p><p>In qualit\u00e0 di produttori di lubrificanti refrigeranti, siamo consapevoli della nostra responsabilit\u00e0. Produciamo, imballiamo, ricicliamo e smaltiamo i nostri prodotti con un alto livello di responsabilit\u00e0 personale, moralit\u00e0 e la massima sostenibilit\u00e0 possibile. Aiutaci a mantenere i materiali riciclabili nel ciclo.  <\/p>\t\t\t\t\t\t\t\t<\/div>\n\t\t\t\t<div class=\"elementor-element elementor-element-e178daf elementor-widget elementor-widget-text-editor\" data-id=\"e178daf\" data-element_type=\"widget\" data-e-type=\"widget\" data-widget_type=\"text-editor.default\">\n\t\t\t\t\t\t\t\t\t<p><strong>Insieme per un futuro sano e sostenibile.<\/strong><\/p>\t\t\t\t\t\t\t\t<\/div>\n\t\t\t\t<\/div>\n\t\t\t\t\t<\/div>\n\t\t\t\t<\/div>\n\t\t<div class=\"elementor-element elementor-element-8f43e42 e-flex e-con-boxed e-con e-parent\" data-id=\"8f43e42\" data-element_type=\"container\" data-e-type=\"container\" data-settings=\"{&quot;jet_parallax_layout_list&quot;:[]}\">\n\t\t\t\t\t<div class=\"e-con-inner\">\n\t\t<div class=\"elementor-element elementor-element-ff5ee9e e-con-full e-flex e-con e-child\" data-id=\"ff5ee9e\" data-element_type=\"container\" data-e-type=\"container\" data-settings=\"{&quot;jet_parallax_layout_list&quot;:[]}\">\n\t\t\t\t<div class=\"elementor-element elementor-element-0964308 elementor-widget elementor-widget-heading\" data-id=\"0964308\" data-element_type=\"widget\" data-e-type=\"widget\" data-widget_type=\"heading.default\">\n\t\t\t\t\t<h2 class=\"elementor-heading-title elementor-size-default\">RAEE - Rifiuti di apparecchiature elettriche ed elettroniche<\/h2>\t\t\t\t<\/div>\n\t\t\t\t<\/div>\n\t\t\t\t\t<\/div>\n\t\t\t\t<\/div>\n\t\t<div class=\"elementor-element elementor-element-a3fef75 e-flex e-con-boxed e-con e-parent\" data-id=\"a3fef75\" data-element_type=\"container\" data-e-type=\"container\" data-settings=\"{&quot;jet_parallax_layout_list&quot;:[]}\">\n\t\t\t\t\t<div class=\"e-con-inner\">\n\t\t<div class=\"elementor-element elementor-element-c45246c e-con-full e-flex e-con e-child\" data-id=\"c45246c\" data-element_type=\"container\" data-e-type=\"container\" data-settings=\"{&quot;jet_parallax_layout_list&quot;:[]}\">\n\t\t\t\t<div class=\"elementor-element elementor-element-02b0f6c elementor-widget elementor-widget-text-editor\" data-id=\"02b0f6c\" data-element_type=\"widget\" data-e-type=\"widget\" data-widget_type=\"text-editor.default\">\n\t\t\t\t\t\t\t\t\t<p data-start=\"310\" data-end=\"471\">dati<\/p>\t\t\t\t\t\t\t\t<\/div>\n\t\t\t\t<div class=\"elementor-element elementor-element-0fdc2f9 elementor-widget elementor-widget-text-editor\" data-id=\"0fdc2f9\" data-element_type=\"widget\" data-e-type=\"widget\" data-widget_type=\"text-editor.default\">\n\t\t\t\t\t\t\t\t\t<p>Azienda: Armin Hamma Umwelttechnik<br>Numero di registrazione: DE11730451<\/p><p>Tipo di apparecchio: Piccoli elettrodomestici per uso esclusivo in abitazioni diverse da quelle private<br>Iscritta a partire da: 08\/02\/2023<\/p><p>Tipo di apparecchio: Grandi elettrodomestici per uso esclusivo in abitazioni diverse da quelle private<br>Iscritta nell&#8217;elenco dal: 23\/03\/2023<\/p>\t\t\t\t\t\t\t\t<\/div>\n\t\t\t\t<div class=\"elementor-element elementor-element-78a2c2e elementor-widget elementor-widget-spacer\" data-id=\"78a2c2e\" data-element_type=\"widget\" data-e-type=\"widget\" data-widget_type=\"spacer.default\">\n\t\t\t\t\t\t\t<div class=\"elementor-spacer\">\n\t\t\t<div class=\"elementor-spacer-inner\"><\/div>\n\t\t<\/div>\n\t\t\t\t\t\t<\/div>\n\t\t\t\t<div class=\"elementor-element elementor-element-eacc8be elementor-widget elementor-widget-text-editor\" data-id=\"eacc8be\" data-element_type=\"widget\" data-e-type=\"widget\" data-widget_type=\"text-editor.default\">\n\t\t\t\t\t\t\t\t\t<p data-start=\"310\" data-end=\"471\">Luogo<\/p>\t\t\t\t\t\t\t\t<\/div>\n\t\t\t\t<div class=\"elementor-element elementor-element-a613123 elementor-widget elementor-widget-text-editor\" data-id=\"a613123\" data-element_type=\"widget\" data-e-type=\"widget\" data-widget_type=\"text-editor.default\">\n\t\t\t\t\t\t\t\t\t<p>Stiftung elektro-altger\u00e4te register<br>Nordostpark 72<br>90411 Norimberga<br>Germania<\/p><p><a href=\"https:\/\/www.stiftung-ear.de\" target=\"_blank\" rel=\"noopener\">www.stiftung-ear.de<\/a><\/p>\t\t\t\t\t\t\t\t<\/div>\n\t\t\t\t<div class=\"elementor-element elementor-element-6954829 elementor-widget elementor-widget-spacer\" data-id=\"6954829\" data-element_type=\"widget\" data-e-type=\"widget\" data-widget_type=\"spacer.default\">\n\t\t\t\t\t\t\t<div class=\"elementor-spacer\">\n\t\t\t<div class=\"elementor-spacer-inner\"><\/div>\n\t\t<\/div>\n\t\t\t\t\t\t<\/div>\n\t\t\t\t<div class=\"elementor-element elementor-element-a444610 elementor-widget elementor-widget-text-editor\" data-id=\"a444610\" data-element_type=\"widget\" data-e-type=\"widget\" data-widget_type=\"text-editor.default\">\n\t\t\t\t\t\t\t\t\t<p data-start=\"310\" data-end=\"471\">Informazioni sintetiche<\/p>\t\t\t\t\t\t\t\t<\/div>\n\t\t\t\t<div class=\"elementor-element elementor-element-8c771be elementor-widget elementor-widget-text-editor\" data-id=\"8c771be\" data-element_type=\"widget\" data-e-type=\"widget\" data-widget_type=\"text-editor.default\">\n\t\t\t\t\t\t\t\t\t<p>La Direttiva RAEE mira a prevenire i rifiuti di apparecchiature elettriche ed elettroniche e a ridurli attraverso il riutilizzo, il riciclaggio e altre forme di recupero. Stabilisce gli standard minimi per il trattamento dei rifiuti di apparecchiature elettriche ed elettroniche nell&#8217;UE al fine di contribuire allo sviluppo sostenibile nel lungo periodo. <\/p>\t\t\t\t\t\t\t\t<\/div>\n\t\t\t\t<div class=\"elementor-element elementor-element-5a4880c elementor-widget elementor-widget-spacer\" data-id=\"5a4880c\" data-element_type=\"widget\" data-e-type=\"widget\" data-widget_type=\"spacer.default\">\n\t\t\t\t\t\t\t<div class=\"elementor-spacer\">\n\t\t\t<div class=\"elementor-spacer-inner\"><\/div>\n\t\t<\/div>\n\t\t\t\t\t\t<\/div>\n\t\t\t\t<div class=\"elementor-element elementor-element-4648746 elementor-widget elementor-widget-text-editor\" data-id=\"4648746\" data-element_type=\"widget\" data-e-type=\"widget\" data-widget_type=\"text-editor.default\">\n\t\t\t\t\t\t\t\t\t<p data-start=\"310\" data-end=\"471\">Concetto di ritiro<\/p>\t\t\t\t\t\t\t\t<\/div>\n\t\t\t\t<div class=\"elementor-element elementor-element-6744383 elementor-widget elementor-widget-text-editor\" data-id=\"6744383\" data-element_type=\"widget\" data-e-type=\"widget\" data-widget_type=\"text-editor.default\">\n\t\t\t\t\t\t\t\t\t<p>Se il dispositivo acquistato ha raggiunto la fine della sua vita utile e non ti serve pi\u00f9, puoi inviarlo in condizioni ragionevoli al seguente indirizzo per il riciclaggio\/smaltimento.  <\/p>\t\t\t\t\t\t\t\t<\/div>\n\t\t\t\t<\/div>\n\t\t<div class=\"elementor-element elementor-element-47babaa e-con-full e-flex e-con e-child\" data-id=\"47babaa\" data-element_type=\"container\" data-e-type=\"container\" data-settings=\"{&quot;jet_parallax_layout_list&quot;:[]}\">\n\t\t<div class=\"elementor-element elementor-element-188eee5 e-con-full e-flex e-con e-child\" data-id=\"188eee5\" data-element_type=\"container\" data-e-type=\"container\" data-settings=\"{&quot;background_background&quot;:&quot;classic&quot;,&quot;jet_parallax_layout_list&quot;:[]}\">\n\t\t\t\t<div class=\"elementor-element elementor-element-91e3af9 elementor-widget elementor-widget-heading\" data-id=\"91e3af9\" data-element_type=\"widget\" data-e-type=\"widget\" data-widget_type=\"heading.default\">\n\t\t\t\t\t<h3 class=\"elementor-heading-title elementor-size-default\">Download<\/h3>\t\t\t\t<\/div>\n\t\t\t\t<div class=\"elementor-element elementor-element-95b0713 elementor-align-justify ham-btn elementor-widget elementor-widget-button\" data-id=\"95b0713\" data-element_type=\"widget\" data-e-type=\"widget\" data-widget_type=\"button.default\">\n\t\t\t\t\t\t\t\t\t\t<a class=\"elementor-button elementor-button-link elementor-size-sm\" href=\"https:\/\/hamma-uwt.de\/wp-content\/uploads\/Information-zu-WEEE-Stand-B-08.02.2023.pdf\" target=\"_blank\">\n\t\t\t\t\t\t<span class=\"elementor-button-content-wrapper\">\n\t\t\t\t\t\t\t\t\t<span class=\"elementor-button-text\">Informazioni sui RAEE<\/span>\n\t\t\t\t\t<\/span>\n\t\t\t\t\t<\/a>\n\t\t\t\t\t\t\t\t<\/div>\n\t\t\t\t<div class=\"elementor-element elementor-element-866a5db elementor-align-justify ham-btn elementor-widget elementor-widget-button\" data-id=\"866a5db\" data-element_type=\"widget\" data-e-type=\"widget\" data-widget_type=\"button.default\">\n\t\t\t\t\t\t\t\t\t\t<a class=\"elementor-button elementor-button-link elementor-size-sm\" href=\"https:\/\/hamma-uwt.de\/wp-content\/uploads\/Zusatzinformationen-AKKU_BATTERIE-zu-WEEE-Stand-A-22.02.2023.pdf\" target=\"_blank\">\n\t\t\t\t\t\t<span class=\"elementor-button-content-wrapper\">\n\t\t\t\t\t\t\t\t\t<span class=\"elementor-button-text\">Ulteriori informazioni sulla batteria ricaricabile e sulla batteria<\/span>\n\t\t\t\t\t<\/span>\n\t\t\t\t\t<\/a>\n\t\t\t\t\t\t\t\t<\/div>\n\t\t\t\t<div class=\"elementor-element elementor-element-0a6acf8 elementor-align-justify ham-btn elementor-widget elementor-widget-button\" data-id=\"0a6acf8\" data-element_type=\"widget\" data-e-type=\"widget\" data-widget_type=\"button.default\">\n\t\t\t\t\t\t\t\t\t\t<a class=\"elementor-button elementor-button-link elementor-size-sm\" href=\"https:\/\/hamma-uwt.de\/wp-content\/uploads\/Geraeteruecksendeschein-WEEE-A.docx\" target=\"_blank\">\n\t\t\t\t\t\t<span class=\"elementor-button-content-wrapper\">\n\t\t\t\t\t\t\t\t\t<span class=\"elementor-button-text\">  Etichetta di restituzione per i dispositivi<\/span>\n\t\t\t\t\t<\/span>\n\t\t\t\t\t<\/a>\n\t\t\t\t\t\t\t\t<\/div>\n\t\t\t\t<\/div>\n\t\t\t\t<\/div>\n\t\t\t\t\t<\/div>\n\t\t\t\t<\/div>\n\t\t<div class=\"elementor-element elementor-element-d8d7da7 e-flex e-con-boxed e-con e-parent\" data-id=\"d8d7da7\" data-element_type=\"container\" data-e-type=\"container\" data-settings=\"{&quot;jet_parallax_layout_list&quot;:[]}\">\n\t\t\t\t\t<div class=\"e-con-inner\">\n\t\t<div class=\"elementor-element elementor-element-b0f83d9 e-con-full e-flex e-con e-child\" data-id=\"b0f83d9\" data-element_type=\"container\" data-e-type=\"container\" data-settings=\"{&quot;jet_parallax_layout_list&quot;:[]}\">\n\t\t\t\t<div class=\"elementor-element elementor-element-cf7e074 elementor-widget elementor-widget-heading\" data-id=\"cf7e074\" data-element_type=\"widget\" data-e-type=\"widget\" data-widget_type=\"heading.default\">\n\t\t\t\t\t<h2 class=\"elementor-heading-title elementor-size-default\">LUCID - Registro degli imballaggi<\/h2>\t\t\t\t<\/div>\n\t\t\t\t<\/div>\n\t\t\t\t\t<\/div>\n\t\t\t\t<\/div>\n\t\t<div class=\"elementor-element elementor-element-4a0e277 e-flex e-con-boxed e-con e-parent\" data-id=\"4a0e277\" data-element_type=\"container\" data-e-type=\"container\" data-settings=\"{&quot;jet_parallax_layout_list&quot;:[]}\">\n\t\t\t\t\t<div class=\"e-con-inner\">\n\t\t<div class=\"elementor-element elementor-element-ce060bc e-con-full e-flex e-con e-child\" data-id=\"ce060bc\" data-element_type=\"container\" data-e-type=\"container\" data-settings=\"{&quot;jet_parallax_layout_list&quot;:[]}\">\n\t\t\t\t<div class=\"elementor-element elementor-element-03a2ad0 elementor-widget elementor-widget-text-editor\" data-id=\"03a2ad0\" data-element_type=\"widget\" data-e-type=\"widget\" data-widget_type=\"text-editor.default\">\n\t\t\t\t\t\t\t\t\t<p data-start=\"310\" data-end=\"471\">dati<\/p>\t\t\t\t\t\t\t\t<\/div>\n\t\t\t\t<div class=\"elementor-element elementor-element-5214613 elementor-widget elementor-widget-text-editor\" data-id=\"5214613\" data-element_type=\"widget\" data-e-type=\"widget\" data-widget_type=\"text-editor.default\">\n\t\t\t\t\t\t\t\t\t<p>Azienda: Armin Hamma Umwelttechnik<br>Gestito da: 01.07.2022<br>Numero di registrazione: DE3537499563444<\/p>\t\t\t\t\t\t\t\t<\/div>\n\t\t\t\t<div class=\"elementor-element elementor-element-9255b58 elementor-widget elementor-widget-spacer\" data-id=\"9255b58\" data-element_type=\"widget\" data-e-type=\"widget\" data-widget_type=\"spacer.default\">\n\t\t\t\t\t\t\t<div class=\"elementor-spacer\">\n\t\t\t<div class=\"elementor-spacer-inner\"><\/div>\n\t\t<\/div>\n\t\t\t\t\t\t<\/div>\n\t\t\t\t<div class=\"elementor-element elementor-element-71101d6 elementor-widget elementor-widget-text-editor\" data-id=\"71101d6\" data-element_type=\"widget\" data-e-type=\"widget\" data-widget_type=\"text-editor.default\">\n\t\t\t\t\t\t\t\t\t<p data-start=\"310\" data-end=\"471\">Luogo<\/p>\t\t\t\t\t\t\t\t<\/div>\n\t\t\t\t<div class=\"elementor-element elementor-element-b20574a elementor-widget elementor-widget-text-editor\" data-id=\"b20574a\" data-element_type=\"widget\" data-e-type=\"widget\" data-widget_type=\"text-editor.default\">\n\t\t\t\t\t\t\t\t\t<p>Stiftung Zentrale<br>Stelle Verpackungsregister<br>\u00d6wer de Hase 18<br>49074 Osnabr\u00fcck<br>Germania<\/p><p><a href=\"https:\/\/lucid.verpackungsregister.org\/\" target=\"_blank\" rel=\"noopener\">lucid.verpackungsregister.org<\/a><\/p>\t\t\t\t\t\t\t\t<\/div>\n\t\t\t\t<div class=\"elementor-element elementor-element-6d41bb5 elementor-widget elementor-widget-spacer\" data-id=\"6d41bb5\" data-element_type=\"widget\" data-e-type=\"widget\" data-widget_type=\"spacer.default\">\n\t\t\t\t\t\t\t<div class=\"elementor-spacer\">\n\t\t\t<div class=\"elementor-spacer-inner\"><\/div>\n\t\t<\/div>\n\t\t\t\t\t\t<\/div>\n\t\t\t\t<div class=\"elementor-element elementor-element-cdf5182 elementor-widget elementor-widget-text-editor\" data-id=\"cdf5182\" data-element_type=\"widget\" data-e-type=\"widget\" data-widget_type=\"text-editor.default\">\n\t\t\t\t\t\t\t\t\t<p data-start=\"310\" data-end=\"471\">Informazioni sintetiche<\/p>\t\t\t\t\t\t\t\t<\/div>\n\t\t\t\t<div class=\"elementor-element elementor-element-1f3c1f7 elementor-widget elementor-widget-text-editor\" data-id=\"1f3c1f7\" data-element_type=\"widget\" data-e-type=\"widget\" data-widget_type=\"text-editor.default\">\n\t\t\t\t\t\t\t\t\t<p>Le modifiche alla Legge sugli imballaggi sono entrate in vigore il 1\u00b0 luglio 2022: I distributori iniziali di tutti i tipi di imballaggi riempiti con merci (compresi gli imballaggi per il trasporto e gli imballaggi soggetti a restituzione e\/o deposito) devono registrarsi e fornire informazioni sugli imballaggi che utilizzano. L&#8217;obbligo di registrazione \u00e8 nuovo anche per i distributori finali di imballaggi di servizio riempiti, anche se acquistano questi imballaggi con una partecipazione completa al sistema. <\/p>\t\t\t\t\t\t\t\t<\/div>\n\t\t\t\t<\/div>\n\t\t\t\t\t<\/div>\n\t\t\t\t<\/div>\n\t\t<div class=\"elementor-element elementor-element-0d31ed4 e-flex e-con-boxed e-con e-parent\" data-id=\"0d31ed4\" data-element_type=\"container\" data-e-type=\"container\" data-settings=\"{&quot;jet_parallax_layout_list&quot;:[]}\">\n\t\t\t\t\t<div class=\"e-con-inner\">\n\t\t<div class=\"elementor-element elementor-element-1e418ce e-con-full e-flex e-con e-child\" data-id=\"1e418ce\" data-element_type=\"container\" data-e-type=\"container\" data-settings=\"{&quot;jet_parallax_layout_list&quot;:[]}\">\n\t\t\t\t<div class=\"elementor-element elementor-element-30a8a44 elementor-widget elementor-widget-heading\" data-id=\"30a8a44\" data-element_type=\"widget\" data-e-type=\"widget\" data-widget_type=\"heading.default\">\n\t\t\t\t\t<h2 class=\"elementor-heading-title elementor-size-default\">RESY - Sistema di riciclaggio<\/h2>\t\t\t\t<\/div>\n\t\t\t\t<\/div>\n\t\t\t\t\t<\/div>\n\t\t\t\t<\/div>\n\t\t<div class=\"elementor-element elementor-element-2605009 e-flex e-con-boxed e-con e-parent\" data-id=\"2605009\" data-element_type=\"container\" data-e-type=\"container\" data-settings=\"{&quot;jet_parallax_layout_list&quot;:[]}\">\n\t\t\t\t\t<div class=\"e-con-inner\">\n\t\t<div class=\"elementor-element elementor-element-84ebf54 e-con-full e-flex e-con e-child\" data-id=\"84ebf54\" data-element_type=\"container\" data-e-type=\"container\" data-settings=\"{&quot;jet_parallax_layout_list&quot;:[]}\">\n\t\t\t\t<div class=\"elementor-element elementor-element-243ac10 elementor-widget elementor-widget-text-editor\" data-id=\"243ac10\" data-element_type=\"widget\" data-e-type=\"widget\" data-widget_type=\"text-editor.default\">\n\t\t\t\t\t\t\t\t\t<p data-start=\"310\" data-end=\"471\">dati<\/p>\t\t\t\t\t\t\t\t<\/div>\n\t\t\t\t<div class=\"elementor-element elementor-element-68ce619 elementor-widget elementor-widget-text-editor\" data-id=\"68ce619\" data-element_type=\"widget\" data-e-type=\"widget\" data-widget_type=\"text-editor.default\">\n\t\t\t\t\t\t\t\t\t<p>Azienda: Armin Hamma Umwelttechnik<\/p>\t\t\t\t\t\t\t\t<\/div>\n\t\t\t\t<div class=\"elementor-element elementor-element-8cd2d58 elementor-widget elementor-widget-spacer\" data-id=\"8cd2d58\" data-element_type=\"widget\" data-e-type=\"widget\" data-widget_type=\"spacer.default\">\n\t\t\t\t\t\t\t<div class=\"elementor-spacer\">\n\t\t\t<div class=\"elementor-spacer-inner\"><\/div>\n\t\t<\/div>\n\t\t\t\t\t\t<\/div>\n\t\t\t\t<div class=\"elementor-element elementor-element-673f050 elementor-widget elementor-widget-text-editor\" data-id=\"673f050\" data-element_type=\"widget\" data-e-type=\"widget\" data-widget_type=\"text-editor.default\">\n\t\t\t\t\t\t\t\t\t<p data-start=\"310\" data-end=\"471\">Luogo<\/p>\t\t\t\t\t\t\t\t<\/div>\n\t\t\t\t<div class=\"elementor-element elementor-element-0eac4fc elementor-widget elementor-widget-text-editor\" data-id=\"0eac4fc\" data-element_type=\"widget\" data-e-type=\"widget\" data-widget_type=\"text-editor.default\">\n\t\t\t\t\t\t\t\t\t<p>RESY<br>Organisation f\u00fcr Wertstoffentsorgung GmbH<br>Hilpertstra\u00dfe 22<br>64295 Darmstadt<br>Germania<\/p><p><a href=\"https:\/\/www.resy.de\" target=\"_blank\" rel=\"noopener\">www.resy.de<\/a><\/p>\t\t\t\t\t\t\t\t<\/div>\n\t\t\t\t<div class=\"elementor-element elementor-element-80209fd elementor-widget elementor-widget-spacer\" data-id=\"80209fd\" data-element_type=\"widget\" data-e-type=\"widget\" data-widget_type=\"spacer.default\">\n\t\t\t\t\t\t\t<div class=\"elementor-spacer\">\n\t\t\t<div class=\"elementor-spacer-inner\"><\/div>\n\t\t<\/div>\n\t\t\t\t\t\t<\/div>\n\t\t\t\t<div class=\"elementor-element elementor-element-8389d01 elementor-widget elementor-widget-text-editor\" data-id=\"8389d01\" data-element_type=\"widget\" data-e-type=\"widget\" data-widget_type=\"text-editor.default\">\n\t\t\t\t\t\t\t\t\t<p data-start=\"310\" data-end=\"471\">Informazioni sintetiche<\/p>\t\t\t\t\t\t\t\t<\/div>\n\t\t\t\t<div class=\"elementor-element elementor-element-e1945dc elementor-widget elementor-widget-text-editor\" data-id=\"e1945dc\" data-element_type=\"widget\" data-e-type=\"widget\" data-widget_type=\"text-editor.default\">\n\t\t\t\t\t\t\t\t\t<p>RESY garantisce lo smaltimento e il riciclaggio completo di tutti gli imballaggi esterni e di trasporto in carta e cartone etichettati con il simbolo RESY. Solo gli imballaggi esterni e di trasporto riciclabili in carta e cartone possono riportare il simbolo RESY. <\/p>\t\t\t\t\t\t\t\t<\/div>\n\t\t\t\t<div class=\"elementor-element elementor-element-9d3919f elementor-widget elementor-widget-spacer\" data-id=\"9d3919f\" data-element_type=\"widget\" data-e-type=\"widget\" data-widget_type=\"spacer.default\">\n\t\t\t\t\t\t\t<div class=\"elementor-spacer\">\n\t\t\t<div class=\"elementor-spacer-inner\"><\/div>\n\t\t<\/div>\n\t\t\t\t\t\t<\/div>\n\t\t\t\t<div class=\"elementor-element elementor-element-23e21ca elementor-widget elementor-widget-text-editor\" data-id=\"23e21ca\" data-element_type=\"widget\" data-e-type=\"widget\" data-widget_type=\"text-editor.default\">\n\t\t\t\t\t\t\t\t\t<p>Il nostro impegno<\/p>\t\t\t\t\t\t\t\t<\/div>\n\t\t\t\t<div class=\"elementor-element elementor-element-19589bc elementor-widget elementor-widget-text-editor\" data-id=\"19589bc\" data-element_type=\"widget\" data-e-type=\"widget\" data-widget_type=\"text-editor.default\">\n\t\t\t\t\t\t\t\t\t<p>Per i nostri imballaggi puntiamo su un&#8217;elevata riutilizzabilit\u00e0 e riciclabilit\u00e0. Il sistema RESY svolge un ruolo fondamentale in questo senso. Imballaggi sicuri, ma sostenibili. Gli imballaggi in cartone e il riciclo sono il nostro obiettivo per il futuro. Anche tu puoi contribuire.    <\/p>\t\t\t\t\t\t\t\t<\/div>\n\t\t\t\t<\/div>\n\t\t\t\t\t<\/div>\n\t\t\t\t<\/div>\n\t\t<div class=\"elementor-element elementor-element-6fd808c e-flex e-con-boxed e-con e-parent\" data-id=\"6fd808c\" data-element_type=\"container\" data-e-type=\"container\" data-settings=\"{&quot;jet_parallax_layout_list&quot;:[]}\">\n\t\t\t\t\t<div class=\"e-con-inner\">\n\t\t<div class=\"elementor-element elementor-element-8e36c0a e-con-full e-flex e-con e-child\" data-id=\"8e36c0a\" data-element_type=\"container\" data-e-type=\"container\" data-settings=\"{&quot;jet_parallax_layout_list&quot;:[]}\">\n\t\t\t\t<div class=\"elementor-element elementor-element-8d61c5f elementor-widget-divider--view-line elementor-widget elementor-widget-divider\" data-id=\"8d61c5f\" data-element_type=\"widget\" data-e-type=\"widget\" data-widget_type=\"divider.default\">\n\t\t\t\t\t\t\t<div class=\"elementor-divider\">\n\t\t\t<span class=\"elementor-divider-separator\">\n\t\t\t\t\t\t<\/span>\n\t\t<\/div>\n\t\t\t\t\t\t<\/div>\n\t\t\t\t<div class=\"elementor-element elementor-element-a6dadd9 elementor-widget elementor-widget-text-editor\" data-id=\"a6dadd9\" data-element_type=\"widget\" data-e-type=\"widget\" data-widget_type=\"text-editor.default\">\n\t\t\t\t\t\t\t\t\t<p>Soggetto a modifiche senza preavviso.<\/p>\t\t\t\t\t\t\t\t<\/div>\n\t\t\t\t<\/div>\n\t\t\t\t\t<\/div>\n\t\t\t\t<\/div>\n\t\t\t\t<\/div>\n\t\t","protected":false},"excerpt":{"rendered":"<p>Riciclaggio e smaltimento Produrre con responsabilit\u00e0 In qualit\u00e0 di produttori di lubrificanti refrigeranti, siamo consapevoli della nostra responsabilit\u00e0. Produciamo, imballiamo, ricicliamo e smaltiamo i nostri prodotti con un alto livello di responsabilit\u00e0 personale, moralit\u00e0 e la massima sostenibilit\u00e0 possibile. Aiutaci a mantenere i materiali riciclabili nel ciclo. Insieme per un futuro sano e sostenibile. RAEE [&hellip;]<\/p>\n","protected":false},"author":3,"featured_media":0,"parent":0,"menu_order":70,"comment_status":"closed","ping_status":"closed","template":"","meta":{"_acf_changed":false,"footnotes":""},"class_list":["post-8384","page","type-page","status-publish","hentry"],"acf":[],"_links":{"self":[{"href":"https:\/\/hamma-uwt.de\/it\/wp-json\/wp\/v2\/pages\/8384","targetHints":{"allow":["GET"]}}],"collection":[{"href":"https:\/\/hamma-uwt.de\/it\/wp-json\/wp\/v2\/pages"}],"about":[{"href":"https:\/\/hamma-uwt.de\/it\/wp-json\/wp\/v2\/types\/page"}],"author":[{"embeddable":true,"href":"https:\/\/hamma-uwt.de\/it\/wp-json\/wp\/v2\/users\/3"}],"replies":[{"embeddable":true,"href":"https:\/\/hamma-uwt.de\/it\/wp-json\/wp\/v2\/comments?post=8384"}],"version-history":[{"count":1,"href":"https:\/\/hamma-uwt.de\/it\/wp-json\/wp\/v2\/pages\/8384\/revisions"}],"predecessor-version":[{"id":8386,"href":"https:\/\/hamma-uwt.de\/it\/wp-json\/wp\/v2\/pages\/8384\/revisions\/8386"}],"wp:attachment":[{"href":"https:\/\/hamma-uwt.de\/it\/wp-json\/wp\/v2\/media?parent=8384"}],"curies":[{"name":"wp","href":"https:\/\/api.w.org\/{rel}","templated":true}]}}