{"id":11563,"date":"2025-08-27T09:00:08","date_gmt":"2025-08-27T07:00:08","guid":{"rendered":"https:\/\/hamma-uwt.de\/produkt\/sistema-di-assistenza-di-grandi-dimensioni\/"},"modified":"2025-08-27T09:00:08","modified_gmt":"2025-08-27T07:00:08","slug":"sistema-di-assistenza-di-grandi-dimensioni","status":"publish","type":"product","link":"https:\/\/hamma-uwt.de\/it\/produkt\/sistema-di-assistenza-di-grandi-dimensioni\/","title":{"rendered":"Sistema di assistenza di grandi dimensioni"},"content":{"rendered":"<p>Il pacchetto di lubrorefrigeranti puliti ed efficienti per macchine di medie e grandi dimensioni \u00e8 facile da installare e da gestire e allo stesso tempo molto efficace in termini di prestazioni.<\/p>\n<p>Gli schiumatoi rapidi e i micro-aeratori mantengono la qualit\u00e0 del tuo lubrificante di raffreddamento per un periodo di tempo notevolmente pi\u00f9 lungo. Il risultato \u00e8 una maggiore velocit\u00e0 di taglio e una durata pi\u00f9 lunga per i tuoi utensili e le tue macchine: vivi in modo pi\u00f9 sano, risparmi rapidamente e ti risparmi gli odori sgradevoli. <\/p>\n<p>Il micro aeratore Mikro garantisce un sufficiente apporto di ossigeno grazie a minuscole bolle d&#8217;aria. Le propriet\u00e0 igieniche del mezzo sono drasticamente migliorate. Le particelle in sospensione vengono trasportate in superficie e possono essere rimosse dallo schiumatoio Rapid. Durante la fase di manutenzione del tuo lubrificante refrigerante, lo schiumatoio Rapid rimuove gli oli galleggianti indesiderati, i saponi calcarei e le sostanze in sospensione. Le prestazioni del tuo lubrificante refrigerante aumentano e tu produci in modo pi\u00f9 sicuro, pi\u00f9 veloce e migliore.    <\/p>\n","protected":false},"excerpt":{"rendered":"<p>Senza staffa, per contenitori con superficie fino a 6 m\u00b2 \/ volume fino a 1000 litri<\/p>\n","protected":false},"featured_media":1067,"comment_status":"closed","ping_status":"closed","template":"","meta":{"_acf_changed":false},"product_brand":[],"product_cat":[716],"product_tag":[],"class_list":{"0":"post-11563","1":"product","2":"type-product","3":"status-publish","4":"has-post-thumbnail","6":"product_cat-biobalance","8":"first","9":"instock","10":"purchasable","11":"product-type-simple"},"acf":[],"_links":{"self":[{"href":"https:\/\/hamma-uwt.de\/it\/wp-json\/wp\/v2\/product\/11563","targetHints":{"allow":["GET"]}}],"collection":[{"href":"https:\/\/hamma-uwt.de\/it\/wp-json\/wp\/v2\/product"}],"about":[{"href":"https:\/\/hamma-uwt.de\/it\/wp-json\/wp\/v2\/types\/product"}],"replies":[{"embeddable":true,"href":"https:\/\/hamma-uwt.de\/it\/wp-json\/wp\/v2\/comments?post=11563"}],"wp:featuredmedia":[{"embeddable":true,"href":"https:\/\/hamma-uwt.de\/it\/wp-json\/wp\/v2\/media\/1067"}],"wp:attachment":[{"href":"https:\/\/hamma-uwt.de\/it\/wp-json\/wp\/v2\/media?parent=11563"}],"wp:term":[{"taxonomy":"product_brand","embeddable":true,"href":"https:\/\/hamma-uwt.de\/it\/wp-json\/wp\/v2\/product_brand?post=11563"},{"taxonomy":"product_cat","embeddable":true,"href":"https:\/\/hamma-uwt.de\/it\/wp-json\/wp\/v2\/product_cat?post=11563"},{"taxonomy":"product_tag","embeddable":true,"href":"https:\/\/hamma-uwt.de\/it\/wp-json\/wp\/v2\/product_tag?post=11563"}],"curies":[{"name":"wp","href":"https:\/\/api.w.org\/{rel}","templated":true}]}}