{"id":12665,"date":"2025-08-12T15:30:12","date_gmt":"2025-08-12T13:30:12","guid":{"rendered":"https:\/\/hamma-uwt.de\/produkt\/mikro-300\/"},"modified":"2026-03-12T09:05:37","modified_gmt":"2026-03-12T08:05:37","slug":"mikro-300","status":"publish","type":"product","link":"https:\/\/hamma-uwt.de\/it\/produkt\/mikro-300\/","title":{"rendered":"MIKRO 300"},"content":{"rendered":"<p>Il Mikro 300 aeratore \u00e8 in grado di aerare contenitori fino a 500 litri.<\/p>\n<p>Il micro aeratore ti offre un lubrificante refrigerante di altissima qualit\u00e0 grazie all&#8217;introduzione di ossigeno atmosferico. Grazie alla sua semplicit\u00e0 di installazione e di funzionamento, Mikro pu\u00f2 essere regolato rapidamente in base alle esigenze del tuo lubrificante refrigerante. Il Mikro pu\u00f2 essere controllato a seconda delle esigenze grazie al suo timer. Con l&#8217;aiuto delle sue piastre di aerazione, le bolle d&#8217;aria pi\u00f9 fini e definite fluttuano nel lubrificante refrigerante a una velocit\u00e0 di galleggiamento predeterminata. Questo permette al lubrificante refrigerante di riassorbire l&#8217;ossigeno utilizzato, ripristinando il bioequilibrio.    <\/p>\n<p>I tuoi vantaggi:<\/p>\n<ul>\n<li>Biobilanciamento stabile<\/li>\n<li>Lubrificante di raffreddamento ad altissime prestazioni<\/li>\n<li>Dati di taglio pi\u00f9 elevati<\/li>\n<li>Lunga durata degli utensili e delle macchine<\/li>\n<li>Elevata igiene della pelle<\/li>\n<\/ul>\n<p>&nbsp;<\/p>\n<p>Per completare la tua manutenzione, combina il tuo microaeratore con lo schiumatoio Rapid per ottenere un lubrificante di raffreddamento sempre pulito e biostabile con propriet\u00e0 di produzione ottimali.<\/p>\n","protected":false},"excerpt":{"rendered":"<p>incl. Unit\u00e0 di ventilazione con 2 piastre di ventilazione<\/p>\n","protected":false},"featured_media":6606,"comment_status":"closed","ping_status":"closed","template":"","meta":{"_acf_changed":false},"product_brand":[],"product_cat":[1231],"product_tag":[],"class_list":{"0":"post-12665","1":"product","2":"type-product","3":"status-publish","4":"has-post-thumbnail","6":"product_cat-micro-aeratore","8":"first","9":"instock","10":"shipping-taxable","11":"purchasable","12":"product-type-simple"},"acf":[],"_links":{"self":[{"href":"https:\/\/hamma-uwt.de\/it\/wp-json\/wp\/v2\/product\/12665","targetHints":{"allow":["GET"]}}],"collection":[{"href":"https:\/\/hamma-uwt.de\/it\/wp-json\/wp\/v2\/product"}],"about":[{"href":"https:\/\/hamma-uwt.de\/it\/wp-json\/wp\/v2\/types\/product"}],"replies":[{"embeddable":true,"href":"https:\/\/hamma-uwt.de\/it\/wp-json\/wp\/v2\/comments?post=12665"}],"wp:featuredmedia":[{"embeddable":true,"href":"https:\/\/hamma-uwt.de\/it\/wp-json\/wp\/v2\/media\/6606"}],"wp:attachment":[{"href":"https:\/\/hamma-uwt.de\/it\/wp-json\/wp\/v2\/media?parent=12665"}],"wp:term":[{"taxonomy":"product_brand","embeddable":true,"href":"https:\/\/hamma-uwt.de\/it\/wp-json\/wp\/v2\/product_brand?post=12665"},{"taxonomy":"product_cat","embeddable":true,"href":"https:\/\/hamma-uwt.de\/it\/wp-json\/wp\/v2\/product_cat?post=12665"},{"taxonomy":"product_tag","embeddable":true,"href":"https:\/\/hamma-uwt.de\/it\/wp-json\/wp\/v2\/product_tag?post=12665"}],"curies":[{"name":"wp","href":"https:\/\/api.w.org\/{rel}","templated":true}]}}