{"id":13210,"date":"2025-07-14T12:06:44","date_gmt":"2025-07-14T10:06:44","guid":{"rendered":"https:\/\/hamma-uwt.de\/produkt\/set-di-monitoraggio-del-livello\/"},"modified":"2025-07-14T12:06:44","modified_gmt":"2025-07-14T10:06:44","slug":"set-di-monitoraggio-del-livello","status":"publish","type":"product","link":"https:\/\/hamma-uwt.de\/it\/produkt\/set-di-monitoraggio-del-livello\/","title":{"rendered":"Set di monitoraggio del livello"},"content":{"rendered":"<p>Il monitor del livello di riempimento F\u00dc-1 \u00e8 un sistema di monitoraggio completamente controllato elettronicamente per controllare il riempimento automatico di un contenitore. Il sistema di monitoraggio utilizza dei sensori per riconoscere il livello di riempimento di un contenitore e apre e chiude una valvola in base alle necessit\u00e0. I componenti di alta qualit\u00e0 (ad esempio l&#8217;arresto di emergenza in conformit\u00e0 con WHG) consentono un riempimento sicuro, affidabile e automatico.  <\/p>\n<p>Grazie al set pronto per il collegamento, potrai riempire la tua macchina in modo rapido, semplice e affidabile in modo automatico in combinazione con il MISCEO 3.<\/p>\n<p>I tuoi vantaggi:<\/p>\n<ul>\n<li>Macchina automatica di riempimento<\/li>\n<li>Produzione affidabile<\/li>\n<li>Soluzione completa pronta per la connessione (installazione semplice)<\/li>\n<li>Arresto di emergenza secondo WHG<\/li>\n<li>Temperatura uniforme del lubrificante di raffreddamento \/ Concentrazione stabile del lubrificante di raffreddamento<\/li>\n<\/ul>\n","protected":false},"excerpt":{"rendered":"<p>Set completo di monitor di livello F\u00dc-1-24D<\/p>\n","protected":false},"featured_media":3786,"comment_status":"closed","ping_status":"closed","template":"","meta":{"_acf_changed":false},"product_brand":[],"product_cat":[1522],"product_tag":[],"class_list":{"0":"post-13210","1":"product","2":"type-product","3":"status-publish","4":"has-post-thumbnail","6":"product_cat-monitoraggio-del-livello-di-riempimento","8":"first","9":"instock","10":"purchasable","11":"product-type-simple"},"acf":[],"_links":{"self":[{"href":"https:\/\/hamma-uwt.de\/it\/wp-json\/wp\/v2\/product\/13210","targetHints":{"allow":["GET"]}}],"collection":[{"href":"https:\/\/hamma-uwt.de\/it\/wp-json\/wp\/v2\/product"}],"about":[{"href":"https:\/\/hamma-uwt.de\/it\/wp-json\/wp\/v2\/types\/product"}],"replies":[{"embeddable":true,"href":"https:\/\/hamma-uwt.de\/it\/wp-json\/wp\/v2\/comments?post=13210"}],"wp:featuredmedia":[{"embeddable":true,"href":"https:\/\/hamma-uwt.de\/it\/wp-json\/wp\/v2\/media\/3786"}],"wp:attachment":[{"href":"https:\/\/hamma-uwt.de\/it\/wp-json\/wp\/v2\/media?parent=13210"}],"wp:term":[{"taxonomy":"product_brand","embeddable":true,"href":"https:\/\/hamma-uwt.de\/it\/wp-json\/wp\/v2\/product_brand?post=13210"},{"taxonomy":"product_cat","embeddable":true,"href":"https:\/\/hamma-uwt.de\/it\/wp-json\/wp\/v2\/product_cat?post=13210"},{"taxonomy":"product_tag","embeddable":true,"href":"https:\/\/hamma-uwt.de\/it\/wp-json\/wp\/v2\/product_tag?post=13210"}],"curies":[{"name":"wp","href":"https:\/\/api.w.org\/{rel}","templated":true}]}}