{"id":14825,"date":"2025-08-11T16:42:15","date_gmt":"2025-08-11T14:42:15","guid":{"rendered":"https:\/\/hamma-uwt.de\/produkt\/carrello-a-tamburo-con-e-drive\/"},"modified":"2025-08-11T16:42:15","modified_gmt":"2025-08-11T14:42:15","slug":"carrello-a-tamburo-con-e-drive","status":"publish","type":"product","link":"https:\/\/hamma-uwt.de\/it\/produkt\/carrello-a-tamburo-con-e-drive\/","title":{"rendered":"Carrello a tamburo con E-Drive"},"content":{"rendered":"<p>Il carrello per fusti rende il riempimento delle tue macchine molto veloce, facile e flessibile. Puoi spostare il fusto del lubrificante refrigerante e la tecnologia di miscelazione direttamente alla macchina in pochissimo tempo<br \/>\nper riempirla comodamente in loco. Ogni carrello per fusti \u00e8 dotato di rotelle scorrevoli, di un supporto sicuro per i fusti e di una capacit\u00e0 di 220 litri per rendere il viaggio verso la macchina semplice e sicuro. Se vuoi aumentare la comodit\u00e0, scegli il carrello porta fusti con E-Drive, che rende i viaggi pi\u00f9 lunghi un gioco da ragazzi.   <\/p>\n<p>Il carrello a tamburo pu\u00f2 ospitare Misceo 3 (batteria inclusa), due avvolgitubo e un avvolgicavo.<\/p>\n<p>I tuoi vantaggi:<\/p>\n<ul>\n<li>Cambio ergonomico con E-Drive<\/li>\n<li>Facile da spostare grazie alle ruote scorrevoli<\/li>\n<li>Design robusto e di alta qualit\u00e0<\/li>\n<li>Vassoio di raccolta integrato<\/li>\n<li>Facile da pulire<\/li>\n<li>Ideale da abbinare al tuo Misceo<\/li>\n<li>Molte opzioni pratiche<\/li>\n<\/ul>\n","protected":false},"excerpt":{"rendered":"<p>nero con vassoio di raccolta, cinghia di sicurezza del fusto e staffa per MISCEO 3<\/p>\n","protected":false},"featured_media":2027,"comment_status":"closed","ping_status":"closed","template":"","meta":{"_acf_changed":false},"product_brand":[],"product_cat":[1883],"product_tag":[],"class_list":{"0":"post-14825","1":"product","2":"type-product","3":"status-publish","4":"has-post-thumbnail","6":"product_cat-carrello-a-botte","8":"first","9":"instock","10":"purchasable","11":"product-type-simple"},"acf":[],"_links":{"self":[{"href":"https:\/\/hamma-uwt.de\/it\/wp-json\/wp\/v2\/product\/14825","targetHints":{"allow":["GET"]}}],"collection":[{"href":"https:\/\/hamma-uwt.de\/it\/wp-json\/wp\/v2\/product"}],"about":[{"href":"https:\/\/hamma-uwt.de\/it\/wp-json\/wp\/v2\/types\/product"}],"replies":[{"embeddable":true,"href":"https:\/\/hamma-uwt.de\/it\/wp-json\/wp\/v2\/comments?post=14825"}],"wp:featuredmedia":[{"embeddable":true,"href":"https:\/\/hamma-uwt.de\/it\/wp-json\/wp\/v2\/media\/2027"}],"wp:attachment":[{"href":"https:\/\/hamma-uwt.de\/it\/wp-json\/wp\/v2\/media?parent=14825"}],"wp:term":[{"taxonomy":"product_brand","embeddable":true,"href":"https:\/\/hamma-uwt.de\/it\/wp-json\/wp\/v2\/product_brand?post=14825"},{"taxonomy":"product_cat","embeddable":true,"href":"https:\/\/hamma-uwt.de\/it\/wp-json\/wp\/v2\/product_cat?post=14825"},{"taxonomy":"product_tag","embeddable":true,"href":"https:\/\/hamma-uwt.de\/it\/wp-json\/wp\/v2\/product_tag?post=14825"}],"curies":[{"name":"wp","href":"https:\/\/api.w.org\/{rel}","templated":true}]}}