{"id":8210,"date":"2025-06-24T12:29:27","date_gmt":"2025-06-24T10:29:27","guid":{"rendered":"https:\/\/hamma-uwt.de\/biobalans\/"},"modified":"2026-03-04T10:46:58","modified_gmt":"2026-03-04T09:46:58","slug":"biobalans","status":"publish","type":"page","link":"https:\/\/hamma-uwt.de\/nl\/biobalans\/","title":{"rendered":"Biobalans"},"content":{"rendered":"\t\t<div data-elementor-type=\"wp-page\" data-elementor-id=\"8210\" class=\"elementor elementor-8210 elementor-484\" data-elementor-post-type=\"page\">\n\t\t\t\t<div class=\"elementor-element elementor-element-c3de555 e-flex e-con-boxed e-con e-parent\" data-id=\"c3de555\" data-element_type=\"container\" data-e-type=\"container\" data-settings=\"{&quot;background_background&quot;:&quot;video&quot;,&quot;jet_parallax_layout_list&quot;:[],&quot;background_video_link&quot;:&quot;https:\\\/\\\/hamma-uwt.de\\\/wp-content\\\/uploads\\\/Background-01.mp4&quot;}\">\n\t\t\t\t\t<div class=\"e-con-inner\">\n\t\t<div class=\"elementor-background-video-container elementor-hidden-mobile\">\n\t\t\t\t\t\t\t<video class=\"elementor-background-video-hosted\" role=\"presentation\" autoplay muted playsinline loop><\/video>\n\t\t\t\t\t<\/div><div class=\"elementor-element elementor-element-4b57c9e e-con-full e-flex e-con e-child\" data-id=\"4b57c9e\" data-element_type=\"container\" data-e-type=\"container\" data-settings=\"{&quot;jet_parallax_layout_list&quot;:[]}\">\n\t\t\t\t<div class=\"elementor-element elementor-element-488b1d5 elementor-widget elementor-widget-heading\" data-id=\"488b1d5\" data-element_type=\"widget\" data-e-type=\"widget\" data-widget_type=\"heading.default\">\n\t\t\t\t\t<h1 class=\"elementor-heading-title elementor-size-default\">BIOBALANCE <br>Koelsmeermiddel verzorging<\/h1>\t\t\t\t<\/div>\n\t\t\t\t<div class=\"elementor-element elementor-element-8c9f7c1 elementor-widget elementor-widget-text-editor\" data-id=\"8c9f7c1\" data-element_type=\"widget\" data-e-type=\"widget\" data-widget_type=\"text-editor.default\">\n\t\t\t\t\t\t\t\t\t<p>Biobalans is het voorkomen van ongewenste en overmatige verspreiding van ziektekiemen, bacteri\u00ebn, schimmels en gisten. Het is het behoud van het natuurlijke biologische evenwicht. <\/p>\t\t\t\t\t\t\t\t<\/div>\n\t\t\t\t<\/div>\n\t\t\t\t\t<\/div>\n\t\t\t\t<\/div>\n\t\t<div class=\"elementor-element elementor-element-446b030 e-flex e-con-boxed e-con e-parent\" data-id=\"446b030\" data-element_type=\"container\" data-e-type=\"container\" data-settings=\"{&quot;jet_parallax_layout_list&quot;:[]}\">\n\t\t\t\t\t<div class=\"e-con-inner\">\n\t\t<div class=\"elementor-element elementor-element-25cff84 e-con-full e-flex e-con e-child\" data-id=\"25cff84\" data-element_type=\"container\" data-e-type=\"container\" data-settings=\"{&quot;jet_parallax_layout_list&quot;:[]}\">\n\t\t\t\t<div class=\"elementor-element elementor-element-631aa60 elementor-widget elementor-widget-heading\" data-id=\"631aa60\" data-element_type=\"widget\" data-e-type=\"widget\" data-widget_type=\"heading.default\">\n\t\t\t\t\t<h2 class=\"elementor-heading-title elementor-size-default\">Wat is BIOBALANCE?<\/h2>\t\t\t\t<\/div>\n\t\t\t\t<\/div>\n\t\t\t\t\t<\/div>\n\t\t\t\t<\/div>\n\t\t<div class=\"elementor-element elementor-element-e3b5a3d e-flex e-con-boxed e-con e-parent\" data-id=\"e3b5a3d\" data-element_type=\"container\" data-e-type=\"container\" data-settings=\"{&quot;jet_parallax_layout_list&quot;:[]}\">\n\t\t\t\t\t<div class=\"e-con-inner\">\n\t\t<div class=\"elementor-element elementor-element-448250f e-con-full e-flex e-con e-child\" data-id=\"448250f\" data-element_type=\"container\" data-e-type=\"container\" data-settings=\"{&quot;jet_parallax_layout_list&quot;:[]}\">\n\t\t\t\t<div class=\"elementor-element elementor-element-7f4d35b elementor-widget elementor-widget-text-editor\" data-id=\"7f4d35b\" data-element_type=\"widget\" data-e-type=\"widget\" data-widget_type=\"text-editor.default\">\n\t\t\t\t\t\t\t\t\t<p>Een gezond en krachtig koelsmeermiddel is uiterst belangrijk voor een moderne en toekomstgerichte productie.<\/p>\t\t\t\t\t\t\t\t<\/div>\n\t\t\t\t<div class=\"elementor-element elementor-element-68b46eb elementor-widget elementor-widget-text-editor\" data-id=\"68b46eb\" data-element_type=\"widget\" data-e-type=\"widget\" data-widget_type=\"text-editor.default\">\n\t\t\t\t\t\t\t\t\t<p>Om goed van start te gaan, mix je met het volledig elektronische mengapparaat <a href=\"https:\/\/hamma-uwt.de\/nl\/misceo\/\"><strong>MISCEO<\/strong> <\/a>een hoogwaardig en stabiel koelsmeermiddel mengen. Hierdoor kunnen de gewenste producteigenschappen van uw koelsmeermiddel volledig worden gerealiseerd. <\/p><p>Tijdens de onderhoudsfase van uw koelsmeermiddel kan de <a href=\"https:\/\/hamma-uwt.de\/nl\/micro-beluchter\/\"><strong>MIKRO<\/strong> <\/a>uw koelsmeermiddel van voldoende zuurstof voorzien en floteert het de onzuiverheden naar de oppervlakte met behulp van fijn gedefinieerde luchtbelletjes. De flotatie van de luchtbellen verplaatst de verontreiniging in de richting van de <a href=\"https:\/\/hamma-uwt.de\/nl\/snel\/\"><strong>RAPID<\/strong> <\/a>in de richting van de RAPID. Dit verwijdert ongewenste tramp-olie ter bescherming tegen oversmering in het productieproces. In de olie gebonden zwevende deeltjes worden ook verwijderd en de abrasiviteit van het koelsmeermiddel wordt verminderd. Hierdoor gaan uw machines en gereedschappen aanzienlijk langer mee. Samen zorgen de <strong>RAPID<\/strong> olieskimmer en de <strong>MIKRO<\/strong> microbeluchter ervoor dat de hoge kwaliteit van uw koelsmeermiddel over een aanzienlijk langere periode behouden blijft. De hygi\u00ebne van het medium wordt drastisch verbeterd. U leeft gezonder en blijft gespaard van onaangename geurtjes.       <\/p>\t\t\t\t\t\t\t\t<\/div>\n\t\t\t\t<div class=\"elementor-element elementor-element-6155fc4 elementor-blockquote--skin-border elementor-widget elementor-widget-blockquote\" data-id=\"6155fc4\" data-element_type=\"widget\" data-e-type=\"widget\" data-widget_type=\"blockquote.default\">\n\t\t\t\t\t\t\t<blockquote class=\"elementor-blockquote\">\n\t\t\t<p class=\"elementor-blockquote__content\">\n\t\t\t\tEen grondstofbesparend, hygi\u00ebnisch koelsmeermiddel dat is aangepast aan het productieproces is de sleutel tot succes.\t\t\t<\/p>\n\t\t\t\t\t<\/blockquote>\n\t\t\t\t\t\t<\/div>\n\t\t\t\t<div class=\"elementor-element elementor-element-981d647 elementor-widget elementor-widget-text-editor\" data-id=\"981d647\" data-element_type=\"widget\" data-e-type=\"widget\" data-widget_type=\"text-editor.default\">\n\t\t\t\t\t\t\t\t\t<p>Het mobiele reinigingssysteem <a href=\"https:\/\/hamma-uwt.de\/nl\/schone-toren\/\"><strong>CLEAN-TOWER<\/strong><\/a> combineert reiniging en beluchting in \u00e9\u00e9n apparaat. Het principe van opgeloste luchtflotatie verhoogt de effici\u00ebntie van het onderhoud tot een maximum. Je koelsmeermiddel blijft op het hoogste niveau.  <\/p><p>Een goed onderhouden koelsmeermiddel kan bedrijven aanzienlijke prestatieverbeteringen, kwaliteitsverbeteringen en kostenbesparingen opleveren. Geur mag niet langer een indicator zijn voor verandering. Er bestaat een risico op gezondheidsrisico&#8217;s, prestatieverlies en kwaliteitsverlies. Met behulp van onderhoudsproducten kunt u uw koelsmeermiddel hygi\u00ebnisch en effici\u00ebnt houden en geld besparen!   <\/p>\t\t\t\t\t\t\t\t<\/div>\n\t\t\t\t<\/div>\n\t\t<div class=\"elementor-element elementor-element-33ab6d2 e-con-full e-flex e-con e-child\" data-id=\"33ab6d2\" data-element_type=\"container\" data-e-type=\"container\" data-settings=\"{&quot;jet_parallax_layout_list&quot;:[]}\">\n\t\t\t\t<div class=\"elementor-element elementor-element-425b4f5 elementor-widget elementor-widget-image\" data-id=\"425b4f5\" data-element_type=\"widget\" data-e-type=\"widget\" data-widget_type=\"image.default\">\n\t\t\t\t\t\t\t\t\t\t\t\t\t\t\t<img fetchpriority=\"high\" decoding=\"async\" width=\"800\" height=\"418\" src=\"https:\/\/hamma-uwt.de\/wp-content\/uploads\/BIOBALANCE-Line-Chart.svg\" class=\"attachment-large size-large wp-image-8212\" alt=\"\" \/>\t\t\t\t\t\t\t\t\t\t\t\t\t\t\t<\/div>\n\t\t\t\t<div class=\"elementor-element elementor-element-1fbf195 elementor-widget elementor-widget-heading\" data-id=\"1fbf195\" data-element_type=\"widget\" data-e-type=\"widget\" data-widget_type=\"heading.default\">\n\t\t\t\t\t<h3 class=\"elementor-heading-title elementor-size-default\">Stap voor stap naar BIOBALANCE<\/h3>\t\t\t\t<\/div>\n\t\t\t\t<div class=\"elementor-element elementor-element-9905a54 elementor-widget elementor-widget-jet-carousel\" data-id=\"9905a54\" data-element_type=\"widget\" data-e-type=\"widget\" data-settings=\"{&quot;slides_to_show&quot;:&quot;1&quot;,&quot;slides_to_scroll&quot;:&quot;1&quot;}\" data-widget_type=\"jet-carousel.default\">\n\t\t\t\t<div class=\"elementor-widget-container\">\n\t\t\t\t\t<div class=\"elementor-jet-carousel jet-elements\"><div class=\"jet-carousel-wrap\">\n\t<div class=\"jet-carousel\" data-slider_options=\"{&quot;autoplaySpeed&quot;:2500,&quot;autoplay&quot;:false,&quot;infinite&quot;:false,&quot;centerMode&quot;:true,&quot;centerPadding&quot;:&quot;0px&quot;,&quot;pauseOnHover&quot;:true,&quot;speed&quot;:1700,&quot;arrows&quot;:true,&quot;dots&quot;:false,&quot;variableWidth&quot;:false,&quot;prevArrow&quot;:&quot;.jet-carousel__prev-arrow-9905a54&quot;,&quot;nextArrow&quot;:&quot;.jet-carousel__next-arrow-9905a54&quot;,&quot;rtl&quot;:false,&quot;fractionNav&quot;:true,&quot;fade&quot;:false}\" dir=\"ltr\">\n\t<div class=\"elementor-slick-slider\">\n\n<div class=\"jet-carousel__item\">\n\t<div class=\"jet-carousel__item-inner\"><a href=\"#\" class=\"jet-carousel__item-link\" ><img decoding=\"async\" src=\"https:\/\/hamma-uwt.de\/wp-content\/uploads\/hamma_misceo_3_exklusiv_web-300x300.webp\" class=\"jet-carousel__item-img\" alt=\"MISCEO Exklusiv\" loading=\"lazy\"><\/a><div class=\"jet-carousel__content\"><div class=\"jet-carousel__item-title\">1. MISCEO<\/div><div class=\"jet-carousel__item-text\"><p><strong>Startfase<\/strong> - het koelsmeermiddel mengen<\/p><p><strong>Stappen:<br><\/strong>Bereid koelsmeermiddel voor<br>Meng volledig automatisch met de MISCEO<br>Optimale producteigenschappen worden geactiveerd<\/p><\/div><\/div><\/div>\n<\/div>\n\n<div class=\"jet-carousel__item\">\n\t<div class=\"jet-carousel__item-inner\"><a href=\"#\" class=\"jet-carousel__item-link\" ><img decoding=\"async\" src=\"https:\/\/hamma-uwt.de\/wp-content\/uploads\/Hamma_MIKRO-300_2102000_03659-300x300.webp\" class=\"jet-carousel__item-img\" alt=\"Hamma_MIKRO-300_2102000_03659\" loading=\"lazy\"><\/a><div class=\"jet-carousel__content\"><div class=\"jet-carousel__item-title\">2. MIKRO<\/div><div class=\"jet-carousel__item-text\"><p><strong>Onderhoudsfase<\/strong> - beluchting en flotatie<\/p><p><strong>Stappen:<br><\/strong>Breng zuurstof in het koelsmeermiddel<br>MIKRO genereert fijne luchtbelletjes<br>Luchtbelletjes transporteren onzuiverheden naar het oppervlak<\/p><\/div><\/div><\/div>\n<\/div>\n\n<div class=\"jet-carousel__item\">\n\t<div class=\"jet-carousel__item-inner\"><a href=\"#\" class=\"jet-carousel__item-link\" ><img decoding=\"async\" src=\"https:\/\/hamma-uwt.de\/wp-content\/uploads\/hamma-rapid-1.1_230v_zeitschaltuhr_auslass_seitlich_mitschlauch_06085_schwarz_web-300x300.webp\" class=\"jet-carousel__item-img\" alt=\"hamma-rapid-1.1_230v_zeitschaltuhr_auslass_seitlich_mitschlauch_06085_schwarz_web\" loading=\"lazy\"><\/a><div class=\"jet-carousel__content\"><div class=\"jet-carousel__item-title\">3 SNEL<\/div><div class=\"jet-carousel__item-text\"><p><strong>Onderhoudsfase<\/strong> - verwijdering van tramp-olie en zwevende deeltjes<\/p><p><strong>Stappen:<br><\/strong>Verontreiniging verwijderen door flotatie RAPID<br>RAPID verwijdert tramp-olie<br>In de olie gebonden zwevende deeltjes worden ook verwijderd<br>De abrasiviteit wordt verminderd \u2192 Bescherming van machines en gereedschappen<\/p><\/div><\/div><\/div>\n<\/div>\n\n<div class=\"jet-carousel__item\">\n\t<div class=\"jet-carousel__item-inner\"><a href=\"#\" class=\"jet-carousel__item-link\" ><img decoding=\"async\" src=\"https:\/\/hamma-uwt.de\/wp-content\/uploads\/Hamma_Clean-Tower-150_1501000-9073-300x300.png\" class=\"jet-carousel__item-img\" alt=\"Hamma_Clean-Tower-150_1501000-9073\" loading=\"lazy\"><\/a><div class=\"jet-carousel__content\"><div class=\"jet-carousel__item-title\">4E SCHOON-TOREN<\/div><div class=\"jet-carousel__item-text\"><p>Combinatie van reiniging en ventilatie<\/p><p><strong>Stappen:<br><\/strong>Reiniging en beluchting in \u00e9\u00e9n stap<br>Opgeloste luchtflotatie verhoogt effici\u00ebntie<br>Koelsmeermiddel blijft hygi\u00ebnisch &amp; effici\u00ebnt<\/p><\/div><\/div><\/div>\n<\/div>\n<\/div><div class=\"jet-carousel__prev-arrow-9905a54 jet-arrow prev-arrow\"><svg xmlns=\"http:\/\/www.w3.org\/2000\/svg\" viewBox=\"0 0 512 512\"><path d=\"M17 239L0 256l17 17L153 409l17 17L203.9 392l-17-17-95-95L488 280l24 0 0-48-24 0L91.9 232l95-95 17-17L169.9 86.1l-17 17L17 239z\"><\/path><\/svg><\/div><div class=\"jet-carousel__next-arrow-9905a54 jet-arrow next-arrow\"><svg xmlns=\"http:\/\/www.w3.org\/2000\/svg\" viewBox=\"0 0 512 512\"><path d=\"M495 273l17-17-17-17L359 103l-17-17L308.1 120l17 17 95 95L24 232 0 232l0 48 24 0 396.1 0-95 95-17 17 33.9 33.9 17-17L495 273z\"><\/path><\/svg><\/div><div class=\"jet-carousel__fraction-navigation\"><\/div><\/div>\n<\/div>\n<\/div>\t\t\t\t<\/div>\n\t\t\t\t<\/div>\n\t\t\t\t<\/div>\n\t\t\t\t\t<\/div>\n\t\t\t\t<\/div>\n\t\t\t\t<\/div>\n\t\t","protected":false},"excerpt":{"rendered":"<p>BIOBALANCE Koelsmeermiddel verzorging Biobalans is het voorkomen van ongewenste en overmatige verspreiding van ziektekiemen, bacteri\u00ebn, schimmels en gisten. Het is het behoud van het natuurlijke biologische evenwicht. Wat is BIOBALANCE? Een gezond en krachtig koelsmeermiddel is uiterst belangrijk voor een moderne en toekomstgerichte productie. Om goed van start te gaan, mix je met het volledig [&hellip;]<\/p>\n","protected":false},"author":2,"featured_media":0,"parent":0,"menu_order":200,"comment_status":"closed","ping_status":"closed","template":"","meta":{"_acf_changed":false,"footnotes":""},"class_list":["post-8210","page","type-page","status-publish","hentry"],"acf":[],"_links":{"self":[{"href":"https:\/\/hamma-uwt.de\/nl\/wp-json\/wp\/v2\/pages\/8210","targetHints":{"allow":["GET"]}}],"collection":[{"href":"https:\/\/hamma-uwt.de\/nl\/wp-json\/wp\/v2\/pages"}],"about":[{"href":"https:\/\/hamma-uwt.de\/nl\/wp-json\/wp\/v2\/types\/page"}],"author":[{"embeddable":true,"href":"https:\/\/hamma-uwt.de\/nl\/wp-json\/wp\/v2\/users\/2"}],"replies":[{"embeddable":true,"href":"https:\/\/hamma-uwt.de\/nl\/wp-json\/wp\/v2\/comments?post=8210"}],"version-history":[{"count":1,"href":"https:\/\/hamma-uwt.de\/nl\/wp-json\/wp\/v2\/pages\/8210\/revisions"}],"predecessor-version":[{"id":8217,"href":"https:\/\/hamma-uwt.de\/nl\/wp-json\/wp\/v2\/pages\/8210\/revisions\/8217"}],"wp:attachment":[{"href":"https:\/\/hamma-uwt.de\/nl\/wp-json\/wp\/v2\/media?parent=8210"}],"curies":[{"name":"wp","href":"https:\/\/api.w.org\/{rel}","templated":true}]}}