{"id":6841,"date":"2026-02-27T09:15:56","date_gmt":"2026-02-27T08:15:56","guid":{"rendered":"https:\/\/hamma-uwt.de\/zaangazowanie-spoleczne-sponsoring\/"},"modified":"2026-03-04T10:06:16","modified_gmt":"2026-03-04T09:06:16","slug":"zaangazowanie-spoleczne-sponsoring","status":"publish","type":"page","link":"https:\/\/hamma-uwt.de\/pl\/o-nas\/zaangazowanie-spoleczne-sponsoring\/","title":{"rendered":"Zaanga\u017cowanie spo\u0142eczne \/ sponsoring"},"content":{"rendered":"\t\t<div data-elementor-type=\"wp-page\" data-elementor-id=\"6841\" class=\"elementor elementor-6841 elementor-5774\" data-elementor-post-type=\"page\">\n\t\t\t\t<div class=\"elementor-element elementor-element-8d523d7 e-flex e-con-boxed e-con e-parent\" data-id=\"8d523d7\" data-element_type=\"container\" data-e-type=\"container\" data-settings=\"{&quot;background_background&quot;:&quot;classic&quot;,&quot;jet_parallax_layout_list&quot;:[]}\">\n\t\t\t\t\t<div class=\"e-con-inner\">\n\t\t<div class=\"elementor-element elementor-element-83f1082 e-con-full e-flex e-con e-child\" data-id=\"83f1082\" data-element_type=\"container\" data-e-type=\"container\" data-settings=\"{&quot;jet_parallax_layout_list&quot;:[]}\">\n\t\t\t\t<div class=\"elementor-element elementor-element-7a83ccc elementor-widget elementor-widget-heading\" data-id=\"7a83ccc\" data-element_type=\"widget\" data-e-type=\"widget\" data-widget_type=\"heading.default\">\n\t\t\t\t\t<h1 class=\"elementor-heading-title elementor-size-default\">Zaanga\u017cowanie spo\u0142eczne \/ sponsoring<\/h1>\t\t\t\t<\/div>\n\t\t\t\t<\/div>\n\t\t\t\t\t<\/div>\n\t\t\t\t<\/div>\n\t\t<div class=\"elementor-element elementor-element-2fab56d e-flex e-con-boxed e-con e-parent\" data-id=\"2fab56d\" data-element_type=\"container\" data-e-type=\"container\" data-settings=\"{&quot;jet_parallax_layout_list&quot;:[]}\">\n\t\t\t\t\t<div class=\"e-con-inner\">\n\t\t\t\t<div class=\"elementor-element elementor-element-1042f41 elementor-widget elementor-widget-heading\" data-id=\"1042f41\" data-element_type=\"widget\" data-e-type=\"widget\" data-widget_type=\"heading.default\">\n\t\t\t\t\t<h2 class=\"elementor-heading-title elementor-size-default\">SPONSORING 2024\/2025\/2026<\/h2>\t\t\t\t<\/div>\n\t\t\t\t<div class=\"elementor-element elementor-element-e0aef2c elementor-widget elementor-widget-heading\" data-id=\"e0aef2c\" data-element_type=\"widget\" data-e-type=\"widget\" data-widget_type=\"heading.default\">\n\t\t\t\t\t<h3 class=\"elementor-heading-title elementor-size-default\">Zaanga\u017cowanie i sponsoring<\/h3>\t\t\t\t<\/div>\n\t\t\t\t<div class=\"elementor-element elementor-element-37b8702 elementor-widget elementor-widget-text-editor\" data-id=\"37b8702\" data-element_type=\"widget\" data-e-type=\"widget\" data-widget_type=\"text-editor.default\">\n\t\t\t\t\t\t\t\t\t<p>Jako firma rodzinna o regionalnych korzeniach, zaanga\u017cowanie spo\u0142eczne jest dla nas szczeg\u00f3lnie wa\u017cne. Bierzemy odpowiedzialno\u015b\u0107 - wykraczaj\u0105c\u0105 poza nasze produkty - i wspieramy projekty promuj\u0105ce spo\u0142eczno\u015b\u0107, edukacj\u0119 i zdrowie. <\/p><p><strong>Nasze dzia\u0142ania sponsoringowe koncentruj\u0105 si\u0119 na trzech g\u0142\u00f3wnych obszarach:<\/strong><\/p><ul><li><strong>Edukacja<\/strong> - wspieranie szk\u00f3\u0142 i przedszkoli w tworzeniu przestrzeni do nauki i rozwoju dla dzieci.<\/li><li><strong>Sport<\/strong> - promowanie klub\u00f3w sportowych, kt\u00f3re wzmacniaj\u0105 ducha zespo\u0142u, uczciwo\u015b\u0107 i aktywno\u015b\u0107 fizyczn\u0105.<\/li><li><strong>Spo\u0142eczne<\/strong> - Zaanga\u017cowanie w fundacj\u0119 <strong>Bj\u00f6rna Steigera<\/strong> na rzecz ratowania \u017cycia.<\/li><\/ul><p> <\/p><p>Dzi\u0119ki naszemu zaanga\u017cowaniu chcemy pomaga\u0107 tam, gdzie ma to znaczenie - bezpo\u015brednio w naszym regionie i dla spo\u0142ecze\u0144stwa jutra.<\/p>\t\t\t\t\t\t\t\t<\/div>\n\t\t\t\t\t<\/div>\n\t\t\t\t<\/div>\n\t\t<div class=\"elementor-element elementor-element-5d61f03 e-flex e-con-boxed e-con e-parent\" data-id=\"5d61f03\" data-element_type=\"container\" data-e-type=\"container\" data-settings=\"{&quot;jet_parallax_layout_list&quot;:[]}\">\n\t\t\t\t\t<div class=\"e-con-inner\">\n\t\t\t\t<div class=\"elementor-element elementor-element-1aae04c elementor-widget elementor-widget-heading\" data-id=\"1aae04c\" data-element_type=\"widget\" data-e-type=\"widget\" data-widget_type=\"heading.default\">\n\t\t\t\t\t<h4 class=\"elementor-heading-title elementor-size-default\">Edukacja - szko\u0142y i przedszkola<\/h4>\t\t\t\t<\/div>\n\t\t\t\t<div class=\"elementor-element elementor-element-18a31f6 elementor-widget elementor-widget-jet-table\" data-id=\"18a31f6\" data-element_type=\"widget\" data-e-type=\"widget\" data-widget_type=\"jet-table.default\">\n\t\t\t\t<div class=\"elementor-widget-container\">\n\t\t\t\t\t<div class=\"elementor-jet-table jet-elements\">\n\t\t<div class=\"jet-table-wrapper\">\n\t\t\t<table class=\"jet-table jet-table--fa5-compat\">\n\t\t\t\t<thead class=\"jet-table__head\"><tr class=\"jet-table__head-row\"><th class=\"jet-table__cell elementor-repeater-item-3136b35 jet-table__head-cell\" scope=\"col\"><div class=\"jet-table__cell-inner\"><div class=\"jet-table__cell-content\"><div class=\"jet-table__cell-text\">Szko\u0142a<\/div><\/div><\/div><\/th><th class=\"jet-table__cell elementor-repeater-item-83393d5 jet-table__head-cell\" scope=\"col\"><div class=\"jet-table__cell-inner\"><div class=\"jet-table__cell-content\"><div class=\"jet-table__cell-text\">Nasze zaanga\u017cowanie<\/div><\/div><\/div><\/th><\/tr><\/thead>\n\t\t\t\t\t\t\t\t<tbody class=\"jet-table__body\"><tr class=\"jet-table__body-row elementor-repeater-item-15b9187\"><td class=\"jet-table__cell elementor-repeater-item-4849426 jet-table__body-cell\"><div class=\"jet-table__cell-inner\"><div class=\"jet-table__cell-content\"><div class=\"jet-table__cell-text\">Ludwig-Uhland-Realschule Tuttlingen<\/div><\/div><\/div><\/td><td class=\"jet-table__cell elementor-repeater-item-25da5d3 jet-table__body-cell\"><a class=\"jet-table__cell-inner jet-table__cell-link\" href=\"https:\/\/www.lurs-tuttlingen.de\/\" target=\"_blank\" rel=\"noopener\"><div class=\"jet-table__cell-content\"><div class=\"jet-table__cell-text\">Wsparcie dla SPRZ\u0118TU SPORTOWEGO<\/div><\/div><\/a><\/td><\/tr><tr class=\"jet-table__body-row elementor-repeater-item-1fe88c5\"><td class=\"jet-table__cell elementor-repeater-item-8a7ce42 jet-table__body-cell\"><div class=\"jet-table__cell-inner\"><div class=\"jet-table__cell-content\"><div class=\"jet-table__cell-text\">Przedszkole \u015bw. Micha\u0142a w Tuttlingen<\/div><\/div><\/div><\/td><td class=\"jet-table__cell elementor-repeater-item-817abfa jet-table__body-cell\"><a class=\"jet-table__cell-inner jet-table__cell-link\" href=\"https:\/\/www.tuttlingen.de\/3074?view=publish&#038;item=nursery&#038;id=15\" target=\"_blank\" rel=\"noopener\"><div class=\"jet-table__cell-content\"><div class=\"jet-table__cell-text\">Wsparcie za pomoc\u0105 EQUIPMENT, USW.  <\/div><\/div><\/a><\/td><\/tr><\/tbody>\n\t\t\t<\/table>\n\t\t<\/div>\n\n\t\t<\/div>\t\t\t\t<\/div>\n\t\t\t\t<\/div>\n\t\t\t\t<div class=\"elementor-element elementor-element-69799e3 elementor-widget elementor-widget-heading\" data-id=\"69799e3\" data-element_type=\"widget\" data-e-type=\"widget\" data-widget_type=\"heading.default\">\n\t\t\t\t\t<h4 class=\"elementor-heading-title elementor-size-default\">Sport<\/h4>\t\t\t\t<\/div>\n\t\t\t\t<div class=\"elementor-element elementor-element-57fdde6 elementor-widget elementor-widget-jet-table\" data-id=\"57fdde6\" data-element_type=\"widget\" data-e-type=\"widget\" data-widget_type=\"jet-table.default\">\n\t\t\t\t<div class=\"elementor-widget-container\">\n\t\t\t\t\t<div class=\"elementor-jet-table jet-elements\">\n\t\t<div class=\"jet-table-wrapper\">\n\t\t\t<table class=\"jet-table jet-table--fa5-compat\">\n\t\t\t\t<thead class=\"jet-table__head\"><tr class=\"jet-table__head-row\"><th class=\"jet-table__cell elementor-repeater-item-3136b35 jet-table__head-cell\" scope=\"col\"><div class=\"jet-table__cell-inner\"><div class=\"jet-table__cell-content\"><div class=\"jet-table__cell-text\">Stowarzyszenie<\/div><\/div><\/div><\/th><th class=\"jet-table__cell elementor-repeater-item-83393d5 jet-table__head-cell\" scope=\"col\"><div class=\"jet-table__cell-inner\"><div class=\"jet-table__cell-content\"><div class=\"jet-table__cell-text\">Nasze zaanga\u017cowanie<\/div><\/div><\/div><\/th><\/tr><\/thead>\n\t\t\t\t\t\t\t\t<tbody class=\"jet-table__body\"><tr class=\"jet-table__body-row elementor-repeater-item-15b9187\"><td class=\"jet-table__cell elementor-repeater-item-4849426 jet-table__body-cell\"><div class=\"jet-table__cell-inner\"><div class=\"jet-table__cell-content\"><div class=\"jet-table__cell-text\">Klub kolarski Spaichingen (Borsuki)<\/div><\/div><\/div><\/td><td class=\"jet-table__cell elementor-repeater-item-25da5d3 jet-table__body-cell\"><a class=\"jet-table__cell-inner jet-table__cell-link\" href=\"https:\/\/rv-spaichingen.de\/index.php\/inlineskaterhockey\" target=\"_blank\" rel=\"noopener\"><div class=\"jet-table__cell-content\"><div class=\"jet-table__cell-text\">Wsparcie dla INLINE HOCKEY<\/div><\/div><\/a><\/td><\/tr><tr class=\"jet-table__body-row elementor-repeater-item-1fe88c5\"><td class=\"jet-table__cell elementor-repeater-item-8a7ce42 jet-table__body-cell\"><div class=\"jet-table__cell-inner\"><div class=\"jet-table__cell-content\"><div class=\"jet-table__cell-text\">Turngemeinde Tuttlingen 1859 e.V.<\/div><\/div><\/div><\/td><td class=\"jet-table__cell elementor-repeater-item-817abfa jet-table__body-cell\"><a class=\"jet-table__cell-inner jet-table__cell-link\" href=\"https:\/\/www.tg-tut.de\/de\/sportarten\/handball\/\" target=\"_blank\" rel=\"noopener\"><div class=\"jet-table__cell-content\"><div class=\"jet-table__cell-text\">Wsparcie dla pi\u0142ki r\u0119cznej<\/div><\/div><\/a><\/td><\/tr><tr class=\"jet-table__body-row elementor-repeater-item-b6b1633\"><td class=\"jet-table__cell elementor-repeater-item-e3b7a51 jet-table__body-cell\"><div class=\"jet-table__cell-inner\"><div class=\"jet-table__cell-content\"><div class=\"jet-table__cell-text\">TSG \u00d6hringen 1848 e.V.<\/div><\/div><\/div><\/td><td class=\"jet-table__cell elementor-repeater-item-849adb7 jet-table__body-cell\"><a class=\"jet-table__cell-inner jet-table__cell-link\" href=\"https:\/\/tsg-oehringen.de\/\" target=\"_blank\" rel=\"noopener\"><div class=\"jet-table__cell-content\"><div class=\"jet-table__cell-text\">Wsparcie dla SPORTU I \u0106WICZE\u0143<\/div><\/div><\/a><\/td><\/tr><tr class=\"jet-table__body-row elementor-repeater-item-9b89b8d\"><td class=\"jet-table__cell elementor-repeater-item-6dcb7f8 jet-table__body-cell\"><div class=\"jet-table__cell-inner\"><div class=\"jet-table__cell-content\"><div class=\"jet-table__cell-text\">FC Schwandorf \/ Worndorf \/ Neuhausen e.V.<\/div><\/div><\/div><\/td><td class=\"jet-table__cell elementor-repeater-item-6bcf8ba jet-table__body-cell\"><a class=\"jet-table__cell-inner jet-table__cell-link\" href=\"https:\/\/www.fcswn.de\/\" target=\"_blank\" rel=\"noopener\"><div class=\"jet-table__cell-content\"><div class=\"jet-table__cell-text\">wsparcie dla pi\u0142ki no\u017cnej<\/div><\/div><\/a><\/td><\/tr><tr class=\"jet-table__body-row elementor-repeater-item-dde84c1\"><td class=\"jet-table__cell elementor-repeater-item-5e988c1 jet-table__body-cell\"><div class=\"jet-table__cell-inner\"><div class=\"jet-table__cell-content\"><div class=\"jet-table__cell-text\">M\u0142odzie\u017cowy klub pi\u0142karski Oberes Donautal e.V.<\/div><\/div><\/div><\/td><td class=\"jet-table__cell elementor-repeater-item-039e3a3 jet-table__body-cell\"><a class=\"jet-table__cell-inner jet-table__cell-link\" href=\"https:\/\/www.jfv-oberesdonautal.de\/\" target=\"_blank\" rel=\"noopener\"><div class=\"jet-table__cell-content\"><div class=\"jet-table__cell-text\">wsparcie dla pi\u0142ki no\u017cnej<\/div><\/div><\/a><\/td><\/tr><tr class=\"jet-table__body-row elementor-repeater-item-a9714c6\"><td class=\"jet-table__cell elementor-repeater-item-9967e94 jet-table__body-cell\"><div class=\"jet-table__cell-inner\"><div class=\"jet-table__cell-content\"><div class=\"jet-table__cell-text\">Turnverein 1864 e.V. M\u00f6hringen<\/div><\/div><\/div><\/td><td class=\"jet-table__cell elementor-repeater-item-5f12260 jet-table__body-cell\"><a class=\"jet-table__cell-inner jet-table__cell-link\" href=\"https:\/\/www.tv-moehringen.de\/\" target=\"_blank\" rel=\"noopener\"><div class=\"jet-table__cell-content\"><div class=\"jet-table__cell-text\">wsparcie dla pi\u0142ki no\u017cnej<\/div><\/div><\/a><\/td><\/tr><tr class=\"jet-table__body-row elementor-repeater-item-e83866e\"><td class=\"jet-table__cell elementor-repeater-item-199a5a1 jet-table__body-cell\"><div class=\"jet-table__cell-inner\"><div class=\"jet-table__cell-content\"><div class=\"jet-table__cell-text\">TV Nendingen e.V.<\/div><\/div><\/div><\/td><td class=\"jet-table__cell elementor-repeater-item-632bc48 jet-table__body-cell\"><a class=\"jet-table__cell-inner jet-table__cell-link\" href=\"https:\/\/www.tvnendingen.de\/\" target=\"_blank\" rel=\"noopener\"><div class=\"jet-table__cell-content\"><div class=\"jet-table__cell-text\">Wsparcie dla SPORTU I \u0106WICZE\u0143<\/div><\/div><\/a><\/td><\/tr><tr class=\"jet-table__body-row elementor-repeater-item-a01e843\"><td class=\"jet-table__cell elementor-repeater-item-c06bc01 jet-table__body-cell\"><div class=\"jet-table__cell-inner\"><div class=\"jet-table__cell-content\"><div class=\"jet-table__cell-text\">VfL Nendingen e.V.  <\/div><\/div><\/div><\/td><td class=\"jet-table__cell elementor-repeater-item-1db42c4 jet-table__body-cell\"><a class=\"jet-table__cell-inner jet-table__cell-link\" href=\"https:\/\/www.vflnendingen.de\/\" target=\"_blank\" rel=\"noopener\"><div class=\"jet-table__cell-content\"><div class=\"jet-table__cell-text\">wsparcie dla pi\u0142ki no\u017cnej<\/div><\/div><\/a><\/td><\/tr><tr class=\"jet-table__body-row elementor-repeater-item-23fa646\"><td class=\"jet-table__cell elementor-repeater-item-deee6ef jet-table__body-cell\"><div class=\"jet-table__cell-inner\"><div class=\"jet-table__cell-content\"><div class=\"jet-table__cell-text\">TSV Gomaringen 1951 e.V.<\/div><\/div><\/div><\/td><td class=\"jet-table__cell elementor-repeater-item-328f74e jet-table__body-cell\"><a class=\"jet-table__cell-inner jet-table__cell-link\" href=\"https:\/\/www.tsv-gomaringen.de\/\" target=\"_blank\" rel=\"noopener\"><div class=\"jet-table__cell-content\"><div class=\"jet-table__cell-text\">wsparcie dla pi\u0142ki no\u017cnej<\/div><\/div><\/a><\/td><\/tr><\/tbody>\n\t\t\t<\/table>\n\t\t<\/div>\n\n\t\t<\/div>\t\t\t\t<\/div>\n\t\t\t\t<\/div>\n\t\t\t\t<div class=\"elementor-element elementor-element-94a1cdd elementor-widget elementor-widget-heading\" data-id=\"94a1cdd\" data-element_type=\"widget\" data-e-type=\"widget\" data-widget_type=\"heading.default\">\n\t\t\t\t\t<h4 class=\"elementor-heading-title elementor-size-default\">Sprawy spo\u0142eczne<\/h4>\t\t\t\t<\/div>\n\t\t\t\t<div class=\"elementor-element elementor-element-37a5e84 elementor-widget elementor-widget-jet-table\" data-id=\"37a5e84\" data-element_type=\"widget\" data-e-type=\"widget\" data-widget_type=\"jet-table.default\">\n\t\t\t\t<div class=\"elementor-widget-container\">\n\t\t\t\t\t<div class=\"elementor-jet-table jet-elements\">\n\t\t<div class=\"jet-table-wrapper\">\n\t\t\t<table class=\"jet-table jet-table--fa5-compat\">\n\t\t\t\t<thead class=\"jet-table__head\"><tr class=\"jet-table__head-row\"><th class=\"jet-table__cell elementor-repeater-item-3136b35 jet-table__head-cell\" scope=\"col\"><div class=\"jet-table__cell-inner\"><div class=\"jet-table__cell-content\"><div class=\"jet-table__cell-text\">Organizacja<\/div><\/div><\/div><\/th><th class=\"jet-table__cell elementor-repeater-item-83393d5 jet-table__head-cell\" scope=\"col\"><div class=\"jet-table__cell-inner\"><div class=\"jet-table__cell-content\"><div class=\"jet-table__cell-text\">Nasze zaanga\u017cowanie<\/div><\/div><\/div><\/th><\/tr><\/thead>\n\t\t\t\t\t\t\t\t<tbody class=\"jet-table__body\"><tr class=\"jet-table__body-row elementor-repeater-item-15b9187\"><td class=\"jet-table__cell elementor-repeater-item-4849426 jet-table__body-cell\"><div class=\"jet-table__cell-inner\"><div class=\"jet-table__cell-content\"><div class=\"jet-table__cell-text\">Fundacja Bj\u00f6rna Steigera<\/div><\/div><\/div><\/td><td class=\"jet-table__cell elementor-repeater-item-25da5d3 jet-table__body-cell\"><a class=\"jet-table__cell-inner jet-table__cell-link\" href=\"https:\/\/www.steiger-stiftung.de\/wer-wir-sind\/unsere-geschichte\/50-jahre-baby-notarztwagen\/\" target=\"_blank\" rel=\"noopener\"><div class=\"jet-table__cell-content\"><div class=\"jet-table__cell-text\">Wsparcie dla w\u00f3zka ratunkowego dla niemowl\u0105t<\/div><\/div><\/a><\/td><\/tr><\/tbody>\n\t\t\t<\/table>\n\t\t<\/div>\n\n\t\t<\/div>\t\t\t\t<\/div>\n\t\t\t\t<\/div>\n\t\t\t\t\t<\/div>\n\t\t\t\t<\/div>\n\t\t<div class=\"elementor-element elementor-element-baec6de e-flex e-con-boxed e-con e-parent\" data-id=\"baec6de\" data-element_type=\"container\" data-e-type=\"container\" data-settings=\"{&quot;jet_parallax_layout_list&quot;:[]}\">\n\t\t\t\t\t<div class=\"e-con-inner\">\n\t\t\t\t<div class=\"elementor-element elementor-element-a4b327b elementor-widget elementor-widget-gallery\" data-id=\"a4b327b\" data-element_type=\"widget\" data-e-type=\"widget\" data-settings=\"{&quot;columns&quot;:3,&quot;gap&quot;:{&quot;unit&quot;:&quot;px&quot;,&quot;size&quot;:40,&quot;sizes&quot;:[]},&quot;image_hover_animation&quot;:&quot;grow&quot;,&quot;overlay_description&quot;:&quot;description&quot;,&quot;background_overlay_hover_animation&quot;:&quot;enter-from-left&quot;,&quot;content_hover_animation&quot;:&quot;enter-from-left&quot;,&quot;lazyload&quot;:&quot;yes&quot;,&quot;gallery_layout&quot;:&quot;grid&quot;,&quot;columns_tablet&quot;:2,&quot;columns_mobile&quot;:1,&quot;gap_laptop&quot;:{&quot;unit&quot;:&quot;px&quot;,&quot;size&quot;:10,&quot;sizes&quot;:[]},&quot;gap_tablet_extra&quot;:{&quot;unit&quot;:&quot;px&quot;,&quot;size&quot;:10,&quot;sizes&quot;:[]},&quot;gap_tablet&quot;:{&quot;unit&quot;:&quot;px&quot;,&quot;size&quot;:10,&quot;sizes&quot;:[]},&quot;gap_mobile_extra&quot;:{&quot;unit&quot;:&quot;px&quot;,&quot;size&quot;:10,&quot;sizes&quot;:[]},&quot;gap_mobile&quot;:{&quot;unit&quot;:&quot;px&quot;,&quot;size&quot;:10,&quot;sizes&quot;:[]},&quot;link_to&quot;:&quot;file&quot;,&quot;aspect_ratio&quot;:&quot;3:2&quot;,&quot;overlay_background&quot;:&quot;yes&quot;}\" data-widget_type=\"gallery.default\">\n\t\t\t\t\t\t\t<div class=\"elementor-gallery__container\">\n\t\t\t\t\t\t\t<a class=\"e-gallery-item elementor-gallery-item elementor-animated-content\" href=\"https:\/\/hamma-uwt.de\/wp-content\/uploads\/Sponsoring_Wurmlingen.jpg\" data-elementor-open-lightbox=\"yes\" data-elementor-lightbox-slideshow=\"a4b327b\" data-elementor-lightbox-title=\"Sponsoring_Wurmlingen\" data-elementor-lightbox-description=\"Turngemeinde Tuttlingen 1859 e.V.\" data-e-action-hash=\"#elementor-action%3Aaction%3Dlightbox%26settings%3DeyJpZCI6Njg0MywidXJsIjoiaHR0cHM6XC9cL2hhbW1hLXV3dC5kZVwvd3AtY29udGVudFwvdXBsb2Fkc1wvU3BvbnNvcmluZ19XdXJtbGluZ2VuLmpwZyIsInNsaWRlc2hvdyI6ImE0YjMyN2IifQ%3D%3D\">\n\t\t\t\t\t<div class=\"e-gallery-image elementor-gallery-item__image\" data-thumbnail=\"https:\/\/hamma-uwt.de\/wp-content\/uploads\/Sponsoring_Wurmlingen-1024x768.jpg\" data-width=\"800\" data-height=\"600\" aria-label=\"\" role=\"img\" ><\/div>\n\t\t\t\t\t\t\t\t\t\t\t<div class=\"elementor-gallery-item__overlay\"><\/div>\n\t\t\t\t\t\t\t\t\t\t\t\t\t\t\t<div class=\"elementor-gallery-item__content\">\n\t\t\t\t\t\t\t\t\t\t\t\t\t\t<div class=\"elementor-gallery-item__description\">\n\t\t\t\t\t\t\t\t\t\t\t\t\t\t\t\t\t\tTurngemeinde Tuttlingen 1859 e.V.\t\t\t\t\t\t\t\t<\/div>\n\t\t\t\t\t\t\t\t\t\t\t\t<\/div>\n\t\t\t\t\t\t\t\t\t<\/a>\n\t\t\t\t\t\t\t<a class=\"e-gallery-item elementor-gallery-item elementor-animated-content\" href=\"https:\/\/hamma-uwt.de\/wp-content\/uploads\/Sponsoring_Wurmlingen_2.jpg\" data-elementor-open-lightbox=\"yes\" data-elementor-lightbox-slideshow=\"a4b327b\" data-elementor-lightbox-title=\"Sponsoring_Wurmlingen_2\" data-elementor-lightbox-description=\"F-Youth TV Wurmlingen &amp; TG Tuttlingen\" data-e-action-hash=\"#elementor-action%3Aaction%3Dlightbox%26settings%3DeyJpZCI6Njg0MiwidXJsIjoiaHR0cHM6XC9cL2hhbW1hLXV3dC5kZVwvd3AtY29udGVudFwvdXBsb2Fkc1wvU3BvbnNvcmluZ19XdXJtbGluZ2VuXzIuanBnIiwic2xpZGVzaG93IjoiYTRiMzI3YiJ9\">\n\t\t\t\t\t<div class=\"e-gallery-image elementor-gallery-item__image\" data-thumbnail=\"https:\/\/hamma-uwt.de\/wp-content\/uploads\/Sponsoring_Wurmlingen_2-1024x768.jpg\" data-width=\"800\" data-height=\"600\" aria-label=\"\" role=\"img\" ><\/div>\n\t\t\t\t\t\t\t\t\t\t\t<div class=\"elementor-gallery-item__overlay\"><\/div>\n\t\t\t\t\t\t\t\t\t\t\t\t\t\t\t<div class=\"elementor-gallery-item__content\">\n\t\t\t\t\t\t\t\t\t\t\t\t\t\t<div class=\"elementor-gallery-item__description\">\n\t\t\t\t\t\t\t\t\t\t\t\t\t\t\t\t\t\tF-Youth TV Wurmlingen &amp; TG Tuttlingen\t\t\t\t\t\t\t\t<\/div>\n\t\t\t\t\t\t\t\t\t\t\t\t<\/div>\n\t\t\t\t\t\t\t\t\t<\/a>\n\t\t\t\t\t\t\t<a class=\"e-gallery-item elementor-gallery-item elementor-animated-content\" href=\"https:\/\/hamma-uwt.de\/wp-content\/uploads\/HAMMA_Sponsoring_003.jpg\" data-elementor-open-lightbox=\"yes\" data-elementor-lightbox-slideshow=\"a4b327b\" data-elementor-lightbox-title=\"HAMMA_Sponsoring_003\" data-elementor-lightbox-description=\"TSV Gomaringen 1951 e.V.\" data-e-action-hash=\"#elementor-action%3Aaction%3Dlightbox%26settings%3DeyJpZCI6Njg0NCwidXJsIjoiaHR0cHM6XC9cL2hhbW1hLXV3dC5kZVwvd3AtY29udGVudFwvdXBsb2Fkc1wvSEFNTUFfU3BvbnNvcmluZ18wMDMuanBnIiwic2xpZGVzaG93IjoiYTRiMzI3YiJ9\">\n\t\t\t\t\t<div class=\"e-gallery-image elementor-gallery-item__image\" data-thumbnail=\"https:\/\/hamma-uwt.de\/wp-content\/uploads\/HAMMA_Sponsoring_003-1024x768.jpg\" data-width=\"800\" data-height=\"600\" aria-label=\"\" role=\"img\" ><\/div>\n\t\t\t\t\t\t\t\t\t\t\t<div class=\"elementor-gallery-item__overlay\"><\/div>\n\t\t\t\t\t\t\t\t\t\t\t\t\t\t\t<div class=\"elementor-gallery-item__content\">\n\t\t\t\t\t\t\t\t\t\t\t\t\t\t<div class=\"elementor-gallery-item__description\">\n\t\t\t\t\t\t\t\t\t\t\t\t\t\t\t\t\t\tTSV Gomaringen 1951 e.V.\t\t\t\t\t\t\t\t<\/div>\n\t\t\t\t\t\t\t\t\t\t\t\t<\/div>\n\t\t\t\t\t\t\t\t\t<\/a>\n\t\t\t\t\t\t\t<a class=\"e-gallery-item elementor-gallery-item elementor-animated-content\" href=\"https:\/\/hamma-uwt.de\/wp-content\/uploads\/HAMMA_Sponsoring_002.jpg\" data-elementor-open-lightbox=\"yes\" data-elementor-lightbox-slideshow=\"a4b327b\" data-elementor-lightbox-title=\"HAMMA_Sponsoring_002\" data-elementor-lightbox-description=\"TSV Gomaringen 1951 e.V.\" data-e-action-hash=\"#elementor-action%3Aaction%3Dlightbox%26settings%3DeyJpZCI6Njg0NSwidXJsIjoiaHR0cHM6XC9cL2hhbW1hLXV3dC5kZVwvd3AtY29udGVudFwvdXBsb2Fkc1wvSEFNTUFfU3BvbnNvcmluZ18wMDIuanBnIiwic2xpZGVzaG93IjoiYTRiMzI3YiJ9\">\n\t\t\t\t\t<div class=\"e-gallery-image elementor-gallery-item__image\" data-thumbnail=\"https:\/\/hamma-uwt.de\/wp-content\/uploads\/HAMMA_Sponsoring_002.jpg\" data-width=\"800\" data-height=\"600\" aria-label=\"\" role=\"img\" ><\/div>\n\t\t\t\t\t\t\t\t\t\t\t<div class=\"elementor-gallery-item__overlay\"><\/div>\n\t\t\t\t\t\t\t\t\t\t\t\t\t\t\t<div class=\"elementor-gallery-item__content\">\n\t\t\t\t\t\t\t\t\t\t\t\t\t\t<div class=\"elementor-gallery-item__description\">\n\t\t\t\t\t\t\t\t\t\t\t\t\t\t\t\t\t\tTSV Gomaringen 1951 e.V.\t\t\t\t\t\t\t\t<\/div>\n\t\t\t\t\t\t\t\t\t\t\t\t<\/div>\n\t\t\t\t\t\t\t\t\t<\/a>\n\t\t\t\t\t\t\t<a class=\"e-gallery-item elementor-gallery-item elementor-animated-content\" href=\"https:\/\/hamma-uwt.de\/wp-content\/uploads\/HAMMA_Sponsoring_001.jpg\" data-elementor-open-lightbox=\"yes\" data-elementor-lightbox-slideshow=\"a4b327b\" data-elementor-lightbox-title=\"HAMMA_Sponsoring_001\" data-elementor-lightbox-description=\"TSV Gomaringen 1951 e.V.\" data-e-action-hash=\"#elementor-action%3Aaction%3Dlightbox%26settings%3DeyJpZCI6Njg0NiwidXJsIjoiaHR0cHM6XC9cL2hhbW1hLXV3dC5kZVwvd3AtY29udGVudFwvdXBsb2Fkc1wvSEFNTUFfU3BvbnNvcmluZ18wMDEuanBnIiwic2xpZGVzaG93IjoiYTRiMzI3YiJ9\">\n\t\t\t\t\t<div class=\"e-gallery-image elementor-gallery-item__image\" data-thumbnail=\"https:\/\/hamma-uwt.de\/wp-content\/uploads\/HAMMA_Sponsoring_001.jpg\" data-width=\"800\" data-height=\"600\" aria-label=\"\" role=\"img\" ><\/div>\n\t\t\t\t\t\t\t\t\t\t\t<div class=\"elementor-gallery-item__overlay\"><\/div>\n\t\t\t\t\t\t\t\t\t\t\t\t\t\t\t<div class=\"elementor-gallery-item__content\">\n\t\t\t\t\t\t\t\t\t\t\t\t\t\t<div class=\"elementor-gallery-item__description\">\n\t\t\t\t\t\t\t\t\t\t\t\t\t\t\t\t\t\tTSV Gomaringen 1951 e.V.\t\t\t\t\t\t\t\t<\/div>\n\t\t\t\t\t\t\t\t\t\t\t\t<\/div>\n\t\t\t\t\t\t\t\t\t<\/a>\n\t\t\t\t\t<\/div>\n\t\t\t\t\t<\/div>\n\t\t\t\t\t<\/div>\n\t\t\t\t<\/div>\n\t\t\t\t<\/div>\n\t\t","protected":false},"excerpt":{"rendered":"<p>SPONSORING 2024\/2025\/2026 Zaanga\u017cowanie i sponsoring Jako firma rodzinna o regionalnych korzeniach, zaanga\u017cowanie spo\u0142eczne jest dla nas szczeg\u00f3lnie wa\u017cne. Bierzemy odpowiedzialno\u015b\u0107 - wykraczaj\u0105c\u0105 poza nasze produkty - i wspieramy projekty promuj\u0105ce spo\u0142eczno\u015b\u0107, edukacj\u0119 i zdrowie. Nasze dzia\u0142ania sponsoringowe koncentruj\u0105 si\u0119 na trzech g\u0142\u00f3wnych obszarach: Edukacja - wspieranie szk\u00f3\u0142 i przedszkoli w tworzeniu przestrzeni do nauki i [&hellip;]<\/p>\n","protected":false},"author":2,"featured_media":0,"parent":6908,"menu_order":10,"comment_status":"closed","ping_status":"closed","template":"","meta":{"_acf_changed":false,"footnotes":""},"class_list":["post-6841","page","type-page","status-publish","hentry"],"acf":[],"_links":{"self":[{"href":"https:\/\/hamma-uwt.de\/pl\/wp-json\/wp\/v2\/pages\/6841","targetHints":{"allow":["GET"]}}],"collection":[{"href":"https:\/\/hamma-uwt.de\/pl\/wp-json\/wp\/v2\/pages"}],"about":[{"href":"https:\/\/hamma-uwt.de\/pl\/wp-json\/wp\/v2\/types\/page"}],"author":[{"embeddable":true,"href":"https:\/\/hamma-uwt.de\/pl\/wp-json\/wp\/v2\/users\/2"}],"replies":[{"embeddable":true,"href":"https:\/\/hamma-uwt.de\/pl\/wp-json\/wp\/v2\/comments?post=6841"}],"version-history":[{"count":1,"href":"https:\/\/hamma-uwt.de\/pl\/wp-json\/wp\/v2\/pages\/6841\/revisions"}],"predecessor-version":[{"id":6847,"href":"https:\/\/hamma-uwt.de\/pl\/wp-json\/wp\/v2\/pages\/6841\/revisions\/6847"}],"up":[{"embeddable":true,"href":"https:\/\/hamma-uwt.de\/pl\/wp-json\/wp\/v2\/pages\/6908"}],"wp:attachment":[{"href":"https:\/\/hamma-uwt.de\/pl\/wp-json\/wp\/v2\/media?parent=6841"}],"curies":[{"name":"wp","href":"https:\/\/api.w.org\/{rel}","templated":true}]}}