{"id":6981,"date":"2025-08-27T11:41:47","date_gmt":"2025-08-27T09:41:47","guid":{"rendered":"https:\/\/hamma-uwt.de\/akcesoria\/miotla-magnetyczna\/"},"modified":"2026-03-04T10:07:18","modified_gmt":"2026-03-04T09:07:18","slug":"miotla-magnetyczna","status":"publish","type":"page","link":"https:\/\/hamma-uwt.de\/pl\/produkty\/akcesoria\/miotla-magnetyczna\/","title":{"rendered":"Miot\u0142a magnetyczna"},"content":{"rendered":"\t\t<div data-elementor-type=\"wp-page\" data-elementor-id=\"6981\" class=\"elementor elementor-6981 elementor-2671\" data-elementor-post-type=\"page\">\n\t\t\t\t<div class=\"elementor-element elementor-element-b68cdb9 e-flex e-con-boxed e-con e-parent\" data-id=\"b68cdb9\" data-element_type=\"container\" data-e-type=\"container\" data-settings=\"{&quot;jet_parallax_layout_list&quot;:[]}\">\n\t\t\t\t\t<div class=\"e-con-inner\">\n\t\t\t\t<div class=\"elementor-element elementor-element-d82a7ed elementor-widget elementor-widget-heading\" data-id=\"d82a7ed\" data-element_type=\"widget\" data-e-type=\"widget\" data-widget_type=\"heading.default\">\n\t\t\t\t\t<h1 class=\"elementor-heading-title elementor-size-default\">Miot\u0142a magnetyczna z trzonkiem teleskopowym<\/h1>\t\t\t\t<\/div>\n\t\t\t\t\t<\/div>\n\t\t\t\t<\/div>\n\t\t<div class=\"elementor-element elementor-element-3479357 e-flex e-con-boxed e-con e-parent\" data-id=\"3479357\" data-element_type=\"container\" data-e-type=\"container\" data-settings=\"{&quot;jet_parallax_layout_list&quot;:[]}\">\n\t\t\t\t\t<div class=\"e-con-inner\">\n\t\t<div class=\"elementor-element elementor-element-6e8930d e-con-full e-flex e-con e-child\" data-id=\"6e8930d\" data-element_type=\"container\" data-e-type=\"container\" data-settings=\"{&quot;jet_parallax_layout_list&quot;:[]}\">\n\t\t\t\t<div class=\"elementor-element elementor-element-4839678 elementor-widget__width-initial elementor-widget elementor-widget-text-editor\" data-id=\"4839678\" data-element_type=\"widget\" data-e-type=\"widget\" data-widget_type=\"text-editor.default\">\n\t\t\t\t\t\t\t\t\t<p>Miot\u0142a magnetyczna umo\u017cliwia szybkie, \u0142atwe i niezawodne czyszczenie powierzchni pod\u0142ogowych i \u015brodowiska pracy. Czysta powierzchnia pod\u0142ogi zwi\u0119ksza jako\u015b\u0107 i bezpiecze\u0144stwo firmy oraz utrzymuje \u015brodowisko pracy w czysto\u015bci i higienie. <\/p><p>Miot\u0142a magnetyczna pomaga r\u00f3wnie\u017c podnosi\u0107 ma\u0142e magnetyczne przedmioty i oddziela\u0107 magnetyczne i niemagnetyczne cz\u0119\u015bci przemys\u0142owe.<\/p>\t\t\t\t\t\t\t\t<\/div>\n\t\t<div class=\"elementor-element elementor-element-a517e34 e-con-full e-flex e-con e-child\" data-id=\"a517e34\" data-element_type=\"container\" data-e-type=\"container\" data-settings=\"{&quot;background_background&quot;:&quot;classic&quot;,&quot;jet_parallax_layout_list&quot;:[]}\">\n\t\t\t\t<div class=\"elementor-element elementor-element-ed6368a elementor-widget__width-inherit elementor-widget elementor-widget-heading\" data-id=\"ed6368a\" data-element_type=\"widget\" data-e-type=\"widget\" data-widget_type=\"heading.default\">\n\t\t\t\t\t<h3 class=\"elementor-heading-title elementor-size-default\">Twoje zalety<\/h3>\t\t\t\t<\/div>\n\t\t\t\t<div class=\"elementor-element elementor-element-2c08279 elementor-align-start elementor-widget__width-inherit elementor-icon-list--layout-traditional elementor-list-item-link-full_width elementor-widget elementor-widget-icon-list\" data-id=\"2c08279\" data-element_type=\"widget\" data-e-type=\"widget\" data-widget_type=\"icon-list.default\">\n\t\t\t\t\t\t\t<ul class=\"elementor-icon-list-items\">\n\t\t\t\t\t\t\t<li class=\"elementor-icon-list-item\">\n\t\t\t\t\t\t\t\t\t\t\t<span class=\"elementor-icon-list-icon\">\n\t\t\t\t\t\t\t<svg xmlns=\"http:\/\/www.w3.org\/2000\/svg\" viewBox=\"0 0 448 512\"><path d=\"M447.9 142.5l-23.2 22L181 395.3l-22 20.8-22-20.8L23.2 287.6 0 265.6l44-46.5 23.2 22L159 328 380.7 118l23.2-22 44 46.5z\"><\/path><\/svg>\t\t\t\t\t\t<\/span>\n\t\t\t\t\t\t\t\t\t\t<span class=\"elementor-icon-list-text\">Szybkie i \u0142atwe czyszczenie dzi\u0119ki silnym magnesom<\/span>\n\t\t\t\t\t\t\t\t\t<\/li>\n\t\t\t\t\t\t\t\t<li class=\"elementor-icon-list-item\">\n\t\t\t\t\t\t\t\t\t\t\t<span class=\"elementor-icon-list-icon\">\n\t\t\t\t\t\t\t<svg xmlns=\"http:\/\/www.w3.org\/2000\/svg\" viewBox=\"0 0 448 512\"><path d=\"M447.9 142.5l-23.2 22L181 395.3l-22 20.8-22-20.8L23.2 287.6 0 265.6l44-46.5 23.2 22L159 328 380.7 118l23.2-22 44 46.5z\"><\/path><\/svg>\t\t\t\t\t\t<\/span>\n\t\t\t\t\t\t\t\t\t\t<span class=\"elementor-icon-list-text\">Elastyczny w u\u017cyciu<\/span>\n\t\t\t\t\t\t\t\t\t<\/li>\n\t\t\t\t\t\t\t\t<li class=\"elementor-icon-list-item\">\n\t\t\t\t\t\t\t\t\t\t\t<span class=\"elementor-icon-list-icon\">\n\t\t\t\t\t\t\t<svg xmlns=\"http:\/\/www.w3.org\/2000\/svg\" viewBox=\"0 0 448 512\"><path d=\"M447.9 142.5l-23.2 22L181 395.3l-22 20.8-22-20.8L23.2 287.6 0 265.6l44-46.5 23.2 22L159 328 380.7 118l23.2-22 44 46.5z\"><\/path><\/svg>\t\t\t\t\t\t<\/span>\n\t\t\t\t\t\t\t\t\t\t<span class=\"elementor-icon-list-text\">Mocny i wydajny\nUsuwanie wi\u00f3r\u00f3w<\/span>\n\t\t\t\t\t\t\t\t\t<\/li>\n\t\t\t\t\t\t\t\t<li class=\"elementor-icon-list-item\">\n\t\t\t\t\t\t\t\t\t\t\t<span class=\"elementor-icon-list-icon\">\n\t\t\t\t\t\t\t<svg xmlns=\"http:\/\/www.w3.org\/2000\/svg\" viewBox=\"0 0 448 512\"><path d=\"M447.9 142.5l-23.2 22L181 395.3l-22 20.8-22-20.8L23.2 287.6 0 265.6l44-46.5 23.2 22L159 328 380.7 118l23.2-22 44 46.5z\"><\/path><\/svg>\t\t\t\t\t\t<\/span>\n\t\t\t\t\t\t\t\t\t\t<span class=\"elementor-icon-list-text\">Ergonomiczny uchwyt i kompaktowe wymiary<\/span>\n\t\t\t\t\t\t\t\t\t<\/li>\n\t\t\t\t\t\t\t\t<li class=\"elementor-icon-list-item\">\n\t\t\t\t\t\t\t\t\t\t\t<span class=\"elementor-icon-list-icon\">\n\t\t\t\t\t\t\t<svg xmlns=\"http:\/\/www.w3.org\/2000\/svg\" viewBox=\"0 0 448 512\"><path d=\"M447.9 142.5l-23.2 22L181 395.3l-22 20.8-22-20.8L23.2 287.6 0 265.6l44-46.5 23.2 22L159 328 380.7 118l23.2-22 44 46.5z\"><\/path><\/svg>\t\t\t\t\t\t<\/span>\n\t\t\t\t\t\t\t\t\t\t<span class=\"elementor-icon-list-text\">Usuwanie wi\u00f3r\u00f3w z pod\u0142ogi bez schylania si\u0119<\/span>\n\t\t\t\t\t\t\t\t\t<\/li>\n\t\t\t\t\t\t\t\t<li class=\"elementor-icon-list-item\">\n\t\t\t\t\t\t\t\t\t\t\t<span class=\"elementor-icon-list-icon\">\n\t\t\t\t\t\t\t<svg xmlns=\"http:\/\/www.w3.org\/2000\/svg\" viewBox=\"0 0 448 512\"><path d=\"M447.9 142.5l-23.2 22L181 395.3l-22 20.8-22-20.8L23.2 287.6 0 265.6l44-46.5 23.2 22L159 328 380.7 118l23.2-22 44 46.5z\"><\/path><\/svg>\t\t\t\t\t\t<\/span>\n\t\t\t\t\t\t\t\t\t\t<span class=\"elementor-icon-list-text\">Zr\u00f3\u017cnicowany produkt dla ka\u017cdego zastosowania<\/span>\n\t\t\t\t\t\t\t\t\t<\/li>\n\t\t\t\t\t\t<\/ul>\n\t\t\t\t\t\t<\/div>\n\t\t\t\t<div class=\"elementor-element elementor-element-97a2e51 elementor-widget elementor-widget-text-editor\" data-id=\"97a2e51\" data-element_type=\"widget\" data-e-type=\"widget\" data-widget_type=\"text-editor.default\">\n\t\t\t\t\t\t\t\t\t<p>Dzi\u0119ki por\u0119cznemu uchwytowi trzymasz miot\u0142\u0119 magnetyczn\u0105 pewnie w d\u0142oni i mo\u017cesz bezpiecznie prowadzi\u0107 j\u0105 do \u017ceton\u00f3w i przyci\u0105ga\u0107 je. Poci\u0105gni\u0119cie suwaka powoduje zanik magnetyzmu i przyci\u0105gni\u0119te \u017cetony po prostu spadaj\u0105. <\/p>\t\t\t\t\t\t\t\t<\/div>\n\t\t<div class=\"elementor-element elementor-element-d80e11e e-con-full e-flex e-con e-child\" data-id=\"d80e11e\" data-element_type=\"container\" data-e-type=\"container\" data-settings=\"{&quot;jet_parallax_layout_list&quot;:[]}\">\n\t\t\t\t<div class=\"elementor-element elementor-element-6e85183 elementor-widget elementor-widget-image\" data-id=\"6e85183\" data-element_type=\"widget\" data-e-type=\"widget\" data-widget_type=\"image.default\">\n\t\t\t\t\t\t\t\t\t\t\t\t\t\t\t<img decoding=\"async\" src=\"https:\/\/hamma-uwt.de\/wp-content\/plugins\/elementor\/assets\/images\/placeholder.png\" title=\"\" alt=\"\" loading=\"lazy\" \/>\t\t\t\t\t\t\t\t\t\t\t\t\t\t\t<\/div>\n\t\t\t\t<div class=\"elementor-element elementor-element-1eaaa23 elementor-widget elementor-widget-heading\" data-id=\"1eaaa23\" data-element_type=\"widget\" data-e-type=\"widget\" data-widget_type=\"heading.default\">\n\t\t\t\t\t<h6 class=\"elementor-heading-title elementor-size-default\">Gdy suwak znajduje si\u0119 w pozycji roboczej\n, pr\u0119t jest magnetyczny<\/h6>\t\t\t\t<\/div>\n\t\t\t\t<\/div>\n\t\t<div class=\"elementor-element elementor-element-1d30320 e-con-full e-flex e-con e-child\" data-id=\"1d30320\" data-element_type=\"container\" data-e-type=\"container\" data-settings=\"{&quot;jet_parallax_layout_list&quot;:[]}\">\n\t\t\t\t<div class=\"elementor-element elementor-element-ff3c606 elementor-widget__width-initial elementor-widget elementor-widget-image\" data-id=\"ff3c606\" data-element_type=\"widget\" data-e-type=\"widget\" data-widget_type=\"image.default\">\n\t\t\t\t\t\t\t\t\t\t\t\t\t\t\t<img decoding=\"async\" src=\"https:\/\/hamma-uwt.de\/wp-content\/plugins\/elementor\/assets\/images\/placeholder.png\" title=\"\" alt=\"\" loading=\"lazy\" \/>\t\t\t\t\t\t\t\t\t\t\t\t\t\t\t<\/div>\n\t\t\t\t<div class=\"elementor-element elementor-element-5975d59 elementor-widget elementor-widget-heading\" data-id=\"5975d59\" data-element_type=\"widget\" data-e-type=\"widget\" data-widget_type=\"heading.default\">\n\t\t\t\t\t<h6 class=\"elementor-heading-title elementor-size-default\">Miot\u0142a nie jest magnetyczna, gdy suwak\njest wyci\u0105gni\u0119ty.<\/h6>\t\t\t\t<\/div>\n\t\t\t\t<\/div>\n\t\t\t\t<\/div>\n\t\t\t\t<\/div>\n\t\t<div class=\"elementor-element elementor-element-02ceddd e-con-full e-flex e-con e-child\" data-id=\"02ceddd\" data-element_type=\"container\" data-e-type=\"container\" data-settings=\"{&quot;jet_parallax_layout_list&quot;:[],&quot;sticky&quot;:&quot;top&quot;,&quot;sticky_offset&quot;:150,&quot;sticky_parent&quot;:&quot;yes&quot;,&quot;sticky_on&quot;:[&quot;desktop&quot;,&quot;laptop&quot;,&quot;tablet_extra&quot;,&quot;tablet&quot;,&quot;mobile_extra&quot;,&quot;mobile&quot;],&quot;sticky_effects_offset&quot;:0,&quot;sticky_anchor_link_offset&quot;:0}\">\n\t\t\t\t<div class=\"elementor-element elementor-element-6d88f3b elementor-widget elementor-widget-image\" data-id=\"6d88f3b\" data-element_type=\"widget\" data-e-type=\"widget\" data-widget_type=\"image.default\">\n\t\t\t\t\t\t\t\t\t\t\t\t\t\t\t<img fetchpriority=\"high\" decoding=\"async\" width=\"800\" height=\"800\" src=\"https:\/\/hamma-uwt.de\/wp-content\/uploads\/1103001-MAGNETBESEN-1024x1024.jpg\" class=\"attachment-large size-large wp-image-6982\" alt=\"\" srcset=\"https:\/\/hamma-uwt.de\/wp-content\/uploads\/1103001-MAGNETBESEN-1024x1024.jpg 1024w, https:\/\/hamma-uwt.de\/wp-content\/uploads\/1103001-MAGNETBESEN-300x300.jpg 300w, https:\/\/hamma-uwt.de\/wp-content\/uploads\/1103001-MAGNETBESEN-scaled-100x100.jpg 100w, https:\/\/hamma-uwt.de\/wp-content\/uploads\/1103001-MAGNETBESEN-scaled-600x600.jpg 600w, https:\/\/hamma-uwt.de\/wp-content\/uploads\/1103001-MAGNETBESEN-150x150.jpg 150w, https:\/\/hamma-uwt.de\/wp-content\/uploads\/1103001-MAGNETBESEN-768x768.jpg 768w, https:\/\/hamma-uwt.de\/wp-content\/uploads\/1103001-MAGNETBESEN-1536x1536.jpg 1536w, https:\/\/hamma-uwt.de\/wp-content\/uploads\/1103001-MAGNETBESEN-2048x2048.jpg 2048w\" sizes=\"(max-width: 800px) 100vw, 800px\" \/>\t\t\t\t\t\t\t\t\t\t\t\t\t\t\t<\/div>\n\t\t\t\t<div class=\"elementor-element elementor-element-394757e elementor-widget elementor-widget-button\" data-id=\"394757e\" data-element_type=\"widget\" data-e-type=\"widget\" data-widget_type=\"button.default\">\n\t\t\t\t\t\t\t\t\t\t<a class=\"elementor-button elementor-button-link elementor-size-sm\" href=\"\/produkte\/magnetbesen\">\n\t\t\t\t\t\t<span class=\"elementor-button-content-wrapper\">\n\t\t\t\t\t\t\t\t\t<span class=\"elementor-button-text\">Do miot\u0142y magnetycznej<\/span>\n\t\t\t\t\t<\/span>\n\t\t\t\t\t<\/a>\n\t\t\t\t\t\t\t\t<\/div>\n\t\t\t\t<\/div>\n\t\t\t\t\t<\/div>\n\t\t\t\t<\/div>\n\t\t<div class=\"elementor-element elementor-element-115a0ff e-flex e-con-boxed e-con e-parent\" data-id=\"115a0ff\" data-element_type=\"container\" data-e-type=\"container\" data-settings=\"{&quot;jet_parallax_layout_list&quot;:[]}\">\n\t\t\t\t\t<div class=\"e-con-inner\">\n\t\t<div class=\"elementor-element elementor-element-a73d65b e-con-full e-flex e-con e-child\" data-id=\"a73d65b\" data-element_type=\"container\" data-e-type=\"container\" data-settings=\"{&quot;jet_parallax_layout_list&quot;:[]}\">\n\t\t\t\t<div class=\"elementor-element elementor-element-b09d209 elementor-widget__width-initial elementor-widget elementor-widget-text-editor\" data-id=\"b09d209\" data-element_type=\"widget\" data-e-type=\"widget\" data-widget_type=\"text-editor.default\">\n\t\t\t\t\t\t\t\t\t<p>Miot\u0142\u0119 magnetyczn\u0105 mo\u017cna przed\u0142u\u017cy\u0107 za pomoc\u0105 zintegrowanego trzonka teleskopowego. Umo\u017cliwia to regulacj\u0119 wysoko\u015bci miot\u0142y w zakresie od 800 mm do ca\u0142kowitej wysoko\u015bci 1120 mm i dostosowanie miot\u0142y magnetycznej do indywidualnych wymaga\u0144.   <\/p>\t\t\t\t\t\t\t\t<\/div>\n\t\t\t\t<div class=\"elementor-element elementor-element-ac3d5cf elementor-blockquote--skin-border elementor-widget elementor-widget-blockquote\" data-id=\"ac3d5cf\" data-element_type=\"widget\" data-e-type=\"widget\" data-widget_type=\"blockquote.default\">\n\t\t\t\t\t\t\t<blockquote class=\"elementor-blockquote\">\n\t\t\t<p class=\"elementor-blockquote__content\">\n\t\t\t\tUWAGA:\nMAGNETBESEN nie mo\u017ce by\u0107 u\u017cywany przez osoby wra\u017cliwe na magnesy\n, na pracuj\u0105cych maszynach lub na obiektach wra\u017cliwych na magnesy\n!\t\t\t<\/p>\n\t\t\t\t\t<\/blockquote>\n\t\t\t\t\t\t<\/div>\n\t\t\t\t<\/div>\n\t\t\t\t<div class=\"elementor-element elementor-element-c7a7072 elementor-widget__width-initial elementor-arrows-position-inside elementor-pagination-position-outside elementor-widget elementor-widget-image-carousel\" data-id=\"c7a7072\" data-element_type=\"widget\" data-e-type=\"widget\" data-settings=\"{&quot;slides_to_show&quot;:&quot;3&quot;,&quot;navigation&quot;:&quot;both&quot;,&quot;autoplay&quot;:&quot;yes&quot;,&quot;pause_on_hover&quot;:&quot;yes&quot;,&quot;pause_on_interaction&quot;:&quot;yes&quot;,&quot;autoplay_speed&quot;:5000,&quot;infinite&quot;:&quot;yes&quot;,&quot;speed&quot;:500}\" data-widget_type=\"image-carousel.default\">\n\t\t\t\t\t\t\t<div class=\"elementor-image-carousel-wrapper swiper\" role=\"region\" aria-roledescription=\"carousel\" aria-label=\"Bild Karussell\" dir=\"ltr\">\n\t\t\t<div class=\"elementor-image-carousel swiper-wrapper\" aria-live=\"off\">\n\t\t\t\t\t\t\t\t<div class=\"swiper-slide\" role=\"group\" aria-roledescription=\"slide\" aria-label=\"1 z 4\"><figure class=\"swiper-slide-inner\"><img decoding=\"async\" class=\"swiper-slide-image\" src=\"https:\/\/hamma-uwt.de\/wp-content\/uploads\/Hamma_Fasswagen_E-Drive_Blanko_2040050-8941-768x768.png\" alt=\"Hamma_Fasswagen_E-Drive_Blanko_2040050-8941\" \/><\/figure><\/div><div class=\"swiper-slide\" role=\"group\" aria-roledescription=\"slide\" aria-label=\"2 z 4\"><figure class=\"swiper-slide-inner\"><img decoding=\"async\" class=\"swiper-slide-image\" src=\"https:\/\/hamma-uwt.de\/wp-content\/uploads\/Hamma_Fasswagen_E-Drive_2040050-8916-768x768.png\" alt=\"Hamma_Fasswagen_E-Drive_2040050-8916\" \/><\/figure><\/div><div class=\"swiper-slide\" role=\"group\" aria-roledescription=\"slide\" aria-label=\"3 z 4\"><figure class=\"swiper-slide-inner\"><img decoding=\"async\" class=\"swiper-slide-image\" src=\"https:\/\/hamma-uwt.de\/wp-content\/uploads\/Hamma_Fasswagen_E-Drive_2040050-8913-768x768.png\" alt=\"Hamma_Fasswagen_E-Drive_2040050-8913\" \/><\/figure><\/div><div class=\"swiper-slide\" role=\"group\" aria-roledescription=\"slide\" aria-label=\"4 z 4\"><figure class=\"swiper-slide-inner\"><img decoding=\"async\" class=\"swiper-slide-image\" src=\"https:\/\/hamma-uwt.de\/wp-content\/uploads\/Hamma_Fasswagen_E-Drive_2040050-8911-768x768.png\" alt=\"Hamma_Fasswagen_E-Drive_2040050-8911\" \/><\/figure><\/div>\t\t\t<\/div>\n\t\t\t\t\t\t\t\t\t\t\t\t<div class=\"elementor-swiper-button elementor-swiper-button-prev\" role=\"button\" tabindex=\"0\">\n\t\t\t\t\t\t<svg aria-hidden=\"true\" class=\"e-font-icon-svg e-eicon-chevron-left\" viewBox=\"0 0 1000 1000\" xmlns=\"http:\/\/www.w3.org\/2000\/svg\"><path d=\"M646 125C629 125 613 133 604 142L308 442C296 454 292 471 292 487 292 504 296 521 308 533L604 854C617 867 629 875 646 875 663 875 679 871 692 858 704 846 713 829 713 812 713 796 708 779 692 767L438 487 692 225C700 217 708 204 708 187 708 171 704 154 692 142 675 129 663 125 646 125Z\"><\/path><\/svg>\t\t\t\t\t<\/div>\n\t\t\t\t\t<div class=\"elementor-swiper-button elementor-swiper-button-next\" role=\"button\" tabindex=\"0\">\n\t\t\t\t\t\t<svg aria-hidden=\"true\" class=\"e-font-icon-svg e-eicon-chevron-right\" viewBox=\"0 0 1000 1000\" xmlns=\"http:\/\/www.w3.org\/2000\/svg\"><path d=\"M696 533C708 521 713 504 713 487 713 471 708 454 696 446L400 146C388 133 375 125 354 125 338 125 325 129 313 142 300 154 292 171 292 187 292 204 296 221 308 233L563 492 304 771C292 783 288 800 288 817 288 833 296 850 308 863 321 871 338 875 354 875 371 875 388 867 400 854L696 533Z\"><\/path><\/svg>\t\t\t\t\t<\/div>\n\t\t\t\t\n\t\t\t\t\t\t\t\t\t<div class=\"swiper-pagination\"><\/div>\n\t\t\t\t\t\t\t\t\t<\/div>\n\t\t\t\t\t\t<\/div>\n\t\t\t\t\t<\/div>\n\t\t\t\t<\/div>\n\t\t<div class=\"elementor-element elementor-element-bcc2db5 e-flex e-con-boxed e-con e-parent\" data-id=\"bcc2db5\" data-element_type=\"container\" data-e-type=\"container\" data-settings=\"{&quot;jet_parallax_layout_list&quot;:[]}\">\n\t\t\t\t\t<div class=\"e-con-inner\">\n\t\t\t\t<div class=\"elementor-element elementor-element-5ee43a1 elementor-widget elementor-widget-spacer\" data-id=\"5ee43a1\" data-element_type=\"widget\" data-e-type=\"widget\" data-widget_type=\"spacer.default\">\n\t\t\t\t\t\t\t<div class=\"elementor-spacer\">\n\t\t\t<div class=\"elementor-spacer-inner\"><\/div>\n\t\t<\/div>\n\t\t\t\t\t\t<\/div>\n\t\t\t\t\t<\/div>\n\t\t\t\t<\/div>\n\t\t\t\t<\/div>\n\t\t","protected":false},"excerpt":{"rendered":"<p>Miot\u0142a magnetyczna z trzonkiem teleskopowym Miot\u0142a magnetyczna umo\u017cliwia szybkie, \u0142atwe i niezawodne czyszczenie powierzchni pod\u0142ogowych i \u015brodowiska pracy. Czysta powierzchnia pod\u0142ogi zwi\u0119ksza jako\u015b\u0107 i bezpiecze\u0144stwo firmy oraz utrzymuje \u015brodowisko pracy w czysto\u015bci i higienie. Miot\u0142a magnetyczna pomaga r\u00f3wnie\u017c podnosi\u0107 ma\u0142e magnetyczne przedmioty i oddziela\u0107 magnetyczne i niemagnetyczne cz\u0119\u015bci przemys\u0142owe. Twoje zalety Szybkie i \u0142atwe czyszczenie [&hellip;]<\/p>\n","protected":false},"author":4,"featured_media":0,"parent":6276,"menu_order":90,"comment_status":"closed","ping_status":"closed","template":"","meta":{"_acf_changed":false,"footnotes":""},"class_list":["post-6981","page","type-page","status-publish","hentry"],"acf":[],"_links":{"self":[{"href":"https:\/\/hamma-uwt.de\/pl\/wp-json\/wp\/v2\/pages\/6981","targetHints":{"allow":["GET"]}}],"collection":[{"href":"https:\/\/hamma-uwt.de\/pl\/wp-json\/wp\/v2\/pages"}],"about":[{"href":"https:\/\/hamma-uwt.de\/pl\/wp-json\/wp\/v2\/types\/page"}],"author":[{"embeddable":true,"href":"https:\/\/hamma-uwt.de\/pl\/wp-json\/wp\/v2\/users\/4"}],"replies":[{"embeddable":true,"href":"https:\/\/hamma-uwt.de\/pl\/wp-json\/wp\/v2\/comments?post=6981"}],"version-history":[{"count":1,"href":"https:\/\/hamma-uwt.de\/pl\/wp-json\/wp\/v2\/pages\/6981\/revisions"}],"predecessor-version":[{"id":6985,"href":"https:\/\/hamma-uwt.de\/pl\/wp-json\/wp\/v2\/pages\/6981\/revisions\/6985"}],"up":[{"embeddable":true,"href":"https:\/\/hamma-uwt.de\/pl\/wp-json\/wp\/v2\/pages\/6276"}],"wp:attachment":[{"href":"https:\/\/hamma-uwt.de\/pl\/wp-json\/wp\/v2\/media?parent=6981"}],"curies":[{"name":"wp","href":"https:\/\/api.w.org\/{rel}","templated":true}]}}