{"id":8185,"date":"2025-06-24T12:29:27","date_gmt":"2025-06-24T10:29:27","guid":{"rendered":"https:\/\/hamma-uwt.de\/biobalance\/"},"modified":"2026-03-04T10:46:58","modified_gmt":"2026-03-04T09:46:58","slug":"biobalance","status":"publish","type":"page","link":"https:\/\/hamma-uwt.de\/pl\/biobalance\/","title":{"rendered":"Biobalance"},"content":{"rendered":"\t\t<div data-elementor-type=\"wp-page\" data-elementor-id=\"8185\" class=\"elementor elementor-8185 elementor-484\" data-elementor-post-type=\"page\">\n\t\t\t\t<div class=\"elementor-element elementor-element-c3de555 e-flex e-con-boxed e-con e-parent\" data-id=\"c3de555\" data-element_type=\"container\" data-e-type=\"container\" data-settings=\"{&quot;background_background&quot;:&quot;video&quot;,&quot;jet_parallax_layout_list&quot;:[],&quot;background_video_link&quot;:&quot;https:\\\/\\\/hamma-uwt.de\\\/wp-content\\\/uploads\\\/Background-01.mp4&quot;}\">\n\t\t\t\t\t<div class=\"e-con-inner\">\n\t\t<div class=\"elementor-background-video-container elementor-hidden-mobile\">\n\t\t\t\t\t\t\t<video class=\"elementor-background-video-hosted\" role=\"presentation\" autoplay muted playsinline loop><\/video>\n\t\t\t\t\t<\/div><div class=\"elementor-element elementor-element-4b57c9e e-con-full e-flex e-con e-child\" data-id=\"4b57c9e\" data-element_type=\"container\" data-e-type=\"container\" data-settings=\"{&quot;jet_parallax_layout_list&quot;:[]}\">\n\t\t\t\t<div class=\"elementor-element elementor-element-488b1d5 elementor-widget elementor-widget-heading\" data-id=\"488b1d5\" data-element_type=\"widget\" data-e-type=\"widget\" data-widget_type=\"heading.default\">\n\t\t\t\t\t<h1 class=\"elementor-heading-title elementor-size-default\">BIOBALANCE <br>Piel\u0119gnacja smarem ch\u0142odz\u0105cym<\/h1>\t\t\t\t<\/div>\n\t\t\t\t<div class=\"elementor-element elementor-element-8c9f7c1 elementor-widget elementor-widget-text-editor\" data-id=\"8c9f7c1\" data-element_type=\"widget\" data-e-type=\"widget\" data-widget_type=\"text-editor.default\">\n\t\t\t\t\t\t\t\t\t<p>Biobalans to zapobieganie niepo\u017c\u0105danemu i nadmiernemu namna\u017caniu si\u0119 zarazk\u00f3w, bakterii, grzyb\u00f3w i dro\u017cd\u017cy. Jest to zachowanie naturalnej r\u00f3wnowagi biologicznej. <\/p>\t\t\t\t\t\t\t\t<\/div>\n\t\t\t\t<\/div>\n\t\t\t\t\t<\/div>\n\t\t\t\t<\/div>\n\t\t<div class=\"elementor-element elementor-element-446b030 e-flex e-con-boxed e-con e-parent\" data-id=\"446b030\" data-element_type=\"container\" data-e-type=\"container\" data-settings=\"{&quot;jet_parallax_layout_list&quot;:[]}\">\n\t\t\t\t\t<div class=\"e-con-inner\">\n\t\t<div class=\"elementor-element elementor-element-25cff84 e-con-full e-flex e-con e-child\" data-id=\"25cff84\" data-element_type=\"container\" data-e-type=\"container\" data-settings=\"{&quot;jet_parallax_layout_list&quot;:[]}\">\n\t\t\t\t<div class=\"elementor-element elementor-element-631aa60 elementor-widget elementor-widget-heading\" data-id=\"631aa60\" data-element_type=\"widget\" data-e-type=\"widget\" data-widget_type=\"heading.default\">\n\t\t\t\t\t<h2 class=\"elementor-heading-title elementor-size-default\">Czym jest BIOBALANCE?<\/h2>\t\t\t\t<\/div>\n\t\t\t\t<\/div>\n\t\t\t\t\t<\/div>\n\t\t\t\t<\/div>\n\t\t<div class=\"elementor-element elementor-element-e3b5a3d e-flex e-con-boxed e-con e-parent\" data-id=\"e3b5a3d\" data-element_type=\"container\" data-e-type=\"container\" data-settings=\"{&quot;jet_parallax_layout_list&quot;:[]}\">\n\t\t\t\t\t<div class=\"e-con-inner\">\n\t\t<div class=\"elementor-element elementor-element-448250f e-con-full e-flex e-con e-child\" data-id=\"448250f\" data-element_type=\"container\" data-e-type=\"container\" data-settings=\"{&quot;jet_parallax_layout_list&quot;:[]}\">\n\t\t\t\t<div class=\"elementor-element elementor-element-7f4d35b elementor-widget elementor-widget-text-editor\" data-id=\"7f4d35b\" data-element_type=\"widget\" data-e-type=\"widget\" data-widget_type=\"text-editor.default\">\n\t\t\t\t\t\t\t\t\t<p>Zdrowy i wysokowydajny \u015brodek ch\u0142odz\u0105co-smaruj\u0105cy jest niezwykle wa\u017cny dla nowoczesnej i przysz\u0142o\u015bciowej produkcji.<\/p>\t\t\t\t\t\t\t\t<\/div>\n\t\t\t\t<div class=\"elementor-element elementor-element-68b46eb elementor-widget elementor-widget-text-editor\" data-id=\"68b46eb\" data-element_type=\"widget\" data-e-type=\"widget\" data-widget_type=\"text-editor.default\">\n\t\t\t\t\t\t\t\t\t<p>Aby dobrze rozpocz\u0105\u0107, miksuj za pomoc\u0105 w pe\u0142ni elektronicznego urz\u0105dzenia miksuj\u0105cego <a href=\"https:\/\/hamma-uwt.de\/pl\/produkty\/misceo\/\"><strong>MISCEO<\/strong> <\/a>wymiesza\u0107 wysokowydajny i stabilny \u015brodek ch\u0142odz\u0105co-smaruj\u0105cy. Pozwala to w pe\u0142ni wykorzysta\u0107 po\u017c\u0105dane w\u0142a\u015bciwo\u015bci \u015brodka ch\u0142odz\u0105co-smaruj\u0105cego. <\/p><p>Podczas fazy konserwacji \u015brodka ch\u0142odz\u0105co-smaruj\u0105cego, urz\u0105dzenie <a href=\"https:\/\/hamma-uwt.de\/pl\/produkty\/mikro-aerator\/\"><strong>MIKRO<\/strong> <\/a>dostarcza smarowi ch\u0142odz\u0105cemu wystarczaj\u0105c\u0105 ilo\u015b\u0107 tlenu i flotuje zanieczyszczenia na powierzchni\u0119 za pomoc\u0105 drobno zdefiniowanych p\u0119cherzyk\u00f3w powietrza. Flotacja p\u0119cherzyk\u00f3w powietrza przesuwa zanieczyszczenia w kierunku <a href=\"https:\/\/hamma-uwt.de\/pl\/produkty\/szybki\/\"><strong>RAPID<\/strong> <\/a>w kierunku RAPID. Usuwa to niepo\u017c\u0105dane oleje trampowe, chroni\u0105c przed nadmiernym smarowaniem w procesie produkcyjnym. Zawieszone cz\u0105stki zwi\u0105zane w oleju s\u0105 r\u00f3wnie\u017c usuwane, a \u015bcieralno\u015b\u0107 \u015brodka ch\u0142odz\u0105co-smaruj\u0105cego jest zmniejszona. W rezultacie maszyny i narz\u0119dzia dzia\u0142aj\u0105 znacznie d\u0142u\u017cej. Razem, odpieniacz oleju <strong>RAPID<\/strong> i mikro-napowietrzacz <strong>MIKRO<\/strong> utrzymuj\u0105 wysok\u0105 jako\u015b\u0107 \u015brodka ch\u0142odz\u0105co-smaruj\u0105cego przez znacznie d\u0142u\u017cszy okres czasu. Higiena medium ulega drastycznej poprawie. \u017byje si\u0119 zdrowiej i unika nieprzyjemnych zapach\u00f3w.       <\/p>\t\t\t\t\t\t\t\t<\/div>\n\t\t\t\t<div class=\"elementor-element elementor-element-6155fc4 elementor-blockquote--skin-border elementor-widget elementor-widget-blockquote\" data-id=\"6155fc4\" data-element_type=\"widget\" data-e-type=\"widget\" data-widget_type=\"blockquote.default\">\n\t\t\t\t\t\t\t<blockquote class=\"elementor-blockquote\">\n\t\t\t<p class=\"elementor-blockquote__content\">\n\t\t\t\tOszcz\u0119dzaj\u0105cy zasoby, higieniczny \u015brodek ch\u0142odz\u0105co-smaruj\u0105cy dostosowany do procesu produkcji jest kluczem do sukcesu.\t\t\t<\/p>\n\t\t\t\t\t<\/blockquote>\n\t\t\t\t\t\t<\/div>\n\t\t\t\t<div class=\"elementor-element elementor-element-981d647 elementor-widget elementor-widget-text-editor\" data-id=\"981d647\" data-element_type=\"widget\" data-e-type=\"widget\" data-widget_type=\"text-editor.default\">\n\t\t\t\t\t\t\t\t\t<p>Mobilny system czyszcz\u0105cy <a href=\"https:\/\/hamma-uwt.de\/pl\/produkty\/clean-tower\/\"><strong>CLEAN-TOWER<\/strong><\/a> \u0142\u0105czy czyszczenie i napowietrzanie w jednym urz\u0105dzeniu. Zasada flotacji rozpuszczonego powietrza zwi\u0119ksza wydajno\u015b\u0107 konserwacji do maksimum. Utrzymujesz smar ch\u0142odz\u0105cy na najwy\u017cszym poziomie.  <\/p><p>Dobrze utrzymany \u015brodek ch\u0142odz\u0105co-smaruj\u0105cy mo\u017ce przynie\u015b\u0107 firmom znaczny wzrost wydajno\u015bci, popraw\u0119 jako\u015bci i oszcz\u0119dno\u015b\u0107 koszt\u00f3w. Zapach nie powinien by\u0107 ju\u017c wska\u017anikiem zmian. Istnieje ryzyko zagro\u017cenia zdrowia, utraty wydajno\u015bci i jako\u015bci. Z pomoc\u0105 produkt\u00f3w piel\u0119gnacyjnych mo\u017cna utrzyma\u0107 \u015brodek ch\u0142odz\u0105co-smaruj\u0105cy w higienicznym, wydajnym stanie i zaoszcz\u0119dzi\u0107 pieni\u0105dze!   <\/p>\t\t\t\t\t\t\t\t<\/div>\n\t\t\t\t<\/div>\n\t\t<div class=\"elementor-element elementor-element-33ab6d2 e-con-full e-flex e-con e-child\" data-id=\"33ab6d2\" data-element_type=\"container\" data-e-type=\"container\" data-settings=\"{&quot;jet_parallax_layout_list&quot;:[]}\">\n\t\t\t\t<div class=\"elementor-element elementor-element-425b4f5 elementor-widget elementor-widget-image\" data-id=\"425b4f5\" data-element_type=\"widget\" data-e-type=\"widget\" data-widget_type=\"image.default\">\n\t\t\t\t\t\t\t\t\t\t\t\t\t\t\t<img fetchpriority=\"high\" decoding=\"async\" width=\"800\" height=\"418\" src=\"https:\/\/hamma-uwt.de\/wp-content\/uploads\/BIOBALANCE-Line-Chart.svg\" class=\"attachment-large size-large wp-image-8187\" alt=\"\" \/>\t\t\t\t\t\t\t\t\t\t\t\t\t\t\t<\/div>\n\t\t\t\t<div class=\"elementor-element elementor-element-1fbf195 elementor-widget elementor-widget-heading\" data-id=\"1fbf195\" data-element_type=\"widget\" data-e-type=\"widget\" data-widget_type=\"heading.default\">\n\t\t\t\t\t<h3 class=\"elementor-heading-title elementor-size-default\">Krok po kroku do BIOBALANCE<\/h3>\t\t\t\t<\/div>\n\t\t\t\t<div class=\"elementor-element elementor-element-9905a54 elementor-widget elementor-widget-jet-carousel\" data-id=\"9905a54\" data-element_type=\"widget\" data-e-type=\"widget\" data-settings=\"{&quot;slides_to_show&quot;:&quot;1&quot;,&quot;slides_to_scroll&quot;:&quot;1&quot;}\" data-widget_type=\"jet-carousel.default\">\n\t\t\t\t<div class=\"elementor-widget-container\">\n\t\t\t\t\t<div class=\"elementor-jet-carousel jet-elements\"><div class=\"jet-carousel-wrap\">\n\t<div class=\"jet-carousel\" data-slider_options=\"{&quot;autoplaySpeed&quot;:2500,&quot;autoplay&quot;:false,&quot;infinite&quot;:false,&quot;centerMode&quot;:true,&quot;centerPadding&quot;:&quot;0px&quot;,&quot;pauseOnHover&quot;:true,&quot;speed&quot;:1700,&quot;arrows&quot;:true,&quot;dots&quot;:false,&quot;variableWidth&quot;:false,&quot;prevArrow&quot;:&quot;.jet-carousel__prev-arrow-9905a54&quot;,&quot;nextArrow&quot;:&quot;.jet-carousel__next-arrow-9905a54&quot;,&quot;rtl&quot;:false,&quot;fractionNav&quot;:true,&quot;fade&quot;:false}\" dir=\"ltr\">\n\t<div class=\"elementor-slick-slider\">\n\n<div class=\"jet-carousel__item\">\n\t<div class=\"jet-carousel__item-inner\"><a href=\"#\" class=\"jet-carousel__item-link\" ><img decoding=\"async\" src=\"https:\/\/hamma-uwt.de\/wp-content\/uploads\/hamma_misceo_3_exklusiv_web-300x300.webp\" class=\"jet-carousel__item-img\" alt=\"MISCEO Exklusiv\" loading=\"lazy\"><\/a><div class=\"jet-carousel__content\"><div class=\"jet-carousel__item-title\">1) MISCEO<\/div><div class=\"jet-carousel__item-text\"><p><strong>Faza startowa<\/strong> - mieszanie \u015brodka ch\u0142odz\u0105co-smaruj\u0105cego<\/p><p><strong>Kroki:<br><\/strong>Przygotuj \u015brodek ch\u0142odz\u0105co-smaruj\u0105cy<br>Wymieszaj w pe\u0142ni automatycznie z MISCEO<br>Optymalne w\u0142a\u015bciwo\u015bci produktu s\u0105 aktywowane.<\/p><\/div><\/div><\/div>\n<\/div>\n\n<div class=\"jet-carousel__item\">\n\t<div class=\"jet-carousel__item-inner\"><a href=\"#\" class=\"jet-carousel__item-link\" ><img decoding=\"async\" src=\"https:\/\/hamma-uwt.de\/wp-content\/uploads\/Hamma_MIKRO-300_2102000_03659-300x300.webp\" class=\"jet-carousel__item-img\" alt=\"Hamma_MIKRO-300_2102000_03659\" loading=\"lazy\"><\/a><div class=\"jet-carousel__content\"><div class=\"jet-carousel__item-title\">2) MIKRO<\/div><div class=\"jet-carousel__item-text\"><p><strong>Faza konserwacji<\/strong> - napowietrzanie i flotacja<\/p><p><strong>Kroki:<br><\/strong>Wprowadzenie tlenu do \u015brodka ch\u0142odz\u0105co-smaruj\u0105cego<br>MIKRO generuje drobne p\u0119cherzyki powietrza<br>P\u0119cherzyki powietrza transportuj\u0105 zanieczyszczenia na powierzchni\u0119<\/p><\/div><\/div><\/div>\n<\/div>\n\n<div class=\"jet-carousel__item\">\n\t<div class=\"jet-carousel__item-inner\"><a href=\"#\" class=\"jet-carousel__item-link\" ><img decoding=\"async\" src=\"https:\/\/hamma-uwt.de\/wp-content\/uploads\/hamma-rapid-1.1_230v_zeitschaltuhr_auslass_seitlich_mitschlauch_06085_schwarz_web-300x300.webp\" class=\"jet-carousel__item-img\" alt=\"hamma-rapid-1.1_230v_zeitschaltuhr_auslass_seitlich_mitschlauch_06085_schwarz_web\" loading=\"lazy\"><\/a><div class=\"jet-carousel__content\"><div class=\"jet-carousel__item-title\">3 RAPID<\/div><div class=\"jet-carousel__item-text\"><p><strong>Faza konserwacji<\/strong> - usuwanie olej\u00f3w trampowych i zawieszonych cz\u0105stek<\/p><p><strong>Kroki:<br><\/strong>Usuwanie zanieczyszcze\u0144 poprzez flotacj\u0119 RAPID<br>RAPID usuwa oleje trampowe<br>Zawieszone cz\u0105stki zwi\u0105zane w oleju s\u0105 r\u00f3wnie\u017c usuwane<br>Zmniejszona \u015bcieralno\u015b\u0107 \u2192 Ochrona maszyn i narz\u0119dzi<\/p><\/div><\/div><\/div>\n<\/div>\n\n<div class=\"jet-carousel__item\">\n\t<div class=\"jet-carousel__item-inner\"><a href=\"#\" class=\"jet-carousel__item-link\" ><img decoding=\"async\" src=\"https:\/\/hamma-uwt.de\/wp-content\/uploads\/Hamma_Clean-Tower-150_1501000-9073-300x300.png\" class=\"jet-carousel__item-img\" alt=\"Hamma_Clean-Tower-150_1501000-9073\" loading=\"lazy\"><\/a><div class=\"jet-carousel__content\"><div class=\"jet-carousel__item-title\">4. CZYSTA WIE\u017bA<\/div><div class=\"jet-carousel__item-text\"><p>Po\u0142\u0105czenie czyszczenia i wentylacji<\/p><p><strong>Kroki:<br><\/strong>Czyszczenie i napowietrzanie w jednym kroku<br>Flotacja rozpuszczonym powietrzem zwi\u0119ksza wydajno\u015b\u0107<br>Smar ch\u0142odz\u0105cy pozostaje higieniczny i wydajny<\/p><\/div><\/div><\/div>\n<\/div>\n<\/div><div class=\"jet-carousel__prev-arrow-9905a54 jet-arrow prev-arrow\"><svg xmlns=\"http:\/\/www.w3.org\/2000\/svg\" viewBox=\"0 0 512 512\"><path d=\"M17 239L0 256l17 17L153 409l17 17L203.9 392l-17-17-95-95L488 280l24 0 0-48-24 0L91.9 232l95-95 17-17L169.9 86.1l-17 17L17 239z\"><\/path><\/svg><\/div><div class=\"jet-carousel__next-arrow-9905a54 jet-arrow next-arrow\"><svg xmlns=\"http:\/\/www.w3.org\/2000\/svg\" viewBox=\"0 0 512 512\"><path d=\"M495 273l17-17-17-17L359 103l-17-17L308.1 120l17 17 95 95L24 232 0 232l0 48 24 0 396.1 0-95 95-17 17 33.9 33.9 17-17L495 273z\"><\/path><\/svg><\/div><div class=\"jet-carousel__fraction-navigation\"><\/div><\/div>\n<\/div>\n<\/div>\t\t\t\t<\/div>\n\t\t\t\t<\/div>\n\t\t\t\t<\/div>\n\t\t\t\t\t<\/div>\n\t\t\t\t<\/div>\n\t\t\t\t<\/div>\n\t\t","protected":false},"excerpt":{"rendered":"<p>BIOBALANCE Piel\u0119gnacja smarem ch\u0142odz\u0105cym Biobalans to zapobieganie niepo\u017c\u0105danemu i nadmiernemu namna\u017caniu si\u0119 zarazk\u00f3w, bakterii, grzyb\u00f3w i dro\u017cd\u017cy. Jest to zachowanie naturalnej r\u00f3wnowagi biologicznej. Czym jest BIOBALANCE? Zdrowy i wysokowydajny \u015brodek ch\u0142odz\u0105co-smaruj\u0105cy jest niezwykle wa\u017cny dla nowoczesnej i przysz\u0142o\u015bciowej produkcji. Aby dobrze rozpocz\u0105\u0107, miksuj za pomoc\u0105 w pe\u0142ni elektronicznego urz\u0105dzenia miksuj\u0105cego MISCEO wymiesza\u0107 wysokowydajny i stabilny [&hellip;]<\/p>\n","protected":false},"author":2,"featured_media":0,"parent":0,"menu_order":200,"comment_status":"closed","ping_status":"closed","template":"","meta":{"_acf_changed":false,"footnotes":""},"class_list":["post-8185","page","type-page","status-publish","hentry"],"acf":[],"_links":{"self":[{"href":"https:\/\/hamma-uwt.de\/pl\/wp-json\/wp\/v2\/pages\/8185","targetHints":{"allow":["GET"]}}],"collection":[{"href":"https:\/\/hamma-uwt.de\/pl\/wp-json\/wp\/v2\/pages"}],"about":[{"href":"https:\/\/hamma-uwt.de\/pl\/wp-json\/wp\/v2\/types\/page"}],"author":[{"embeddable":true,"href":"https:\/\/hamma-uwt.de\/pl\/wp-json\/wp\/v2\/users\/2"}],"replies":[{"embeddable":true,"href":"https:\/\/hamma-uwt.de\/pl\/wp-json\/wp\/v2\/comments?post=8185"}],"version-history":[{"count":1,"href":"https:\/\/hamma-uwt.de\/pl\/wp-json\/wp\/v2\/pages\/8185\/revisions"}],"predecessor-version":[{"id":8193,"href":"https:\/\/hamma-uwt.de\/pl\/wp-json\/wp\/v2\/pages\/8185\/revisions\/8193"}],"wp:attachment":[{"href":"https:\/\/hamma-uwt.de\/pl\/wp-json\/wp\/v2\/media?parent=8185"}],"curies":[{"name":"wp","href":"https:\/\/api.w.org\/{rel}","templated":true}]}}