{"id":8480,"date":"2025-04-11T13:47:23","date_gmt":"2025-04-11T11:47:23","guid":{"rendered":"https:\/\/hamma-uwt.de\/usluga\/"},"modified":"2026-03-04T10:50:05","modified_gmt":"2026-03-04T09:50:05","slug":"usluga","status":"publish","type":"page","link":"https:\/\/hamma-uwt.de\/pl\/usluga\/","title":{"rendered":"Us\u0142uga"},"content":{"rendered":"\t\t<div data-elementor-type=\"wp-page\" data-elementor-id=\"8480\" class=\"elementor elementor-8480 elementor-37\" data-elementor-post-type=\"page\">\n\t\t\t\t<div class=\"elementor-element elementor-element-3101cb4 e-flex e-con-boxed e-con e-parent\" data-id=\"3101cb4\" data-element_type=\"container\" data-e-type=\"container\" data-settings=\"{&quot;background_background&quot;:&quot;classic&quot;,&quot;jet_parallax_layout_list&quot;:[]}\">\n\t\t\t\t\t<div class=\"e-con-inner\">\n\t\t<div class=\"elementor-element elementor-element-d29d8c0 e-con-full e-flex e-con e-child\" data-id=\"d29d8c0\" data-element_type=\"container\" data-e-type=\"container\" data-settings=\"{&quot;jet_parallax_layout_list&quot;:[]}\">\n\t\t\t\t<div class=\"elementor-element elementor-element-bdf39cb elementor-widget elementor-widget-heading\" data-id=\"bdf39cb\" data-element_type=\"widget\" data-e-type=\"widget\" data-widget_type=\"heading.default\">\n\t\t\t\t\t<h1 class=\"elementor-heading-title elementor-size-default\">SERWIS<\/h1>\t\t\t\t<\/div>\n\t\t\t\t<div class=\"elementor-element elementor-element-f992e32 elementor-widget elementor-widget-text-editor\" data-id=\"f992e32\" data-element_type=\"widget\" data-e-type=\"widget\" data-widget_type=\"text-editor.default\">\n\t\t\t\t\t\t\t\t\t<p>Tutaj znajdziesz wszystko o naszych produktach.<\/p>\t\t\t\t\t\t\t\t<\/div>\n\t\t\t\t<\/div>\n\t\t\t\t<div class=\"elementor-element elementor-element-9df908a elementor-widget elementor-widget-image\" data-id=\"9df908a\" data-element_type=\"widget\" data-e-type=\"widget\" data-widget_type=\"image.default\">\n\t\t\t\t\t\t\t\t\t\t\t\t\t\t\t<img fetchpriority=\"high\" decoding=\"async\" width=\"539\" height=\"1000\" src=\"https:\/\/hamma-uwt.de\/wp-content\/uploads\/Servicefrog-Modeling-008a-free.png\" class=\"attachment-large size-large wp-image-8481\" alt=\"\" srcset=\"https:\/\/hamma-uwt.de\/wp-content\/uploads\/Servicefrog-Modeling-008a-free.png 539w, https:\/\/hamma-uwt.de\/wp-content\/uploads\/Servicefrog-Modeling-008a-free-162x300.png 162w\" sizes=\"(max-width: 539px) 100vw, 539px\" \/>\t\t\t\t\t\t\t\t\t\t\t\t\t\t\t<\/div>\n\t\t\t\t\t<\/div>\n\t\t\t\t<\/div>\n\t\t<div class=\"elementor-element elementor-element-9dcc97e e-flex e-con-boxed e-con e-parent\" data-id=\"9dcc97e\" data-element_type=\"container\" data-e-type=\"container\" data-settings=\"{&quot;jet_parallax_layout_list&quot;:[]}\">\n\t\t\t\t\t<div class=\"e-con-inner\">\n\t\t<div class=\"elementor-element elementor-element-0373ef4 e-con-full e-flex e-con e-child\" data-id=\"0373ef4\" data-element_type=\"container\" data-e-type=\"container\" data-settings=\"{&quot;background_background&quot;:&quot;classic&quot;,&quot;jet_parallax_layout_list&quot;:[]}\">\n\t\t\t\t<div class=\"elementor-element elementor-element-9767d9c elementor-widget elementor-widget-heading\" data-id=\"9767d9c\" data-element_type=\"widget\" data-e-type=\"widget\" data-widget_type=\"heading.default\">\n\t\t\t\t\t<h3 class=\"elementor-heading-title elementor-size-default\">Pliki do pobrania<\/h3>\t\t\t\t<\/div>\n\t\t\t\t<div class=\"elementor-element elementor-element-95a4dbe elementor-widget elementor-widget-text-editor\" data-id=\"95a4dbe\" data-element_type=\"widget\" data-e-type=\"widget\" data-widget_type=\"text-editor.default\">\n\t\t\t\t\t\t\t\t\t<div class=\"n module-type-matrix diyfeLiveArea \"><div class=\"diyfeModGridGroup diyfeModGrid2\"><div class=\"diyfeModGridElement diyfeModGridCol66\"><div class=\"diyfeModGridContent\"><div id=\"matrix_1025890055\" class=\"sortable-matrix-child\" data-matrixid=\"1025890055\"><div class=\"n module-type-text diyfeLiveArea \"><p>Instrukcje obs\u0142ugi i skr\u00f3cone instrukcje obs\u0142ugi, opisy produkt\u00f3w i inne dokumenty dotycz\u0105ce naszych produkt\u00f3w.<\/p><\/div><\/div><\/div><\/div><\/div><\/div>\t\t\t\t\t\t\t\t<\/div>\n\t\t\t\t<div class=\"elementor-element elementor-element-d5f9abb ham-btn elementor-widget elementor-widget-button\" data-id=\"d5f9abb\" data-element_type=\"widget\" data-e-type=\"widget\" data-widget_type=\"button.default\">\n\t\t\t\t\t\t\t\t\t\t<a class=\"elementor-button elementor-button-link elementor-size-sm\" href=\"https:\/\/hamma-uwt.de\/pl\/pliki-do-pobrania\/\">\n\t\t\t\t\t\t<span class=\"elementor-button-content-wrapper\">\n\t\t\t\t\t\t\t\t\t<span class=\"elementor-button-text\">Wi\u0119cej informacji<\/span>\n\t\t\t\t\t<\/span>\n\t\t\t\t\t<\/a>\n\t\t\t\t\t\t\t\t<\/div>\n\t\t\t\t<\/div>\n\t\t<div class=\"elementor-element elementor-element-12e7f45 e-con-full e-flex e-con e-child\" data-id=\"12e7f45\" data-element_type=\"container\" data-e-type=\"container\" data-settings=\"{&quot;background_background&quot;:&quot;classic&quot;,&quot;jet_parallax_layout_list&quot;:[]}\">\n\t\t\t\t<div class=\"elementor-element elementor-element-0442579 elementor-widget elementor-widget-heading\" data-id=\"0442579\" data-element_type=\"widget\" data-e-type=\"widget\" data-widget_type=\"heading.default\">\n\t\t\t\t\t<h3 class=\"elementor-heading-title elementor-size-default\">FAQ<\/h3>\t\t\t\t<\/div>\n\t\t\t\t<div class=\"elementor-element elementor-element-b2314fa elementor-widget elementor-widget-text-editor\" data-id=\"b2314fa\" data-element_type=\"widget\" data-e-type=\"widget\" data-widget_type=\"text-editor.default\">\n\t\t\t\t\t\t\t\t\t<p>Tutaj znajdziesz odpowiedzi na cz\u0119sto zadawane pytania.<\/p>\t\t\t\t\t\t\t\t<\/div>\n\t\t\t\t<div class=\"elementor-element elementor-element-3e3ae05 ham-btn elementor-widget elementor-widget-button\" data-id=\"3e3ae05\" data-element_type=\"widget\" data-e-type=\"widget\" data-widget_type=\"button.default\">\n\t\t\t\t\t\t\t\t\t\t<a class=\"elementor-button elementor-button-link elementor-size-sm\" href=\"https:\/\/hamma-uwt.de\/pl\/usluga\/faq\/\">\n\t\t\t\t\t\t<span class=\"elementor-button-content-wrapper\">\n\t\t\t\t\t\t\t\t\t<span class=\"elementor-button-text\">Wi\u0119cej informacji<\/span>\n\t\t\t\t\t<\/span>\n\t\t\t\t\t<\/a>\n\t\t\t\t\t\t\t\t<\/div>\n\t\t\t\t<\/div>\n\t\t<div class=\"elementor-element elementor-element-6d237b9 e-con-full e-flex e-con e-child\" data-id=\"6d237b9\" data-element_type=\"container\" data-e-type=\"container\" data-settings=\"{&quot;background_background&quot;:&quot;classic&quot;,&quot;jet_parallax_layout_list&quot;:[]}\">\n\t\t\t\t<div class=\"elementor-element elementor-element-016be6b elementor-widget elementor-widget-heading\" data-id=\"016be6b\" data-element_type=\"widget\" data-e-type=\"widget\" data-widget_type=\"heading.default\">\n\t\t\t\t\t<h3 class=\"elementor-heading-title elementor-size-default\">GTC<\/h3>\t\t\t\t<\/div>\n\t\t\t\t<div class=\"elementor-element elementor-element-d00adc9 elementor-widget elementor-widget-text-editor\" data-id=\"d00adc9\" data-element_type=\"widget\" data-e-type=\"widget\" data-widget_type=\"text-editor.default\">\n\t\t\t\t\t\t\t\t\t<div class=\"n module-type-spacer diyfeLiveArea \"><div class=\"the-spacer id5799633250\">Tutaj znajdziesz nasze Og\u00f3lne Warunki Handlowe.<\/div><\/div>\t\t\t\t\t\t\t\t<\/div>\n\t\t\t\t<div class=\"elementor-element elementor-element-921fcec ham-btn elementor-widget elementor-widget-button\" data-id=\"921fcec\" data-element_type=\"widget\" data-e-type=\"widget\" data-widget_type=\"button.default\">\n\t\t\t\t\t\t\t\t\t\t<a class=\"elementor-button elementor-button-link elementor-size-sm\" href=\"https:\/\/hamma-uwt.de\/pl\/usluga\/gtc\/\">\n\t\t\t\t\t\t<span class=\"elementor-button-content-wrapper\">\n\t\t\t\t\t\t\t\t\t<span class=\"elementor-button-text\">Wi\u0119cej informacji<\/span>\n\t\t\t\t\t<\/span>\n\t\t\t\t\t<\/a>\n\t\t\t\t\t\t\t\t<\/div>\n\t\t\t\t<\/div>\n\t\t\t\t\t<\/div>\n\t\t\t\t<\/div>\n\t\t<div class=\"elementor-element elementor-element-2cba74a e-flex e-con-boxed e-con e-parent\" data-id=\"2cba74a\" data-element_type=\"container\" data-e-type=\"container\" data-settings=\"{&quot;jet_parallax_layout_list&quot;:[]}\">\n\t\t\t\t\t<div class=\"e-con-inner\">\n\t\t\t\t<div class=\"elementor-element elementor-element-1b1720b elementor-widget elementor-widget-heading\" data-id=\"1b1720b\" data-element_type=\"widget\" data-e-type=\"widget\" data-widget_type=\"heading.default\">\n\t\t\t\t\t<h2 class=\"elementor-heading-title elementor-size-default\">Nasz serwis - aby\u015b m\u00f3g\u0142 jak najlepiej wykorzysta\u0107 produkty Hamma<br> \n<\/h2>\t\t\t\t<\/div>\n\t\t\t\t<div class=\"elementor-element elementor-element-757360e elementor-widget elementor-widget-text-editor\" data-id=\"757360e\" data-element_type=\"widget\" data-e-type=\"widget\" data-widget_type=\"text-editor.default\">\n\t\t\t\t\t\t\t\t\t<p>Jako firma rodzinna dbamy nie tylko o jako\u015b\u0107 naszych produkt\u00f3w, ale tak\u017ce o naszych klient\u00f3w. W naszej strefie serwisowej znajdziesz wszystkie wa\u017cne informacje na temat naszych rozwi\u0105za\u0144 do piel\u0119gnacji ch\u0142odziw - od instrukcji obs\u0142ugi i opis\u00f3w produkt\u00f3w po cz\u0119sto zadawane pytania i nasze og\u00f3lne warunki. <\/p><p>Niezale\u017cnie od tego, czy jest to mikser MISCEO, aerator MIKRO, skimmer RAPID czy CLEAN-TOWER - zapewniamy kompleksow\u0105 dokumentacj\u0119 do pobrania dla ka\u017cdego z naszych produkt\u00f3w. Oznacza to, \u017ce zawsze masz pod r\u0119k\u0105 instrukcje, skr\u00f3cone przewodniki, karty danych technicznych i inne dokumenty. W naszej sekcji FAQ odpowiadamy na najcz\u0119\u015bciej zadawane pytania dotycz\u0105ce obs\u0142ugi, konserwacji i korzystania z naszej technologii konserwacji. Je\u015bli potrzebujesz dalszego wsparcia, oczywi\u015bcie jeste\u015bmy do Twojej dyspozycji osobi\u015bcie.   <\/p><p>Armin Hamma Umwelttechnik posiada certyfikat DIN EN ISO 9001:2015 - obietnic\u0119 jako\u015bci, kt\u00f3ra obejmuje ca\u0142y zakres naszych us\u0142ug: od rozwoju i produkcji po serwis.<\/p>\t\t\t\t\t\t\t\t<\/div>\n\t\t\t\t\t<\/div>\n\t\t\t\t<\/div>\n\t\t\t\t<\/div>\n\t\t","protected":false},"excerpt":{"rendered":"<p>SERWIS Tutaj znajdziesz wszystko o naszych produktach. Pliki do pobrania Instrukcje obs\u0142ugi i skr\u00f3cone instrukcje obs\u0142ugi, opisy produkt\u00f3w i inne dokumenty dotycz\u0105ce naszych produkt\u00f3w. Wi\u0119cej informacji FAQ Tutaj znajdziesz odpowiedzi na cz\u0119sto zadawane pytania. Wi\u0119cej informacji GTC Tutaj znajdziesz nasze Og\u00f3lne Warunki Handlowe. Wi\u0119cej informacji Nasz serwis - aby\u015b m\u00f3g\u0142 jak najlepiej wykorzysta\u0107 produkty Hamma [&hellip;]<\/p>\n","protected":false},"author":3,"featured_media":0,"parent":0,"menu_order":40,"comment_status":"closed","ping_status":"closed","template":"","meta":{"_acf_changed":false,"footnotes":""},"class_list":["post-8480","page","type-page","status-publish","hentry"],"acf":[],"_links":{"self":[{"href":"https:\/\/hamma-uwt.de\/pl\/wp-json\/wp\/v2\/pages\/8480","targetHints":{"allow":["GET"]}}],"collection":[{"href":"https:\/\/hamma-uwt.de\/pl\/wp-json\/wp\/v2\/pages"}],"about":[{"href":"https:\/\/hamma-uwt.de\/pl\/wp-json\/wp\/v2\/types\/page"}],"author":[{"embeddable":true,"href":"https:\/\/hamma-uwt.de\/pl\/wp-json\/wp\/v2\/users\/3"}],"replies":[{"embeddable":true,"href":"https:\/\/hamma-uwt.de\/pl\/wp-json\/wp\/v2\/comments?post=8480"}],"version-history":[{"count":1,"href":"https:\/\/hamma-uwt.de\/pl\/wp-json\/wp\/v2\/pages\/8480\/revisions"}],"predecessor-version":[{"id":8482,"href":"https:\/\/hamma-uwt.de\/pl\/wp-json\/wp\/v2\/pages\/8480\/revisions\/8482"}],"wp:attachment":[{"href":"https:\/\/hamma-uwt.de\/pl\/wp-json\/wp\/v2\/media?parent=8480"}],"curies":[{"name":"wp","href":"https:\/\/api.w.org\/{rel}","templated":true}]}}