{"id":11557,"date":"2025-11-12T16:35:06","date_gmt":"2025-11-12T15:35:06","guid":{"rendered":"https:\/\/hamma-uwt.de\/produkt\/uniwersalny-przykrecany-wspornik-maly\/"},"modified":"2025-11-12T16:35:06","modified_gmt":"2025-11-12T15:35:06","slug":"uniwersalny-przykrecany-wspornik-maly","status":"publish","type":"product","link":"https:\/\/hamma-uwt.de\/pl\/produkt\/uniwersalny-przykrecany-wspornik-maly\/","title":{"rendered":"Uniwersalny przykr\u0119cany wspornik ma\u0142y"},"content":{"rendered":"<p>Uniwersalny przykr\u0119cany uchwyt do monta\u017cu RAPIDS<\/p>\n","protected":false},"excerpt":{"rendered":"<p>Uniwersalny ma\u0142y przykr\u0119cany uchwyt do mocowania za pomoc\u0105 magnesu lub przykr\u0119cania - idealny do pistoletu do nape\u0142niania<\/p>\n","protected":false},"featured_media":3523,"comment_status":"closed","ping_status":"closed","template":"","meta":{"_acf_changed":false},"product_brand":[],"product_cat":[711,712,713,714,715],"product_tag":[],"class_list":{"0":"post-11557","1":"product","2":"type-product","3":"status-publish","4":"has-post-thumbnail","6":"product_cat-akcesoria-misceo","7":"product_cat-akcesoria-rapid-1-1","8":"product_cat-akcesoria-rapid-2-1","9":"product_cat-akcesoria-rapid-3-1","10":"product_cat-chip-maxx-i-miotla-magnetyczna","12":"first","13":"instock","14":"purchasable","15":"product-type-simple"},"acf":[],"_links":{"self":[{"href":"https:\/\/hamma-uwt.de\/pl\/wp-json\/wp\/v2\/product\/11557","targetHints":{"allow":["GET"]}}],"collection":[{"href":"https:\/\/hamma-uwt.de\/pl\/wp-json\/wp\/v2\/product"}],"about":[{"href":"https:\/\/hamma-uwt.de\/pl\/wp-json\/wp\/v2\/types\/product"}],"replies":[{"embeddable":true,"href":"https:\/\/hamma-uwt.de\/pl\/wp-json\/wp\/v2\/comments?post=11557"}],"wp:featuredmedia":[{"embeddable":true,"href":"https:\/\/hamma-uwt.de\/pl\/wp-json\/wp\/v2\/media\/3523"}],"wp:attachment":[{"href":"https:\/\/hamma-uwt.de\/pl\/wp-json\/wp\/v2\/media?parent=11557"}],"wp:term":[{"taxonomy":"product_brand","embeddable":true,"href":"https:\/\/hamma-uwt.de\/pl\/wp-json\/wp\/v2\/product_brand?post=11557"},{"taxonomy":"product_cat","embeddable":true,"href":"https:\/\/hamma-uwt.de\/pl\/wp-json\/wp\/v2\/product_cat?post=11557"},{"taxonomy":"product_tag","embeddable":true,"href":"https:\/\/hamma-uwt.de\/pl\/wp-json\/wp\/v2\/product_tag?post=11557"}],"curies":[{"name":"wp","href":"https:\/\/api.w.org\/{rel}","templated":true}]}}