{"id":11640,"date":"2025-08-12T13:01:07","date_gmt":"2025-08-12T11:01:07","guid":{"rendered":"https:\/\/hamma-uwt.de\/produkt\/zbiornik-wyrownawczy-cisnienia-do-chlodzenia-smaru\/"},"modified":"2025-08-12T13:01:07","modified_gmt":"2025-08-12T11:01:07","slug":"zbiornik-wyrownawczy-cisnienia-do-chlodzenia-smaru","status":"publish","type":"product","link":"https:\/\/hamma-uwt.de\/pl\/produkt\/zbiornik-wyrownawczy-cisnienia-do-chlodzenia-smaru\/","title":{"rendered":"Zbiornik wyr\u00f3wnawczy ci\u015bnienia do ch\u0142odzenia smaru"},"content":{"rendered":"","protected":false},"excerpt":{"rendered":"<p>25 l, G 3\/4&#8243;<\/p>\n","protected":false},"featured_media":4217,"comment_status":"closed","ping_status":"closed","template":"","meta":{"_acf_changed":false},"product_brand":[],"product_cat":[758],"product_tag":[],"class_list":{"0":"post-11640","1":"product","2":"type-product","3":"status-publish","4":"has-post-thumbnail","6":"product_cat-akcesoria-fue-1","8":"first","9":"instock","10":"purchasable","11":"product-type-variable"},"acf":[],"_links":{"self":[{"href":"https:\/\/hamma-uwt.de\/pl\/wp-json\/wp\/v2\/product\/11640","targetHints":{"allow":["GET"]}}],"collection":[{"href":"https:\/\/hamma-uwt.de\/pl\/wp-json\/wp\/v2\/product"}],"about":[{"href":"https:\/\/hamma-uwt.de\/pl\/wp-json\/wp\/v2\/types\/product"}],"replies":[{"embeddable":true,"href":"https:\/\/hamma-uwt.de\/pl\/wp-json\/wp\/v2\/comments?post=11640"}],"wp:featuredmedia":[{"embeddable":true,"href":"https:\/\/hamma-uwt.de\/pl\/wp-json\/wp\/v2\/media\/4217"}],"wp:attachment":[{"href":"https:\/\/hamma-uwt.de\/pl\/wp-json\/wp\/v2\/media?parent=11640"}],"wp:term":[{"taxonomy":"product_brand","embeddable":true,"href":"https:\/\/hamma-uwt.de\/pl\/wp-json\/wp\/v2\/product_brand?post=11640"},{"taxonomy":"product_cat","embeddable":true,"href":"https:\/\/hamma-uwt.de\/pl\/wp-json\/wp\/v2\/product_cat?post=11640"},{"taxonomy":"product_tag","embeddable":true,"href":"https:\/\/hamma-uwt.de\/pl\/wp-json\/wp\/v2\/product_tag?post=11640"}],"curies":[{"name":"wp","href":"https:\/\/api.w.org\/{rel}","templated":true}]}}