{"id":11676,"date":"2025-07-14T12:06:49","date_gmt":"2025-07-14T10:06:49","guid":{"rendered":"https:\/\/hamma-uwt.de\/produkt\/klucz-barylkowy\/"},"modified":"2025-07-14T12:06:49","modified_gmt":"2025-07-14T10:06:49","slug":"klucz-barylkowy","status":"publish","type":"product","link":"https:\/\/hamma-uwt.de\/pl\/produkt\/klucz-barylkowy\/","title":{"rendered":"Klucz bary\u0142kowy"},"content":{"rendered":"<p>Klucz do b\u0119bn\u00f3w umo\u017cliwia b\u0142yskawiczne otwieranie i zamykanie b\u0119bn\u00f3w. Zintegrowany przyrz\u0105d do usuwania uszczelek umo\u017cliwia \u0142atwe i bezpieczne usuwanie uszczelek. R\u0119czny klucz do beczek zapewnia optymaln\u0105 d\u017awigni\u0119 do bezpiecznego<br \/>\notwierania 200-litrowych stalowych beczek. Dzi\u0119ki zoptymalizowanej konstrukcji wykonanej z wytrzyma\u0142ej i<br \/>\nhartowanej stali nierdzewnej jest bardzo trwa\u0142y i \u0142atwy w u\u017cyciu.   <\/p>\n<p>Dzi\u0119ki dobrze umiejscowionemu otworowi mocuj\u0105cemu klucz trzpieniowy mo\u017cna \u0142atwo przechowywa\u0107.<\/p>\n<p>Twoje zalety<\/p>\n<ul>\n<li>\u0141atwe otwieranie dzi\u0119ki zoptymalizowanemu<\/li>\n<li>Efekt d\u017awigni<\/li>\n<li>Zintegrowany \u015bci\u0105gacz uszczelek<\/li>\n<li>Wysokiej jako\u015bci konstrukcja ze stali nierdzewnej<\/li>\n<li>Solidny i praktyczny<\/li>\n<li>Kompaktowa konstrukcja<\/li>\n<li>Ergonomiczny uchwyt<\/li>\n<\/ul>\n","protected":false},"excerpt":{"rendered":"<p>Do otwierania beczek 60-litrowych i 200-litrowych<\/p>\n","protected":false},"featured_media":3850,"comment_status":"closed","ping_status":"closed","template":"","meta":{"_acf_changed":false},"product_brand":[],"product_cat":[711,782,783],"product_tag":[],"class_list":{"0":"post-11676","1":"product","2":"type-product","3":"status-publish","4":"has-post-thumbnail","6":"product_cat-akcesoria-misceo","7":"product_cat-klucz-kontenera","8":"product_cat-silni-pomocnicy","10":"first","11":"instock","12":"purchasable","13":"product-type-simple"},"acf":[],"_links":{"self":[{"href":"https:\/\/hamma-uwt.de\/pl\/wp-json\/wp\/v2\/product\/11676","targetHints":{"allow":["GET"]}}],"collection":[{"href":"https:\/\/hamma-uwt.de\/pl\/wp-json\/wp\/v2\/product"}],"about":[{"href":"https:\/\/hamma-uwt.de\/pl\/wp-json\/wp\/v2\/types\/product"}],"replies":[{"embeddable":true,"href":"https:\/\/hamma-uwt.de\/pl\/wp-json\/wp\/v2\/comments?post=11676"}],"wp:featuredmedia":[{"embeddable":true,"href":"https:\/\/hamma-uwt.de\/pl\/wp-json\/wp\/v2\/media\/3850"}],"wp:attachment":[{"href":"https:\/\/hamma-uwt.de\/pl\/wp-json\/wp\/v2\/media?parent=11676"}],"wp:term":[{"taxonomy":"product_brand","embeddable":true,"href":"https:\/\/hamma-uwt.de\/pl\/wp-json\/wp\/v2\/product_brand?post=11676"},{"taxonomy":"product_cat","embeddable":true,"href":"https:\/\/hamma-uwt.de\/pl\/wp-json\/wp\/v2\/product_cat?post=11676"},{"taxonomy":"product_tag","embeddable":true,"href":"https:\/\/hamma-uwt.de\/pl\/wp-json\/wp\/v2\/product_tag?post=11676"}],"curies":[{"name":"wp","href":"https:\/\/api.w.org\/{rel}","templated":true}]}}