{"id":11880,"date":"2025-07-14T12:06:44","date_gmt":"2025-07-14T10:06:44","guid":{"rendered":"https:\/\/hamma-uwt.de\/produkt\/urzadzenie-do-wypozyczania-misceo-3\/"},"modified":"2025-07-14T12:06:44","modified_gmt":"2025-07-14T10:06:44","slug":"urzadzenie-do-wypozyczania-misceo-3","status":"publish","type":"product","link":"https:\/\/hamma-uwt.de\/pl\/produkt\/urzadzenie-do-wypozyczania-misceo-3\/","title":{"rendered":"Urz\u0105dzenie do wypo\u017cyczania Misceo 3"},"content":{"rendered":"<p>Wynajmowane urz\u0105dzenie jest dostarczane w wariancie wyposa\u017cenia &#8222;Exclusive&#8221;.<\/p>\n","protected":false},"excerpt":{"rendered":"<p>dla okresu utrzymywania<\/p>\n","protected":false},"featured_media":2022,"comment_status":"closed","ping_status":"closed","template":"","meta":{"_acf_changed":false},"product_brand":[],"product_cat":[711,898],"product_tag":[],"class_list":{"0":"post-11880","1":"product","2":"type-product","3":"status-publish","4":"has-post-thumbnail","6":"product_cat-akcesoria-misceo","7":"product_cat-konserwacja","9":"first","10":"instock","11":"purchasable","12":"product-type-simple"},"acf":[],"_links":{"self":[{"href":"https:\/\/hamma-uwt.de\/pl\/wp-json\/wp\/v2\/product\/11880","targetHints":{"allow":["GET"]}}],"collection":[{"href":"https:\/\/hamma-uwt.de\/pl\/wp-json\/wp\/v2\/product"}],"about":[{"href":"https:\/\/hamma-uwt.de\/pl\/wp-json\/wp\/v2\/types\/product"}],"replies":[{"embeddable":true,"href":"https:\/\/hamma-uwt.de\/pl\/wp-json\/wp\/v2\/comments?post=11880"}],"wp:featuredmedia":[{"embeddable":true,"href":"https:\/\/hamma-uwt.de\/pl\/wp-json\/wp\/v2\/media\/2022"}],"wp:attachment":[{"href":"https:\/\/hamma-uwt.de\/pl\/wp-json\/wp\/v2\/media?parent=11880"}],"wp:term":[{"taxonomy":"product_brand","embeddable":true,"href":"https:\/\/hamma-uwt.de\/pl\/wp-json\/wp\/v2\/product_brand?post=11880"},{"taxonomy":"product_cat","embeddable":true,"href":"https:\/\/hamma-uwt.de\/pl\/wp-json\/wp\/v2\/product_cat?post=11880"},{"taxonomy":"product_tag","embeddable":true,"href":"https:\/\/hamma-uwt.de\/pl\/wp-json\/wp\/v2\/product_tag?post=11880"}],"curies":[{"name":"wp","href":"https:\/\/api.w.org\/{rel}","templated":true}]}}