{"id":11953,"date":"2025-08-11T15:06:38","date_gmt":"2025-08-11T13:06:38","guid":{"rendered":"https:\/\/hamma-uwt.de\/produkt\/waz-ssaco-tloczacy\/"},"modified":"2025-08-11T15:06:38","modified_gmt":"2025-08-11T13:06:38","slug":"waz-ssaco-tloczacy","status":"publish","type":"product","link":"https:\/\/hamma-uwt.de\/pl\/produkt\/waz-ssaco-tloczacy\/","title":{"rendered":"W\u0105\u017c ss\u0105co-t\u0142ocz\u0105cy"},"content":{"rendered":"<p>W\u0105\u017c ss\u0105cy\/ci\u015bnieniowy 16 x 3 mm wykonany z PU, przezroczysty.<\/p>\n","protected":false},"excerpt":{"rendered":"<p>(na metr) ze stalow\u0105 spiral\u0105, akcesorium MISCEO 3<\/p>\n","protected":false},"featured_media":2045,"comment_status":"closed","ping_status":"closed","template":"","meta":{"_acf_changed":false},"product_brand":[],"product_cat":[711,677],"product_tag":[],"class_list":{"0":"post-11953","1":"product","2":"type-product","3":"status-publish","4":"has-post-thumbnail","6":"product_cat-akcesoria-misceo","7":"product_cat-waz","9":"first","10":"instock","11":"shipping-taxable","12":"purchasable","13":"product-type-simple"},"acf":[],"_links":{"self":[{"href":"https:\/\/hamma-uwt.de\/pl\/wp-json\/wp\/v2\/product\/11953","targetHints":{"allow":["GET"]}}],"collection":[{"href":"https:\/\/hamma-uwt.de\/pl\/wp-json\/wp\/v2\/product"}],"about":[{"href":"https:\/\/hamma-uwt.de\/pl\/wp-json\/wp\/v2\/types\/product"}],"replies":[{"embeddable":true,"href":"https:\/\/hamma-uwt.de\/pl\/wp-json\/wp\/v2\/comments?post=11953"}],"wp:featuredmedia":[{"embeddable":true,"href":"https:\/\/hamma-uwt.de\/pl\/wp-json\/wp\/v2\/media\/2045"}],"wp:attachment":[{"href":"https:\/\/hamma-uwt.de\/pl\/wp-json\/wp\/v2\/media?parent=11953"}],"wp:term":[{"taxonomy":"product_brand","embeddable":true,"href":"https:\/\/hamma-uwt.de\/pl\/wp-json\/wp\/v2\/product_brand?post=11953"},{"taxonomy":"product_cat","embeddable":true,"href":"https:\/\/hamma-uwt.de\/pl\/wp-json\/wp\/v2\/product_cat?post=11953"},{"taxonomy":"product_tag","embeddable":true,"href":"https:\/\/hamma-uwt.de\/pl\/wp-json\/wp\/v2\/product_tag?post=11953"}],"curies":[{"name":"wp","href":"https:\/\/api.w.org\/{rel}","templated":true}]}}