{"id":12684,"date":"2025-08-13T08:25:50","date_gmt":"2025-08-13T06:25:50","guid":{"rendered":"https:\/\/hamma-uwt.de\/produkt\/specjalnie-powlekany-panel-wentylacyjny\/"},"modified":"2025-08-13T08:25:50","modified_gmt":"2025-08-13T06:25:50","slug":"specjalnie-powlekany-panel-wentylacyjny","status":"publish","type":"product","link":"https:\/\/hamma-uwt.de\/pl\/produkt\/specjalnie-powlekany-panel-wentylacyjny\/","title":{"rendered":"Specjalnie powlekany panel wentylacyjny"},"content":{"rendered":"<p>Specjalna pow\u0142oka zapewniaj\u0105ca wi\u0119ksz\u0105 odporno\u015b\u0107 chemiczn\u0105.<\/p>\n","protected":false},"excerpt":{"rendered":"<p>okr\u0105g\u0142y, \u00d8 132 mm<\/p>\n","protected":false},"featured_media":3442,"comment_status":"closed","ping_status":"closed","template":"","meta":{"_acf_changed":false},"product_brand":[],"product_cat":[756],"product_tag":[],"class_list":{"0":"post-12684","1":"product","2":"type-product","3":"status-publish","4":"has-post-thumbnail","6":"product_cat-mikro-akcesoria","8":"first","9":"instock","10":"shipping-taxable","11":"purchasable","12":"product-type-simple"},"acf":[],"_links":{"self":[{"href":"https:\/\/hamma-uwt.de\/pl\/wp-json\/wp\/v2\/product\/12684","targetHints":{"allow":["GET"]}}],"collection":[{"href":"https:\/\/hamma-uwt.de\/pl\/wp-json\/wp\/v2\/product"}],"about":[{"href":"https:\/\/hamma-uwt.de\/pl\/wp-json\/wp\/v2\/types\/product"}],"replies":[{"embeddable":true,"href":"https:\/\/hamma-uwt.de\/pl\/wp-json\/wp\/v2\/comments?post=12684"}],"wp:featuredmedia":[{"embeddable":true,"href":"https:\/\/hamma-uwt.de\/pl\/wp-json\/wp\/v2\/media\/3442"}],"wp:attachment":[{"href":"https:\/\/hamma-uwt.de\/pl\/wp-json\/wp\/v2\/media?parent=12684"}],"wp:term":[{"taxonomy":"product_brand","embeddable":true,"href":"https:\/\/hamma-uwt.de\/pl\/wp-json\/wp\/v2\/product_brand?post=12684"},{"taxonomy":"product_cat","embeddable":true,"href":"https:\/\/hamma-uwt.de\/pl\/wp-json\/wp\/v2\/product_cat?post=12684"},{"taxonomy":"product_tag","embeddable":true,"href":"https:\/\/hamma-uwt.de\/pl\/wp-json\/wp\/v2\/product_tag?post=12684"}],"curies":[{"name":"wp","href":"https:\/\/api.w.org\/{rel}","templated":true}]}}