{"id":13112,"date":"2025-08-12T14:27:09","date_gmt":"2025-08-12T12:27:09","guid":{"rendered":"https:\/\/hamma-uwt.de\/produkt\/kompaktowa-konsola-pielegnacyjna-plus\/"},"modified":"2026-03-16T15:57:05","modified_gmt":"2026-03-16T14:57:05","slug":"kompaktowa-konsola-pielegnacyjna-plus","status":"publish","type":"product","link":"https:\/\/hamma-uwt.de\/pl\/produkt\/kompaktowa-konsola-pielegnacyjna-plus\/","title":{"rendered":"Kompaktowa konsola piel\u0119gnacyjna plus"},"content":{"rendered":"<p>Konsola piel\u0119gnacyjna Biobalance \u0142\u0105czy w sobie urz\u0105dzenia i zalety MIKRO, RAPID i RUBI. Dzi\u0119ki funkcjonalnej konstrukcji, urz\u0105dzenie do piel\u0119gnacji mo\u017cna szybko i \u0142atwo pod\u0142\u0105czy\u0107 do maszyny. P\u0142yty adaptera sprawiaj\u0105, \u017ce instalacja jest jeszcze \u0142atwiejsza.  <\/p>\n","protected":false},"excerpt":{"rendered":"<p>w tym. RAPID 2.1, RUBI i MIKRO 300<\/p>\n","protected":false},"featured_media":7210,"comment_status":"closed","ping_status":"closed","template":"","meta":{"_acf_changed":false},"product_brand":[],"product_cat":[664],"product_tag":[],"class_list":{"0":"post-13112","1":"product","2":"type-product","3":"status-publish","4":"has-post-thumbnail","6":"product_cat-biobalance","8":"first","9":"instock","10":"shipping-taxable","11":"purchasable","12":"product-type-simple"},"acf":[],"_links":{"self":[{"href":"https:\/\/hamma-uwt.de\/pl\/wp-json\/wp\/v2\/product\/13112","targetHints":{"allow":["GET"]}}],"collection":[{"href":"https:\/\/hamma-uwt.de\/pl\/wp-json\/wp\/v2\/product"}],"about":[{"href":"https:\/\/hamma-uwt.de\/pl\/wp-json\/wp\/v2\/types\/product"}],"replies":[{"embeddable":true,"href":"https:\/\/hamma-uwt.de\/pl\/wp-json\/wp\/v2\/comments?post=13112"}],"wp:featuredmedia":[{"embeddable":true,"href":"https:\/\/hamma-uwt.de\/pl\/wp-json\/wp\/v2\/media\/7210"}],"wp:attachment":[{"href":"https:\/\/hamma-uwt.de\/pl\/wp-json\/wp\/v2\/media?parent=13112"}],"wp:term":[{"taxonomy":"product_brand","embeddable":true,"href":"https:\/\/hamma-uwt.de\/pl\/wp-json\/wp\/v2\/product_brand?post=13112"},{"taxonomy":"product_cat","embeddable":true,"href":"https:\/\/hamma-uwt.de\/pl\/wp-json\/wp\/v2\/product_cat?post=13112"},{"taxonomy":"product_tag","embeddable":true,"href":"https:\/\/hamma-uwt.de\/pl\/wp-json\/wp\/v2\/product_tag?post=13112"}],"curies":[{"name":"wp","href":"https:\/\/api.w.org\/{rel}","templated":true}]}}