{"id":13142,"date":"2025-08-12T14:37:48","date_gmt":"2025-08-12T12:37:48","guid":{"rendered":"https:\/\/hamma-uwt.de\/produkt\/kompaktowa-konsola-do-pielegnacji\/"},"modified":"2026-03-17T16:05:43","modified_gmt":"2026-03-17T15:05:43","slug":"kompaktowa-konsola-do-pielegnacji","status":"publish","type":"product","link":"https:\/\/hamma-uwt.de\/pl\/produkt\/kompaktowa-konsola-do-pielegnacji\/","title":{"rendered":"Kompaktowa konsola do piel\u0119gnacji"},"content":{"rendered":"<p>Konsola konserwacyjna \u0142\u0105czy w sobie urz\u0105dzenia i zalety MIKRO, RAPID i RUBI. Dzi\u0119ki funkcjonalnej konstrukcji konsol\u0119 mo\u017cna szybko i \u0142atwo przymocowa\u0107 do maszyny. P\u0142yty adaptera jeszcze bardziej u\u0142atwiaj\u0105 instalacj\u0119.  <\/p>\n<p>&nbsp;<\/p>\n","protected":false},"excerpt":{"rendered":"<p>w tym. RAPID 2.1 i RUBI<\/p>\n","protected":false},"featured_media":23497,"comment_status":"closed","ping_status":"closed","template":"","meta":{"_acf_changed":false},"product_brand":[],"product_cat":[664],"product_tag":[],"class_list":{"0":"post-13142","1":"product","2":"type-product","3":"status-publish","4":"has-post-thumbnail","6":"product_cat-biobalance","8":"first","9":"instock","10":"shipping-taxable","11":"purchasable","12":"product-type-variable"},"acf":[],"_links":{"self":[{"href":"https:\/\/hamma-uwt.de\/pl\/wp-json\/wp\/v2\/product\/13142","targetHints":{"allow":["GET"]}}],"collection":[{"href":"https:\/\/hamma-uwt.de\/pl\/wp-json\/wp\/v2\/product"}],"about":[{"href":"https:\/\/hamma-uwt.de\/pl\/wp-json\/wp\/v2\/types\/product"}],"replies":[{"embeddable":true,"href":"https:\/\/hamma-uwt.de\/pl\/wp-json\/wp\/v2\/comments?post=13142"}],"wp:featuredmedia":[{"embeddable":true,"href":"https:\/\/hamma-uwt.de\/pl\/wp-json\/wp\/v2\/media\/23497"}],"wp:attachment":[{"href":"https:\/\/hamma-uwt.de\/pl\/wp-json\/wp\/v2\/media?parent=13142"}],"wp:term":[{"taxonomy":"product_brand","embeddable":true,"href":"https:\/\/hamma-uwt.de\/pl\/wp-json\/wp\/v2\/product_brand?post=13142"},{"taxonomy":"product_cat","embeddable":true,"href":"https:\/\/hamma-uwt.de\/pl\/wp-json\/wp\/v2\/product_cat?post=13142"},{"taxonomy":"product_tag","embeddable":true,"href":"https:\/\/hamma-uwt.de\/pl\/wp-json\/wp\/v2\/product_tag?post=13142"}],"curies":[{"name":"wp","href":"https:\/\/api.w.org\/{rel}","templated":true}]}}