{"id":13156,"date":"2025-07-14T12:06:44","date_gmt":"2025-07-14T10:06:44","guid":{"rendered":"https:\/\/hamma-uwt.de\/produkt\/analogowy-refraktometr-reczny\/"},"modified":"2025-07-14T12:06:44","modified_gmt":"2025-07-14T10:06:44","slug":"analogowy-refraktometr-reczny","status":"publish","type":"product","link":"https:\/\/hamma-uwt.de\/pl\/produkt\/analogowy-refraktometr-reczny\/","title":{"rendered":"Analogowy refraktometr r\u0119czny"},"content":{"rendered":"<div class=\"n module-type-text diyfeLiveArea \">\n<p>Dzi\u0119ki analogowemu refraktometrowi mo\u017cna \u0142atwo i wygodnie sprawdzi\u0107 st\u0119\u017cenie \u015brodka ch\u0142odz\u0105co-smaruj\u0105cego. Refraktometr posiada funkcj\u0119 automatycznego wyr\u00f3wnywania temperatury, co zapewnia szybki i niezawodny pomiar. Refraktometru mo\u017cna u\u017cywa\u0107 do pomiaru w zakresie procentowym od 0,0 do 18,0 %.  <\/p>\n<p>Twoje zalety:<\/p>\n<ul>\n<li>Ze zintegrowanym o\u015bwietleniem (LED)<\/li>\n<li>\u0141atwa obs\u0142uga<\/li>\n<li>Automatyczne wyr\u00f3wnywanie temperatury<\/li>\n<li>Zoptymalizowane skalowanie do pomiaru ch\u0142odziwa (0 - 18)<\/li>\n<\/ul>\n<\/div>\n<p>&nbsp;<\/p>\n<p>Lekka konstrukcja dzi\u0119ki nowej technologii pryzmatu<\/p>\n","protected":false},"excerpt":{"rendered":"<p>0 - 18 % (przyrost = 0,1 %)<\/p>\n","protected":false},"featured_media":2479,"comment_status":"closed","ping_status":"closed","template":"","meta":{"_acf_changed":false},"product_brand":[],"product_cat":[936],"product_tag":[],"class_list":{"0":"post-13156","1":"product","2":"type-product","3":"status-publish","4":"has-post-thumbnail","6":"product_cat-akcesoria-do-przypadkow-testowych","8":"first","9":"instock","10":"purchasable","11":"product-type-simple"},"acf":[],"_links":{"self":[{"href":"https:\/\/hamma-uwt.de\/pl\/wp-json\/wp\/v2\/product\/13156","targetHints":{"allow":["GET"]}}],"collection":[{"href":"https:\/\/hamma-uwt.de\/pl\/wp-json\/wp\/v2\/product"}],"about":[{"href":"https:\/\/hamma-uwt.de\/pl\/wp-json\/wp\/v2\/types\/product"}],"replies":[{"embeddable":true,"href":"https:\/\/hamma-uwt.de\/pl\/wp-json\/wp\/v2\/comments?post=13156"}],"wp:featuredmedia":[{"embeddable":true,"href":"https:\/\/hamma-uwt.de\/pl\/wp-json\/wp\/v2\/media\/2479"}],"wp:attachment":[{"href":"https:\/\/hamma-uwt.de\/pl\/wp-json\/wp\/v2\/media?parent=13156"}],"wp:term":[{"taxonomy":"product_brand","embeddable":true,"href":"https:\/\/hamma-uwt.de\/pl\/wp-json\/wp\/v2\/product_brand?post=13156"},{"taxonomy":"product_cat","embeddable":true,"href":"https:\/\/hamma-uwt.de\/pl\/wp-json\/wp\/v2\/product_cat?post=13156"},{"taxonomy":"product_tag","embeddable":true,"href":"https:\/\/hamma-uwt.de\/pl\/wp-json\/wp\/v2\/product_tag?post=13156"}],"curies":[{"name":"wp","href":"https:\/\/api.w.org\/{rel}","templated":true}]}}