{"id":13163,"date":"2025-07-14T12:06:44","date_gmt":"2025-07-14T10:06:44","guid":{"rendered":"https:\/\/hamma-uwt.de\/produkt\/bateria\/"},"modified":"2025-07-14T12:06:44","modified_gmt":"2025-07-14T10:06:44","slug":"bateria","status":"publish","type":"product","link":"https:\/\/hamma-uwt.de\/pl\/produkt\/bateria\/","title":{"rendered":"Bateria"},"content":{"rendered":"<p>Akumulator sprawia, \u017ce Misceo 3 jest jeszcze bardziej elastyczny.<\/p>\n<p>Wysoka wydajno\u015b\u0107 pozwala na prac\u0119 Misceo przez oko\u0142o 8 godzin bez konieczno\u015bci pod\u0142\u0105czania go do zasilania sieciowego, a czytelny wy\u015bwietlacz stale informuje o poziomie na\u0142adowania baterii. Bateria mo\u017ce by\u0107 w\u0142\u0105czana i wy\u0142\u0105czana w dowolnym momencie za pomoc\u0105 przycisku on\/off i mo\u017ce by\u0107 zamontowana bezpo\u015brednio na Misceo lub umieszczona na b\u0119bnie za Misceo. Dzi\u0119ki jednolitemu wygl\u0105dowi, Misceo i bateria tworz\u0105 pot\u0119\u017cn\u0105 jednostk\u0119.  <\/p>\n<p>Akumulator mo\u017ce r\u00f3wnie\u017c s\u0142u\u017cy\u0107 jako pot\u0119\u017cny magazyn energii dla innych urz\u0105dze\u0144 24 V DC.<\/p>\n","protected":false},"excerpt":{"rendered":"<p>Akumulator do miksera Misceo<\/p>\n","protected":false},"featured_media":1031,"comment_status":"closed","ping_status":"closed","template":"","meta":{"_acf_changed":false},"product_brand":[],"product_cat":[674],"product_tag":[],"class_list":{"0":"post-13163","1":"product","2":"type-product","3":"status-publish","4":"has-post-thumbnail","6":"product_cat-mikser-misceo","8":"first","9":"instock","10":"purchasable","11":"product-type-simple"},"acf":[],"_links":{"self":[{"href":"https:\/\/hamma-uwt.de\/pl\/wp-json\/wp\/v2\/product\/13163","targetHints":{"allow":["GET"]}}],"collection":[{"href":"https:\/\/hamma-uwt.de\/pl\/wp-json\/wp\/v2\/product"}],"about":[{"href":"https:\/\/hamma-uwt.de\/pl\/wp-json\/wp\/v2\/types\/product"}],"replies":[{"embeddable":true,"href":"https:\/\/hamma-uwt.de\/pl\/wp-json\/wp\/v2\/comments?post=13163"}],"wp:featuredmedia":[{"embeddable":true,"href":"https:\/\/hamma-uwt.de\/pl\/wp-json\/wp\/v2\/media\/1031"}],"wp:attachment":[{"href":"https:\/\/hamma-uwt.de\/pl\/wp-json\/wp\/v2\/media?parent=13163"}],"wp:term":[{"taxonomy":"product_brand","embeddable":true,"href":"https:\/\/hamma-uwt.de\/pl\/wp-json\/wp\/v2\/product_brand?post=13163"},{"taxonomy":"product_cat","embeddable":true,"href":"https:\/\/hamma-uwt.de\/pl\/wp-json\/wp\/v2\/product_cat?post=13163"},{"taxonomy":"product_tag","embeddable":true,"href":"https:\/\/hamma-uwt.de\/pl\/wp-json\/wp\/v2\/product_tag?post=13163"}],"curies":[{"name":"wp","href":"https:\/\/api.w.org\/{rel}","templated":true}]}}