{"id":13576,"date":"2025-08-12T14:55:22","date_gmt":"2025-08-12T12:55:22","guid":{"rendered":"https:\/\/hamma-uwt.de\/produkt\/konsola-kompaktowa-plus\/"},"modified":"2025-08-12T14:55:22","modified_gmt":"2025-08-12T12:55:22","slug":"konsola-kompaktowa-plus","status":"publish","type":"product","link":"https:\/\/hamma-uwt.de\/pl\/produkt\/konsola-kompaktowa-plus\/","title":{"rendered":"Konsola kompaktowa plus"},"content":{"rendered":"<p>Konsola Biobalance Compact plus do \u0142atwej instalacji i modernizacji produkt\u00f3w do piel\u0119gnacji.<\/p>\n","protected":false},"excerpt":{"rendered":"<p>do monta\u017cu Rapid 2.1, Rubi i Mikro 200\/300<\/p>\n","protected":false},"featured_media":2032,"comment_status":"closed","ping_status":"closed","template":"","meta":{"_acf_changed":false},"product_brand":[],"product_cat":[1469],"product_tag":[],"class_list":{"0":"post-13576","1":"product","2":"type-product","3":"status-publish","4":"has-post-thumbnail","6":"product_cat-akcesoria-biobalance","8":"first","9":"instock","10":"purchasable","11":"product-type-simple"},"acf":[],"_links":{"self":[{"href":"https:\/\/hamma-uwt.de\/pl\/wp-json\/wp\/v2\/product\/13576","targetHints":{"allow":["GET"]}}],"collection":[{"href":"https:\/\/hamma-uwt.de\/pl\/wp-json\/wp\/v2\/product"}],"about":[{"href":"https:\/\/hamma-uwt.de\/pl\/wp-json\/wp\/v2\/types\/product"}],"replies":[{"embeddable":true,"href":"https:\/\/hamma-uwt.de\/pl\/wp-json\/wp\/v2\/comments?post=13576"}],"wp:featuredmedia":[{"embeddable":true,"href":"https:\/\/hamma-uwt.de\/pl\/wp-json\/wp\/v2\/media\/2032"}],"wp:attachment":[{"href":"https:\/\/hamma-uwt.de\/pl\/wp-json\/wp\/v2\/media?parent=13576"}],"wp:term":[{"taxonomy":"product_brand","embeddable":true,"href":"https:\/\/hamma-uwt.de\/pl\/wp-json\/wp\/v2\/product_brand?post=13576"},{"taxonomy":"product_cat","embeddable":true,"href":"https:\/\/hamma-uwt.de\/pl\/wp-json\/wp\/v2\/product_cat?post=13576"},{"taxonomy":"product_tag","embeddable":true,"href":"https:\/\/hamma-uwt.de\/pl\/wp-json\/wp\/v2\/product_tag?post=13576"}],"curies":[{"name":"wp","href":"https:\/\/api.w.org\/{rel}","templated":true}]}}