{"id":13597,"date":"2025-07-14T12:06:44","date_gmt":"2025-07-14T10:06:44","guid":{"rendered":"https:\/\/hamma-uwt.de\/produkt\/zestaw-monitorowania-poziomu\/"},"modified":"2025-07-14T12:06:44","modified_gmt":"2025-07-14T10:06:44","slug":"zestaw-monitorowania-poziomu","status":"publish","type":"product","link":"https:\/\/hamma-uwt.de\/pl\/produkt\/zestaw-monitorowania-poziomu\/","title":{"rendered":"Zestaw monitorowania poziomu"},"content":{"rendered":"<p>Monitor poziomu nape\u0142nienia F\u00dc-1 to w pe\u0142ni elektronicznie sterowany system monitorowania do sterowania automatycznym nape\u0142nianiem pojemnika. System monitorowania wykorzystuje czujniki do rozpoznawania poziomu nape\u0142nienia pojemnika i w razie potrzeby otwiera i zamyka zaw\u00f3r. Wysokiej jako\u015bci komponenty (np. wy\u0142\u0105cznik awaryjny zgodny z WHG) umo\u017cliwiaj\u0105 bezpieczne, niezawodne i automatyczne nape\u0142nianie.  <\/p>\n<p>Dzi\u0119ki gotowemu do pod\u0142\u0105czenia zestawowi mo\u017cna szybko, \u0142atwo i niezawodnie automatycznie nape\u0142ni\u0107 maszyn\u0119 w po\u0142\u0105czeniu z MISCEO 3.<\/p>\n<p>Twoje zalety:<\/p>\n<ul>\n<li>Automatyczne nape\u0142nianie maszyn<\/li>\n<li>Niezawodna produkcja<\/li>\n<li>Gotowe do pod\u0142\u0105czenia kompletne rozwi\u0105zanie (prosta instalacja)<\/li>\n<li>Zatrzymanie awaryjne zgodnie z WHG<\/li>\n<li>Jednolita temperatura ch\u0142odziwa \/ Stabilne st\u0119\u017cenie ch\u0142odziwa<\/li>\n<\/ul>\n","protected":false},"excerpt":{"rendered":"<p>Monitor poziomu F\u00dc-1-24D kompletny zestaw<\/p>\n","protected":false},"featured_media":3786,"comment_status":"closed","ping_status":"closed","template":"","meta":{"_acf_changed":false},"product_brand":[],"product_cat":[1719],"product_tag":[],"class_list":{"0":"post-13597","1":"product","2":"type-product","3":"status-publish","4":"has-post-thumbnail","6":"product_cat-monitorowanie-poziomu-napelnienia","8":"first","9":"instock","10":"purchasable","11":"product-type-simple"},"acf":[],"_links":{"self":[{"href":"https:\/\/hamma-uwt.de\/pl\/wp-json\/wp\/v2\/product\/13597","targetHints":{"allow":["GET"]}}],"collection":[{"href":"https:\/\/hamma-uwt.de\/pl\/wp-json\/wp\/v2\/product"}],"about":[{"href":"https:\/\/hamma-uwt.de\/pl\/wp-json\/wp\/v2\/types\/product"}],"replies":[{"embeddable":true,"href":"https:\/\/hamma-uwt.de\/pl\/wp-json\/wp\/v2\/comments?post=13597"}],"wp:featuredmedia":[{"embeddable":true,"href":"https:\/\/hamma-uwt.de\/pl\/wp-json\/wp\/v2\/media\/3786"}],"wp:attachment":[{"href":"https:\/\/hamma-uwt.de\/pl\/wp-json\/wp\/v2\/media?parent=13597"}],"wp:term":[{"taxonomy":"product_brand","embeddable":true,"href":"https:\/\/hamma-uwt.de\/pl\/wp-json\/wp\/v2\/product_brand?post=13597"},{"taxonomy":"product_cat","embeddable":true,"href":"https:\/\/hamma-uwt.de\/pl\/wp-json\/wp\/v2\/product_cat?post=13597"},{"taxonomy":"product_tag","embeddable":true,"href":"https:\/\/hamma-uwt.de\/pl\/wp-json\/wp\/v2\/product_tag?post=13597"}],"curies":[{"name":"wp","href":"https:\/\/api.w.org\/{rel}","templated":true}]}}