{"id":14558,"date":"2025-07-14T12:06:49","date_gmt":"2025-07-14T10:06:49","guid":{"rendered":"https:\/\/hamma-uwt.de\/produkt\/zestaw-modernizacyjny-e-drive-do-wozkow-bebnowych\/"},"modified":"2025-07-14T12:06:49","modified_gmt":"2025-07-14T10:06:49","slug":"zestaw-modernizacyjny-e-drive-do-wozkow-bebnowych","status":"publish","type":"product","link":"https:\/\/hamma-uwt.de\/pl\/produkt\/zestaw-modernizacyjny-e-drive-do-wozkow-bebnowych\/","title":{"rendered":"Zestaw modernizacyjny E-Drive do w\u00f3zk\u00f3w b\u0119bnowych"},"content":{"rendered":"<p>Zestaw modernizacyjny zawiera wszystkie cz\u0119\u015bci wymagane do modernizacji w\u00f3zka b\u0119bnowego HAMMA z nap\u0119dem E-Drive.<br \/>\nPodczas sk\u0142adania zapytania nale\u017cy poda\u0107 dane produktu w\u00f3zka b\u0119bnowego, patrz naklejka produktu.<\/p>\n","protected":false},"excerpt":{"rendered":"<p>dla w\u00f3zk\u00f3w b\u0119bnowych<\/p>\n","protected":false},"featured_media":873,"comment_status":"closed","ping_status":"closed","template":"","meta":{"_acf_changed":false},"product_brand":[],"product_cat":[793],"product_tag":[],"class_list":{"0":"post-14558","1":"product","2":"type-product","3":"status-publish","4":"has-post-thumbnail","6":"product_cat-akcesoria-do-wozkow-beczkowych","8":"first","9":"instock","10":"purchasable","11":"product-type-simple"},"acf":[],"_links":{"self":[{"href":"https:\/\/hamma-uwt.de\/pl\/wp-json\/wp\/v2\/product\/14558","targetHints":{"allow":["GET"]}}],"collection":[{"href":"https:\/\/hamma-uwt.de\/pl\/wp-json\/wp\/v2\/product"}],"about":[{"href":"https:\/\/hamma-uwt.de\/pl\/wp-json\/wp\/v2\/types\/product"}],"replies":[{"embeddable":true,"href":"https:\/\/hamma-uwt.de\/pl\/wp-json\/wp\/v2\/comments?post=14558"}],"wp:featuredmedia":[{"embeddable":true,"href":"https:\/\/hamma-uwt.de\/pl\/wp-json\/wp\/v2\/media\/873"}],"wp:attachment":[{"href":"https:\/\/hamma-uwt.de\/pl\/wp-json\/wp\/v2\/media?parent=14558"}],"wp:term":[{"taxonomy":"product_brand","embeddable":true,"href":"https:\/\/hamma-uwt.de\/pl\/wp-json\/wp\/v2\/product_brand?post=14558"},{"taxonomy":"product_cat","embeddable":true,"href":"https:\/\/hamma-uwt.de\/pl\/wp-json\/wp\/v2\/product_cat?post=14558"},{"taxonomy":"product_tag","embeddable":true,"href":"https:\/\/hamma-uwt.de\/pl\/wp-json\/wp\/v2\/product_tag?post=14558"}],"curies":[{"name":"wp","href":"https:\/\/api.w.org\/{rel}","templated":true}]}}