{"id":14717,"date":"2025-07-14T12:06:53","date_gmt":"2025-07-14T10:06:53","guid":{"rendered":"https:\/\/hamma-uwt.de\/produkt\/plan-konserwacji-kss\/"},"modified":"2025-07-14T12:06:53","modified_gmt":"2025-07-14T10:06:53","slug":"plan-konserwacji-kss","status":"publish","type":"product","link":"https:\/\/hamma-uwt.de\/pl\/produkt\/plan-konserwacji-kss\/","title":{"rendered":"Plan konserwacji KSS"},"content":{"rendered":"<p>Formularz 50x: Plan konserwacji \u015brodka ch\u0142odz\u0105co-smaruj\u0105cego<\/p>\n","protected":false},"excerpt":{"rendered":"<p>(2 podk\u0142adki DIN A4 po 25 arkuszy ka\u017cda)<\/p>\n","protected":false},"featured_media":910,"comment_status":"closed","ping_status":"closed","template":"","meta":{"_acf_changed":false},"product_brand":[],"product_cat":[936],"product_tag":[],"class_list":{"0":"post-14717","1":"product","2":"type-product","3":"status-publish","4":"has-post-thumbnail","6":"product_cat-akcesoria-do-przypadkow-testowych","8":"first","9":"instock","10":"purchasable","11":"product-type-simple"},"acf":[],"_links":{"self":[{"href":"https:\/\/hamma-uwt.de\/pl\/wp-json\/wp\/v2\/product\/14717","targetHints":{"allow":["GET"]}}],"collection":[{"href":"https:\/\/hamma-uwt.de\/pl\/wp-json\/wp\/v2\/product"}],"about":[{"href":"https:\/\/hamma-uwt.de\/pl\/wp-json\/wp\/v2\/types\/product"}],"replies":[{"embeddable":true,"href":"https:\/\/hamma-uwt.de\/pl\/wp-json\/wp\/v2\/comments?post=14717"}],"wp:featuredmedia":[{"embeddable":true,"href":"https:\/\/hamma-uwt.de\/pl\/wp-json\/wp\/v2\/media\/910"}],"wp:attachment":[{"href":"https:\/\/hamma-uwt.de\/pl\/wp-json\/wp\/v2\/media?parent=14717"}],"wp:term":[{"taxonomy":"product_brand","embeddable":true,"href":"https:\/\/hamma-uwt.de\/pl\/wp-json\/wp\/v2\/product_brand?post=14717"},{"taxonomy":"product_cat","embeddable":true,"href":"https:\/\/hamma-uwt.de\/pl\/wp-json\/wp\/v2\/product_cat?post=14717"},{"taxonomy":"product_tag","embeddable":true,"href":"https:\/\/hamma-uwt.de\/pl\/wp-json\/wp\/v2\/product_tag?post=14717"}],"curies":[{"name":"wp","href":"https:\/\/api.w.org\/{rel}","templated":true}]}}