{"id":14735,"date":"2025-08-11T13:43:37","date_gmt":"2025-08-11T11:43:37","guid":{"rendered":"https:\/\/hamma-uwt.de\/produkt\/waz-doplywu-wody\/"},"modified":"2025-08-11T13:43:37","modified_gmt":"2025-08-11T11:43:37","slug":"waz-doplywu-wody","status":"publish","type":"product","link":"https:\/\/hamma-uwt.de\/pl\/produkt\/waz-doplywu-wody\/","title":{"rendered":"W\u0105\u017c dop\u0142ywu wody"},"content":{"rendered":"<p>W\u0105\u017c doprowadzaj\u0105cy wod\u0119 2 m do Misceo 3, z przy\u0142\u0105czem kranowym 3\/4&#8243; i (gwint wewn\u0119trzny). <\/p>\n","protected":false},"excerpt":{"rendered":"<p>w tym. Pod\u0142\u0105czenie kranu, akcesoria MISCEO 3<\/p>\n","protected":false},"featured_media":2530,"comment_status":"closed","ping_status":"closed","template":"","meta":{"_acf_changed":false},"product_brand":[],"product_cat":[711,677],"product_tag":[],"class_list":{"0":"post-14735","1":"product","2":"type-product","3":"status-publish","4":"has-post-thumbnail","6":"product_cat-akcesoria-misceo","7":"product_cat-waz","9":"first","10":"instock","11":"shipping-taxable","12":"purchasable","13":"product-type-simple"},"acf":[],"_links":{"self":[{"href":"https:\/\/hamma-uwt.de\/pl\/wp-json\/wp\/v2\/product\/14735","targetHints":{"allow":["GET"]}}],"collection":[{"href":"https:\/\/hamma-uwt.de\/pl\/wp-json\/wp\/v2\/product"}],"about":[{"href":"https:\/\/hamma-uwt.de\/pl\/wp-json\/wp\/v2\/types\/product"}],"replies":[{"embeddable":true,"href":"https:\/\/hamma-uwt.de\/pl\/wp-json\/wp\/v2\/comments?post=14735"}],"wp:featuredmedia":[{"embeddable":true,"href":"https:\/\/hamma-uwt.de\/pl\/wp-json\/wp\/v2\/media\/2530"}],"wp:attachment":[{"href":"https:\/\/hamma-uwt.de\/pl\/wp-json\/wp\/v2\/media?parent=14735"}],"wp:term":[{"taxonomy":"product_brand","embeddable":true,"href":"https:\/\/hamma-uwt.de\/pl\/wp-json\/wp\/v2\/product_brand?post=14735"},{"taxonomy":"product_cat","embeddable":true,"href":"https:\/\/hamma-uwt.de\/pl\/wp-json\/wp\/v2\/product_cat?post=14735"},{"taxonomy":"product_tag","embeddable":true,"href":"https:\/\/hamma-uwt.de\/pl\/wp-json\/wp\/v2\/product_tag?post=14735"}],"curies":[{"name":"wp","href":"https:\/\/api.w.org\/{rel}","templated":true}]}}