{"id":14739,"date":"2025-08-11T13:50:58","date_gmt":"2025-08-11T11:50:58","guid":{"rendered":"https:\/\/hamma-uwt.de\/produkt\/mieszanka-weza-wylotowego\/"},"modified":"2025-08-11T13:50:58","modified_gmt":"2025-08-11T11:50:58","slug":"mieszanka-weza-wylotowego","status":"publish","type":"product","link":"https:\/\/hamma-uwt.de\/pl\/produkt\/mieszanka-weza-wylotowego\/","title":{"rendered":"Mieszanka w\u0119\u017ca wylotowego"},"content":{"rendered":"<p>Mieszanka w\u0119\u017cy wylotowych do Misceo 3, w komplecie z szybkoz\u0142\u0105czk\u0105. <\/p>\n","protected":false},"excerpt":{"rendered":"<p>w tym. Szybkoz\u0142\u0105cze, akcesorium MISCEO 3<\/p>\n","protected":false},"featured_media":2527,"comment_status":"closed","ping_status":"closed","template":"","meta":{"_acf_changed":false},"product_brand":[],"product_cat":[711,677],"product_tag":[],"class_list":{"0":"post-14739","1":"product","2":"type-product","3":"status-publish","4":"has-post-thumbnail","6":"product_cat-akcesoria-misceo","7":"product_cat-waz","9":"first","10":"instock","11":"shipping-taxable","12":"purchasable","13":"product-type-simple"},"acf":[],"_links":{"self":[{"href":"https:\/\/hamma-uwt.de\/pl\/wp-json\/wp\/v2\/product\/14739","targetHints":{"allow":["GET"]}}],"collection":[{"href":"https:\/\/hamma-uwt.de\/pl\/wp-json\/wp\/v2\/product"}],"about":[{"href":"https:\/\/hamma-uwt.de\/pl\/wp-json\/wp\/v2\/types\/product"}],"replies":[{"embeddable":true,"href":"https:\/\/hamma-uwt.de\/pl\/wp-json\/wp\/v2\/comments?post=14739"}],"wp:featuredmedia":[{"embeddable":true,"href":"https:\/\/hamma-uwt.de\/pl\/wp-json\/wp\/v2\/media\/2527"}],"wp:attachment":[{"href":"https:\/\/hamma-uwt.de\/pl\/wp-json\/wp\/v2\/media?parent=14739"}],"wp:term":[{"taxonomy":"product_brand","embeddable":true,"href":"https:\/\/hamma-uwt.de\/pl\/wp-json\/wp\/v2\/product_brand?post=14739"},{"taxonomy":"product_cat","embeddable":true,"href":"https:\/\/hamma-uwt.de\/pl\/wp-json\/wp\/v2\/product_cat?post=14739"},{"taxonomy":"product_tag","embeddable":true,"href":"https:\/\/hamma-uwt.de\/pl\/wp-json\/wp\/v2\/product_tag?post=14739"}],"curies":[{"name":"wp","href":"https:\/\/api.w.org\/{rel}","templated":true}]}}