{"id":14854,"date":"2025-08-12T15:46:27","date_gmt":"2025-08-12T13:46:27","guid":{"rendered":"https:\/\/hamma-uwt.de\/produkt\/mikro-200\/"},"modified":"2026-03-12T11:52:18","modified_gmt":"2026-03-12T10:52:18","slug":"mikro-200","status":"publish","type":"product","link":"https:\/\/hamma-uwt.de\/pl\/produkt\/mikro-200\/","title":{"rendered":"MIKRO 200"},"content":{"rendered":"<p>Mikro 200 napowietrza zbiorniki o pojemno\u015bci do 300 litr\u00f3w.<\/p>\n<p>Mikro aerator zapewnia najwy\u017cszej jako\u015bci smar ch\u0142odz\u0105cy poprzez wprowadzenie tlenu atmosferycznego. Dzi\u0119ki prostej instalacji i obs\u0142udze Mikro mo\u017cna szybko dostosowa\u0107 do wymaga\u0144 \u015brodka ch\u0142odz\u0105co-smaruj\u0105cego. Mikro mo\u017ce by\u0107 sterowany zgodnie z wymaganiami za pomoc\u0105 timera. Dzi\u0119ki p\u0142ytkom napowietrzaj\u0105cym najdrobniejsze, zdefiniowane p\u0119cherzyki powietrza unosz\u0105 si\u0119 w smarze ch\u0142odz\u0105cym z okre\u015blon\u0105 pr\u0119dko\u015bci\u0105. Pozwala to na ponowne wch\u0142oni\u0119cie zu\u017cytego tlenu przez ch\u0142odziwo, przywracaj\u0105c r\u00f3wnowag\u0119 biologiczn\u0105.    <\/p>\n<p>Twoje zalety :<\/p>\n<ul>\n<li>Stabilna r\u00f3wnowaga biologiczna<\/li>\n<li>Bardzo wydajny \u015brodek ch\u0142odz\u0105co-smaruj\u0105cy<\/li>\n<li>Najwy\u017csze parametry ci\u0119cia<\/li>\n<li>D\u0142uga \u017cywotno\u015b\u0107 narz\u0119dzi i maszyn<\/li>\n<li>Wysoka higiena sk\u00f3ry<\/li>\n<\/ul>\n<p>&nbsp;<\/p>\n<p>Aby uzupe\u0142ni\u0107 konserwacj\u0119, po\u0142\u0105cz mikro aerator z odpieniaczem oleju Rapid, aby uzyska\u0107 niezmiennie czysty i biostabilny \u015brodek ch\u0142odz\u0105co-smaruj\u0105cy o optymalnych w\u0142a\u015bciwo\u015bciach produkcyjnych.<\/p>\n","protected":false},"excerpt":{"rendered":"<p>w tym. Jednostka wentylacyjna z 1 panelem wentylacyjnym<\/p>\n","protected":false},"featured_media":14855,"comment_status":"closed","ping_status":"closed","template":"","meta":{"_acf_changed":false},"product_brand":[],"product_cat":[1218],"product_tag":[],"class_list":{"0":"post-14854","1":"product","2":"type-product","3":"status-publish","4":"has-post-thumbnail","6":"product_cat-mikro-aerator","8":"first","9":"instock","10":"shipping-taxable","11":"purchasable","12":"product-type-simple"},"acf":[],"_links":{"self":[{"href":"https:\/\/hamma-uwt.de\/pl\/wp-json\/wp\/v2\/product\/14854","targetHints":{"allow":["GET"]}}],"collection":[{"href":"https:\/\/hamma-uwt.de\/pl\/wp-json\/wp\/v2\/product"}],"about":[{"href":"https:\/\/hamma-uwt.de\/pl\/wp-json\/wp\/v2\/types\/product"}],"replies":[{"embeddable":true,"href":"https:\/\/hamma-uwt.de\/pl\/wp-json\/wp\/v2\/comments?post=14854"}],"wp:featuredmedia":[{"embeddable":true,"href":"https:\/\/hamma-uwt.de\/pl\/wp-json\/wp\/v2\/media\/14855"}],"wp:attachment":[{"href":"https:\/\/hamma-uwt.de\/pl\/wp-json\/wp\/v2\/media?parent=14854"}],"wp:term":[{"taxonomy":"product_brand","embeddable":true,"href":"https:\/\/hamma-uwt.de\/pl\/wp-json\/wp\/v2\/product_brand?post=14854"},{"taxonomy":"product_cat","embeddable":true,"href":"https:\/\/hamma-uwt.de\/pl\/wp-json\/wp\/v2\/product_cat?post=14854"},{"taxonomy":"product_tag","embeddable":true,"href":"https:\/\/hamma-uwt.de\/pl\/wp-json\/wp\/v2\/product_tag?post=14854"}],"curies":[{"name":"wp","href":"https:\/\/api.w.org\/{rel}","templated":true}]}}