{"id":14954,"date":"2025-08-13T11:54:59","date_gmt":"2025-08-13T09:54:59","guid":{"rendered":"https:\/\/hamma-uwt.de\/produkt\/rapid-2-1-special\/"},"modified":"2025-08-13T11:54:59","modified_gmt":"2025-08-13T09:54:59","slug":"rapid-2-1-special","status":"publish","type":"product","link":"https:\/\/hamma-uwt.de\/pl\/produkt\/rapid-2-1-special\/","title":{"rendered":"RAPID 2.1 Special"},"content":{"rendered":"<p>Dzi\u0119ki najlepiej sprzedaj\u0105cemu si\u0119 specjalnemu odpieniaczowi ta\u015bmowemu Rapid 2.1 usuwanie oleju trampowego ze smaru ch\u0142odz\u0105cego z maszyn o powierzchni do 2 m\u00b2 jest szybkie i \u0142atwe.<\/p>\n","protected":false},"excerpt":{"rendered":"<p>do gor\u0105cych medi\u00f3w do 70 \u00b0C, z rolk\u0105 ze stali nierdzewnej, powierzchnie do 2 m\u00b2 (bez ta\u015bmy odpieniacza) <\/p>\n","protected":false},"featured_media":4293,"comment_status":"closed","ping_status":"closed","template":"","meta":{"_acf_changed":false},"product_brand":[],"product_cat":[717],"product_tag":[],"class_list":{"0":"post-14954","1":"product","2":"type-product","3":"status-publish","4":"has-post-thumbnail","6":"product_cat-rapid-2-1","8":"first","9":"instock","10":"purchasable","11":"product-type-variable"},"acf":[],"_links":{"self":[{"href":"https:\/\/hamma-uwt.de\/pl\/wp-json\/wp\/v2\/product\/14954","targetHints":{"allow":["GET"]}}],"collection":[{"href":"https:\/\/hamma-uwt.de\/pl\/wp-json\/wp\/v2\/product"}],"about":[{"href":"https:\/\/hamma-uwt.de\/pl\/wp-json\/wp\/v2\/types\/product"}],"replies":[{"embeddable":true,"href":"https:\/\/hamma-uwt.de\/pl\/wp-json\/wp\/v2\/comments?post=14954"}],"wp:featuredmedia":[{"embeddable":true,"href":"https:\/\/hamma-uwt.de\/pl\/wp-json\/wp\/v2\/media\/4293"}],"wp:attachment":[{"href":"https:\/\/hamma-uwt.de\/pl\/wp-json\/wp\/v2\/media?parent=14954"}],"wp:term":[{"taxonomy":"product_brand","embeddable":true,"href":"https:\/\/hamma-uwt.de\/pl\/wp-json\/wp\/v2\/product_brand?post=14954"},{"taxonomy":"product_cat","embeddable":true,"href":"https:\/\/hamma-uwt.de\/pl\/wp-json\/wp\/v2\/product_cat?post=14954"},{"taxonomy":"product_tag","embeddable":true,"href":"https:\/\/hamma-uwt.de\/pl\/wp-json\/wp\/v2\/product_tag?post=14954"}],"curies":[{"name":"wp","href":"https:\/\/api.w.org\/{rel}","templated":true}]}}