{"id":15022,"date":"2025-08-13T10:10:03","date_gmt":"2025-08-13T08:10:03","guid":{"rendered":"https:\/\/hamma-uwt.de\/produkt\/rapid-1-1-special\/"},"modified":"2025-08-13T10:10:03","modified_gmt":"2025-08-13T08:10:03","slug":"rapid-1-1-special","status":"publish","type":"product","link":"https:\/\/hamma-uwt.de\/pl\/produkt\/rapid-1-1-special\/","title":{"rendered":"RAPID 1.1 Special"},"content":{"rendered":"<p>Specjalny skimmer ta\u015bmowy Rapid 1.1 umo\u017cliwia szybkie i \u0142atwe usuwanie oleju trampowego w p\u0142ynie ch\u0142odz\u0105co-smaruj\u0105cym z maszyn o powierzchni do 6 m\u00b2.<\/p>\n<p>Wiele innych wariant\u00f3w dost\u0119pnych na \u017cyczenie.<\/p>\n","protected":false},"excerpt":{"rendered":"<p>do gor\u0105cych medi\u00f3w o temperaturze do 70 \u00b0C, z rolk\u0105 ze stali nierdzewnej, powierzchnie do 6 m\u00b2 (bez ta\u015bmy odpieniacza) <\/p>\n","protected":false},"featured_media":4338,"comment_status":"closed","ping_status":"closed","template":"","meta":{"_acf_changed":false},"product_brand":[],"product_cat":[2041],"product_tag":[],"class_list":{"0":"post-15022","1":"product","2":"type-product","3":"status-publish","4":"has-post-thumbnail","6":"product_cat-rapid-1-1","8":"first","9":"instock","10":"purchasable","11":"product-type-variable"},"acf":[],"_links":{"self":[{"href":"https:\/\/hamma-uwt.de\/pl\/wp-json\/wp\/v2\/product\/15022","targetHints":{"allow":["GET"]}}],"collection":[{"href":"https:\/\/hamma-uwt.de\/pl\/wp-json\/wp\/v2\/product"}],"about":[{"href":"https:\/\/hamma-uwt.de\/pl\/wp-json\/wp\/v2\/types\/product"}],"replies":[{"embeddable":true,"href":"https:\/\/hamma-uwt.de\/pl\/wp-json\/wp\/v2\/comments?post=15022"}],"wp:featuredmedia":[{"embeddable":true,"href":"https:\/\/hamma-uwt.de\/pl\/wp-json\/wp\/v2\/media\/4338"}],"wp:attachment":[{"href":"https:\/\/hamma-uwt.de\/pl\/wp-json\/wp\/v2\/media?parent=15022"}],"wp:term":[{"taxonomy":"product_brand","embeddable":true,"href":"https:\/\/hamma-uwt.de\/pl\/wp-json\/wp\/v2\/product_brand?post=15022"},{"taxonomy":"product_cat","embeddable":true,"href":"https:\/\/hamma-uwt.de\/pl\/wp-json\/wp\/v2\/product_cat?post=15022"},{"taxonomy":"product_tag","embeddable":true,"href":"https:\/\/hamma-uwt.de\/pl\/wp-json\/wp\/v2\/product_tag?post=15022"}],"curies":[{"name":"wp","href":"https:\/\/api.w.org\/{rel}","templated":true}]}}