{"id":15365,"date":"2025-08-13T15:11:24","date_gmt":"2025-08-13T13:11:24","guid":{"rendered":"https:\/\/hamma-uwt.de\/produkt\/skimmer-tape-1-1-special\/"},"modified":"2025-08-13T15:11:24","modified_gmt":"2025-08-13T13:11:24","slug":"skimmer-tape-1-1-special","status":"publish","type":"product","link":"https:\/\/hamma-uwt.de\/pl\/produkt\/skimmer-tape-1-1-special\/","title":{"rendered":"Skimmer tape 1.1 Special"},"content":{"rendered":"<p>Na \u017cyczenie (62,50 \u20ac) mo\u017cna doda\u0107 ta\u015bm\u0119 o d\u0142ugo\u015bci 500 mm dla g\u0142\u0119boko\u015bci zanurzenia 250 mm.<\/p>\n","protected":false},"excerpt":{"rendered":"<p>do gor\u0105cych medi\u00f3w do 70 \u00b0C, pH 4 - 13, akcesoria RAPID 1.1 Special<\/p>\n","protected":false},"featured_media":3498,"comment_status":"closed","ping_status":"closed","template":"","meta":{"_acf_changed":false},"product_brand":[],"product_cat":[712],"product_tag":[],"class_list":{"0":"post-15365","1":"product","2":"type-product","3":"status-publish","4":"has-post-thumbnail","6":"product_cat-akcesoria-rapid-1-1","8":"first","9":"instock","10":"purchasable","11":"product-type-variable"},"acf":[],"_links":{"self":[{"href":"https:\/\/hamma-uwt.de\/pl\/wp-json\/wp\/v2\/product\/15365","targetHints":{"allow":["GET"]}}],"collection":[{"href":"https:\/\/hamma-uwt.de\/pl\/wp-json\/wp\/v2\/product"}],"about":[{"href":"https:\/\/hamma-uwt.de\/pl\/wp-json\/wp\/v2\/types\/product"}],"replies":[{"embeddable":true,"href":"https:\/\/hamma-uwt.de\/pl\/wp-json\/wp\/v2\/comments?post=15365"}],"wp:featuredmedia":[{"embeddable":true,"href":"https:\/\/hamma-uwt.de\/pl\/wp-json\/wp\/v2\/media\/3498"}],"wp:attachment":[{"href":"https:\/\/hamma-uwt.de\/pl\/wp-json\/wp\/v2\/media?parent=15365"}],"wp:term":[{"taxonomy":"product_brand","embeddable":true,"href":"https:\/\/hamma-uwt.de\/pl\/wp-json\/wp\/v2\/product_brand?post=15365"},{"taxonomy":"product_cat","embeddable":true,"href":"https:\/\/hamma-uwt.de\/pl\/wp-json\/wp\/v2\/product_cat?post=15365"},{"taxonomy":"product_tag","embeddable":true,"href":"https:\/\/hamma-uwt.de\/pl\/wp-json\/wp\/v2\/product_tag?post=15365"}],"curies":[{"name":"wp","href":"https:\/\/api.w.org\/{rel}","templated":true}]}}