{"id":15463,"date":"2025-08-15T08:27:29","date_gmt":"2025-08-15T06:27:29","guid":{"rendered":"https:\/\/hamma-uwt.de\/produkt\/przypadek-testowy-maly\/"},"modified":"2025-08-15T08:27:29","modified_gmt":"2025-08-15T06:27:29","slug":"przypadek-testowy-maly","status":"publish","type":"product","link":"https:\/\/hamma-uwt.de\/pl\/produkt\/przypadek-testowy-maly\/","title":{"rendered":"PRZYPADEK TESTOWY ma\u0142y"},"content":{"rendered":"<p>Zestaw testowy Light jest dostarczany bez refraktometru. Kompaktowy zestaw testowy jest gotowy do pomiaru TRGS-611. <\/p>\n<p>Dzi\u0119ki walizce testowej jeste\u015b idealnie przygotowany do pomiar\u00f3w smaru ch\u0142odz\u0105cego. Dane dotycz\u0105ce \u015brodka ch\u0142odz\u0105co-smaruj\u0105cego wiele m\u00f3wi\u0105 o jego jako\u015bci i wydajno\u015bci. Dzi\u0119ki sta\u0142emu monitorowaniu i prawid\u0142owej obs\u0142udze istnieje ogromny potencja\u0142 wydajno\u015bci i oszcz\u0119dno\u015bci w zakresie \u015brodka ch\u0142odz\u0105co-smaruj\u0105cego. Koszty maszyn i narz\u0119dzi mo\u017cna znacznie obni\u017cy\u0107, tworz\u0105c higieniczne \u015brodowisko i dok\u0142adnie wiedz\u0105c, kiedy konieczna jest wymiana.   <\/p>\n<p>Twoje zalety:<\/p>\n<ul>\n<li>Wytrzyma\u0142y, wysokiej jako\u015bci i kompaktowy<\/li>\n<li>Higieniczne, proste i wydajne<\/li>\n<li>jest zgodny z TRGS 611<\/li>\n<li>Stabilna r\u00f3wnowaga biologiczna<\/li>\n<li>Zwi\u0119ksza wydajno\u015b\u0107 i oszcz\u0119dza pieni\u0105dze<\/li>\n<\/ul>\n","protected":false},"excerpt":{"rendered":"<p>Zestaw testowy Light jest dostarczany bez refraktometru. Kompaktowy zestaw testowy jest gotowy do pomiaru TRGS-611. Dzi\u0119ki walizce testowej jeste\u015b idealnie przygotowany do pomiar\u00f3w smaru ch\u0142odz\u0105cego. Dane dotycz\u0105ce \u015brodka ch\u0142odz\u0105co-smaruj\u0105cego wiele m\u00f3wi\u0105 o jego jako\u015bci i wydajno\u015bci. Dzi\u0119ki sta\u0142emu monitorowaniu i prawid\u0142owej obs\u0142udze istnieje ogromny potencja\u0142 wydajno\u015bci i oszcz\u0119dno\u015bci w zakresie \u015brodka ch\u0142odz\u0105co-smaruj\u0105cego. Koszty maszyn i [&hellip;]<\/p>\n","protected":false},"featured_media":3508,"comment_status":"closed","ping_status":"closed","template":"","meta":{"_acf_changed":false},"product_brand":[],"product_cat":[1673],"product_tag":[],"class_list":{"0":"post-15463","1":"product","2":"type-product","3":"status-publish","4":"has-post-thumbnail","6":"product_cat-przypadek-testowy","8":"first","9":"instock","10":"shipping-taxable","11":"purchasable","12":"product-type-variable","13":"has-default-attributes"},"acf":[],"_links":{"self":[{"href":"https:\/\/hamma-uwt.de\/pl\/wp-json\/wp\/v2\/product\/15463","targetHints":{"allow":["GET"]}}],"collection":[{"href":"https:\/\/hamma-uwt.de\/pl\/wp-json\/wp\/v2\/product"}],"about":[{"href":"https:\/\/hamma-uwt.de\/pl\/wp-json\/wp\/v2\/types\/product"}],"replies":[{"embeddable":true,"href":"https:\/\/hamma-uwt.de\/pl\/wp-json\/wp\/v2\/comments?post=15463"}],"wp:featuredmedia":[{"embeddable":true,"href":"https:\/\/hamma-uwt.de\/pl\/wp-json\/wp\/v2\/media\/3508"}],"wp:attachment":[{"href":"https:\/\/hamma-uwt.de\/pl\/wp-json\/wp\/v2\/media?parent=15463"}],"wp:term":[{"taxonomy":"product_brand","embeddable":true,"href":"https:\/\/hamma-uwt.de\/pl\/wp-json\/wp\/v2\/product_brand?post=15463"},{"taxonomy":"product_cat","embeddable":true,"href":"https:\/\/hamma-uwt.de\/pl\/wp-json\/wp\/v2\/product_cat?post=15463"},{"taxonomy":"product_tag","embeddable":true,"href":"https:\/\/hamma-uwt.de\/pl\/wp-json\/wp\/v2\/product_tag?post=15463"}],"curies":[{"name":"wp","href":"https:\/\/api.w.org\/{rel}","templated":true}]}}