{"id":15548,"date":"2025-08-20T08:21:47","date_gmt":"2025-08-20T06:21:47","guid":{"rendered":"https:\/\/hamma-uwt.de\/produkt\/misceo-exclusive\/"},"modified":"2025-08-20T08:21:47","modified_gmt":"2025-08-20T06:21:47","slug":"misceo-exclusive","status":"publish","type":"product","link":"https:\/\/hamma-uwt.de\/pl\/produkt\/misceo-exclusive\/","title":{"rendered":"Misceo Exclusive"},"content":{"rendered":"<p>Profesjonalne rozwi\u0105zanie do mieszania mieszalnych z wod\u0105 \u015brodk\u00f3w ch\u0142odz\u0105co-smaruj\u0105cych. Unikalna jednostka mieszaj\u0105ca i elektronika z prostym menu zapewniaj\u0105 optymalne wyniki. Oszcz\u0119dno\u015b\u0107 czasu i pieni\u0119dzy.  <\/p>\n<p>Twoje zalety:<\/p>\n<ul>\n<li>doskonale wymieszany<\/li>\n<li>Smar ch\u0142odz\u0105cy<\/li>\n<li>Precyzyjny wynik mieszania<\/li>\n<li>Rozpoznaje puste pojemniki<\/li>\n<li>Elastyczne d\u0142ugo\u015bci w\u0119\u017cy<\/li>\n<li>Automatyczne wy\u0142\u0105czanie<\/li>\n<li>Zamykany<\/li>\n<li>Automatyczne nape\u0142nianie maszyn<\/li>\n<li>Prosta obs\u0142uga<\/li>\n<li>Tankowanie jak na stacji benzynowej<\/li>\n<\/ul>\n<p>Wymagania eksploatacyjne: Separator systemowy zgodny z norm\u0105 DIN EN 1717<\/p>\n","protected":false},"excerpt":{"rendered":"<p>W pe\u0142ni elektronicznie sterowany mikser, idealny do nape\u0142niania pistoletu<\/p>\n","protected":false},"featured_media":3966,"comment_status":"closed","ping_status":"closed","template":"","meta":{"_acf_changed":false},"product_brand":[],"product_cat":[674],"product_tag":[],"class_list":{"0":"post-15548","1":"product","2":"type-product","3":"status-publish","4":"has-post-thumbnail","6":"product_cat-mikser-misceo","8":"first","9":"instock","10":"purchasable","11":"product-type-simple"},"acf":[],"_links":{"self":[{"href":"https:\/\/hamma-uwt.de\/pl\/wp-json\/wp\/v2\/product\/15548","targetHints":{"allow":["GET"]}}],"collection":[{"href":"https:\/\/hamma-uwt.de\/pl\/wp-json\/wp\/v2\/product"}],"about":[{"href":"https:\/\/hamma-uwt.de\/pl\/wp-json\/wp\/v2\/types\/product"}],"replies":[{"embeddable":true,"href":"https:\/\/hamma-uwt.de\/pl\/wp-json\/wp\/v2\/comments?post=15548"}],"wp:featuredmedia":[{"embeddable":true,"href":"https:\/\/hamma-uwt.de\/pl\/wp-json\/wp\/v2\/media\/3966"}],"wp:attachment":[{"href":"https:\/\/hamma-uwt.de\/pl\/wp-json\/wp\/v2\/media?parent=15548"}],"wp:term":[{"taxonomy":"product_brand","embeddable":true,"href":"https:\/\/hamma-uwt.de\/pl\/wp-json\/wp\/v2\/product_brand?post=15548"},{"taxonomy":"product_cat","embeddable":true,"href":"https:\/\/hamma-uwt.de\/pl\/wp-json\/wp\/v2\/product_cat?post=15548"},{"taxonomy":"product_tag","embeddable":true,"href":"https:\/\/hamma-uwt.de\/pl\/wp-json\/wp\/v2\/product_tag?post=15548"}],"curies":[{"name":"wp","href":"https:\/\/api.w.org\/{rel}","templated":true}]}}