{"id":15625,"date":"2025-07-14T12:06:39","date_gmt":"2025-07-14T10:06:39","guid":{"rendered":"https:\/\/hamma-uwt.de\/produkt\/rubi\/"},"modified":"2025-07-14T12:06:39","modified_gmt":"2025-07-14T10:06:39","slug":"rubi","status":"publish","type":"product","link":"https:\/\/hamma-uwt.de\/pl\/produkt\/rubi\/","title":{"rendered":"RUBI"},"content":{"rendered":"<p>Taca ociekowa Rubi na olej trampowy to solidna taca ociekowa o pojemno\u015bci 1,8 litra.<\/p>\n<p>Zintegrowane zabezpieczenie przed przelaniem zapobiega przepe\u0142nieniu pojemnika. Je\u015bli Rubi nie zostanie opr\u00f3\u017cniony, nadmiar jest odprowadzany z powrotem do urz\u0105dzenia za pomoc\u0105 funkcji dekantera. Opr\u00f3\u017cnianie pojemnika Rubi jest bardzo szybkie i \u0142atwe dzi\u0119ki jego pomys\u0142owej konstrukcji. Mo\u017cna go szybko i \u0142atwo przymocowa\u0107 do urz\u0105dzenia - bez wiercenia i \u015brub.   <\/p>\n","protected":false},"excerpt":{"rendered":"<p>Pojemnik do zbierania oleju resztkowego z zabezpieczeniem przed przelaniem, akcesorium do wszystkich odolejaczy RAPID <\/p>\n","protected":false},"featured_media":3430,"comment_status":"closed","ping_status":"closed","template":"","meta":{"_acf_changed":false},"product_brand":[],"product_cat":[2158],"product_tag":[],"class_list":{"0":"post-15625","1":"product","2":"type-product","3":"status-publish","4":"has-post-thumbnail","6":"product_cat-szybki-odpieniacz-oleju","8":"first","9":"instock","10":"purchasable","11":"product-type-simple"},"acf":[],"_links":{"self":[{"href":"https:\/\/hamma-uwt.de\/pl\/wp-json\/wp\/v2\/product\/15625","targetHints":{"allow":["GET"]}}],"collection":[{"href":"https:\/\/hamma-uwt.de\/pl\/wp-json\/wp\/v2\/product"}],"about":[{"href":"https:\/\/hamma-uwt.de\/pl\/wp-json\/wp\/v2\/types\/product"}],"replies":[{"embeddable":true,"href":"https:\/\/hamma-uwt.de\/pl\/wp-json\/wp\/v2\/comments?post=15625"}],"wp:featuredmedia":[{"embeddable":true,"href":"https:\/\/hamma-uwt.de\/pl\/wp-json\/wp\/v2\/media\/3430"}],"wp:attachment":[{"href":"https:\/\/hamma-uwt.de\/pl\/wp-json\/wp\/v2\/media?parent=15625"}],"wp:term":[{"taxonomy":"product_brand","embeddable":true,"href":"https:\/\/hamma-uwt.de\/pl\/wp-json\/wp\/v2\/product_brand?post=15625"},{"taxonomy":"product_cat","embeddable":true,"href":"https:\/\/hamma-uwt.de\/pl\/wp-json\/wp\/v2\/product_cat?post=15625"},{"taxonomy":"product_tag","embeddable":true,"href":"https:\/\/hamma-uwt.de\/pl\/wp-json\/wp\/v2\/product_tag?post=15625"}],"curies":[{"name":"wp","href":"https:\/\/api.w.org\/{rel}","templated":true}]}}